{"id":709513,"date":"2025-08-27T16:26:03","date_gmt":"2025-08-27T13:26:03","guid":{"rendered":"https:\/\/roveyayinevi.com.tr\/index.php\/urun\/kuscubasi-esref\/"},"modified":"2026-04-16T02:18:07","modified_gmt":"2026-04-15T23:18:07","slug":"kuscubasi-esref","status":"publish","type":"product","link":"https:\/\/roveyayinevi.com.tr\/index.php\/urun\/kuscubasi-esref\/","title":{"rendered":"Ku\u015f\u00e7uba\u015f\u0131 E\u015fref"},"content":{"rendered":"<p>E\u015fref Sencer Ku\u015f\u00e7uba\u015f\u0131 ya da nam\u0131 di\u011fer Ku\u015f\u00e7uba\u015f\u0131 E\u015fref\u2026S\u0131k\u0131 bir sava\u015f\u00e7\u0131, iyi bir istihbarat\u00e7\u0131, d\u00fcnya tarihinin gelmi\u015f ge\u00e7mi\u015f en \u00fcnl\u00fc casuslar\u0131ndan&#8230;Ve tarihimizde hep merak edilen bir kurum: Te\u015fkilat-\u0131 Mahsusa\u2026 Osmanl\u0131\u2019n\u0131n son d\u00f6nemleri\u2026 Bir yanda Balkanlarda patlak veren isyanlar, di\u011fer yanda i\u00e7 kar\u0131\u015f\u0131kl\u0131klarla ba\u015f etmeye \u00e7al\u0131\u015fan bir devlet. Bir yanda varolu\u015f m\u00fccadelesi veren Osmanl\u0131 \u0130mparatorlu\u011fu, di\u011fer yanda b\u00fcy\u00fck bir h\u0131zla d\u00fcnya sava\u015f\u0131na do\u011fru s\u00fcr\u00fcklenen \u00fclkeler. B\u00f6yle bir ortamda, g\u00f6z\u00fcn\u00fc budaktan esirgemeyen bir sava\u015f\u00e7\u0131 \u00e7\u0131kar ve tarihin seyrini de\u011fi\u015ftirir. \u0130\u00e7indeki vatan a\u015fk\u0131yla, 20.000 ki\u015filik orduya sadece 40 adam\u0131yla hi\u00e7 \u00e7ekinmeden kafa tutan ve saatlerce sava\u015fan bir asker. \u0130ngilizlerin Ortado\u011fu\u2019daki oyunlar\u0131n\u0131 bozmak i\u00e7in ak\u0131l almaz istihbarat faaliyetleri y\u00fcr\u00fcten bir casus. Arap \u00e7\u00f6llerinde \u00e7ok h\u0131zl\u0131 yer de\u011fi\u015ftirmesiyle bilinen me\u015fhur \u201cu\u00e7an \u015feyh\u201d\u2026 Tarihimizin \u00f6nemli fig\u00fcrlerini gen\u00e7 nesillere anlatan romanlar\u0131yla okurun b\u00fcy\u00fck be\u011fenisini toplayan \u0130smail Bilgin\u2019in kaleminden, hayat\u0131 m\u00fccadelelerle ge\u00e7mi\u015f bir istihbarat\u00e7\u0131n\u0131n benzersiz hayat hik\u00e2yesi\u2026 \u201cDurmadan \u00e7al\u0131\u015ft\u0131m\u2026 Hi\u00e7bir zaman filozof ya da siyaset\u00e7i olmad\u0131m ve bu i\u015ften iyi dostlar, yara izleri, kal\u00e7a k\u0131r\u0131\u011f\u0131, birka\u00e7 madalya ve memleketim i\u00e7in \u00e7ok iyi d\u00f6v\u00fc\u015ft\u00fc\u011f\u00fcm\u00fc bilmenin verdi\u011fi tatmin d\u0131\u015f\u0131nda hi\u00e7bir \u015fey elde etmedim.\u201d <\/p>\n","protected":false},"excerpt":{"rendered":"<p>E\u015fref Sencer Ku\u015f\u00e7uba\u015f\u0131 ya da nam\u0131 di\u011fer Ku\u015f\u00e7uba\u015f\u0131 E\u015fref\u2026S\u0131k\u0131 bir sava\u015f\u00e7\u0131, iyi bir istihbarat\u00e7\u0131, d\u00fcnya tarihinin gelmi\u015f ge\u00e7mi\u015f en \u00fcnl\u00fc casuslar\u0131ndan&#8230;Ve tarihimizde hep merak edilen bir<span class=\"excerpt-hellip\"> [\u2026]<\/span><\/p>\n","protected":false},"featured_media":0,"template":"","meta":{"_monsterinsights_skip_tracking":false,"_monsterinsights_sitenote_active":false,"_monsterinsights_sitenote_note":"","_monsterinsights_sitenote_category":0},"product_brand":[],"product_cat":[12291,12745],"product_tag":[],"class_list":{"0":"post-709513","1":"product","2":"type-product","3":"status-publish","5":"product_cat-edebiyat","6":"product_cat-tarihi-roman","7":"pa_cilt-ciltsiz","8":"pa_tur-kitap","9":"pa_yayinevi-timas-yayinlari","10":"pa_yazar-ismail-bilgin","12":"first","13":"instock","14":"sale","15":"shipping-taxable","16":"purchasable","17":"product-type-simple"},"_links":{"self":[{"href":"https:\/\/roveyayinevi.com.tr\/index.php\/wp-json\/wp\/v2\/product\/709513","targetHints":{"allow":["GET"]}}],"collection":[{"href":"https:\/\/roveyayinevi.com.tr\/index.php\/wp-json\/wp\/v2\/product"}],"about":[{"href":"https:\/\/roveyayinevi.com.tr\/index.php\/wp-json\/wp\/v2\/types\/product"}],"wp:attachment":[{"href":"https:\/\/roveyayinevi.com.tr\/index.php\/wp-json\/wp\/v2\/media?parent=709513"}],"wp:term":[{"taxonomy":"product_brand","embeddable":true,"href":"https:\/\/roveyayinevi.com.tr\/index.php\/wp-json\/wp\/v2\/product_brand?post=709513"},{"taxonomy":"product_cat","embeddable":true,"href":"https:\/\/roveyayinevi.com.tr\/index.php\/wp-json\/wp\/v2\/product_cat?post=709513"},{"taxonomy":"product_tag","embeddable":true,"href":"https:\/\/roveyayinevi.com.tr\/index.php\/wp-json\/wp\/v2\/product_tag?post=709513"}],"curies":[{"name":"wp","href":"https:\/\/api.w.org\/{rel}","templated":true}]}}