{"id":709512,"date":"2025-08-27T16:26:02","date_gmt":"2025-08-27T13:26:02","guid":{"rendered":"https:\/\/roveyayinevi.com.tr\/index.php\/urun\/insanligin-on-cephesi-avrasya\/"},"modified":"2026-04-16T02:18:07","modified_gmt":"2026-04-15T23:18:07","slug":"insanligin-on-cephesi-avrasya","status":"publish","type":"product","link":"https:\/\/roveyayinevi.com.tr\/index.php\/urun\/insanligin-on-cephesi-avrasya\/","title":{"rendered":"\u0130nsanl\u0131\u011f\u0131n \u00d6n Cephesi Avrasya"},"content":{"rendered":"<p>Aleksandr Dugin, SSCB sonras\u0131nda Rusya\u2019n\u0131n uluslararas\u0131 arenada \u00f6nemli siyasi akt\u00f6rlerinden biri olarak \u00f6ne \u00e7\u0131kt\u0131. ABD\u2019nin 1990\u2019lar\u0131n ba\u015f\u0131nda liberalizmin tek tarafl\u0131 zaferini ilan etti\u011fi g\u00fcnlerden bu yana d\u00fcnyan\u0131n \u00e7ok kutuplu bir y\u00f6ne gitmekte oldu\u011funu yazd\u0131.Bug\u00fcn \u201cTarihin Sonu ve Son \u0130nsan\u201d gibi Bat\u0131c\u0131 tezler art\u0131k Bat\u0131l\u0131 ayd\u0131nlar taraf\u0131ndan bile itibar g\u00f6rm\u00fcyor.Herkes d\u00fcnyan\u0131n kalbi Avrasya\u2019daki geli\u015fmeleri \u00e7ok daha dikkatle izliyor, b\u00f6lgedeki b\u00fcy\u00fck kampla\u015fmada yerini al\u0131yor. <\/p>\n","protected":false},"excerpt":{"rendered":"<p>Aleksandr Dugin, SSCB sonras\u0131nda Rusya\u2019n\u0131n uluslararas\u0131 arenada \u00f6nemli siyasi akt\u00f6rlerinden biri olarak \u00f6ne \u00e7\u0131kt\u0131. ABD\u2019nin 1990\u2019lar\u0131n ba\u015f\u0131nda liberalizmin tek tarafl\u0131 zaferini ilan etti\u011fi g\u00fcnlerden bu yana<span class=\"excerpt-hellip\"> [\u2026]<\/span><\/p>\n","protected":false},"featured_media":0,"template":"","meta":{"_monsterinsights_skip_tracking":false,"_monsterinsights_sitenote_active":false,"_monsterinsights_sitenote_note":"","_monsterinsights_sitenote_category":0},"product_brand":[],"product_cat":[13590,12337],"product_tag":[],"class_list":{"0":"post-709512","1":"product","2":"type-product","3":"status-publish","5":"product_cat-arastirma-inceleme-politika-siyaset","6":"product_cat-politika-siyaset","7":"pa_cilt-ciltsiz","8":"pa_tur-kitap","9":"pa_yayinevi-kaynak-yayinlari","10":"pa_yazar-aleksandr-dugin","12":"first","13":"instock","14":"sale","15":"shipping-taxable","16":"purchasable","17":"product-type-simple"},"_links":{"self":[{"href":"https:\/\/roveyayinevi.com.tr\/index.php\/wp-json\/wp\/v2\/product\/709512","targetHints":{"allow":["GET"]}}],"collection":[{"href":"https:\/\/roveyayinevi.com.tr\/index.php\/wp-json\/wp\/v2\/product"}],"about":[{"href":"https:\/\/roveyayinevi.com.tr\/index.php\/wp-json\/wp\/v2\/types\/product"}],"wp:attachment":[{"href":"https:\/\/roveyayinevi.com.tr\/index.php\/wp-json\/wp\/v2\/media?parent=709512"}],"wp:term":[{"taxonomy":"product_brand","embeddable":true,"href":"https:\/\/roveyayinevi.com.tr\/index.php\/wp-json\/wp\/v2\/product_brand?post=709512"},{"taxonomy":"product_cat","embeddable":true,"href":"https:\/\/roveyayinevi.com.tr\/index.php\/wp-json\/wp\/v2\/product_cat?post=709512"},{"taxonomy":"product_tag","embeddable":true,"href":"https:\/\/roveyayinevi.com.tr\/index.php\/wp-json\/wp\/v2\/product_tag?post=709512"}],"curies":[{"name":"wp","href":"https:\/\/api.w.org\/{rel}","templated":true}]}}