{"id":709511,"date":"2025-08-27T16:26:02","date_gmt":"2025-08-27T13:26:02","guid":{"rendered":"https:\/\/roveyayinevi.com.tr\/index.php\/urun\/fetret-notlari\/"},"modified":"2026-04-16T02:18:07","modified_gmt":"2026-04-15T23:18:07","slug":"fetret-notlari","status":"publish","type":"product","link":"https:\/\/roveyayinevi.com.tr\/index.php\/urun\/fetret-notlari\/","title":{"rendered":"Fetret Notlar\u0131"},"content":{"rendered":"<p>\u201cD\u0131\u015f\u0131m\u0131zdaki d\u00fcnya serttir, durmadan y\u00fcz\u00fcm\u00fcze yabanc\u0131l\u0131\u011f\u0131m\u0131z\u0131 \u00e7arpar; bu nedenle, meraklar\u0131m\u0131z\u0131n d\u00fcmen suyunda kendi k\u0131y\u0131m\u0131zdan uzakla\u015fma yolunu tuttu\u011fumuzda bir an \u00f6nce d\u00f6nmek isteriz: D\u00fczenimizi, s\u0131ras\u0131n\u0131 korudu\u011fumuz her\u015feyi, al\u0131\u015fkanl\u0131klar\u0131m\u0131z\u0131n \u0131s\u0131s\u0131n\u0131 arar\u0131z; bizi bir s\u00fcreli\u011fine bo\u015flukta tutan, orada sallayan ge\u00e7icilik stat\u00fcs\u00fcnden kal\u0131c\u0131 halimize \u00e7ok ge\u00e7meden geri gelece\u011fimizi bilmesek erin\u00e7 duygusunu yitirmekten korkard\u0131k san\u0131r\u0131m.\u201d   \u201cBir fetret d\u00f6neminin i\u00e7inden ge\u00e7iyoruz, herkesin duraca\u011f\u0131 yeri se\u00e7mesi gerekiyor, ben se\u00e7imimin do\u011frulu\u011funa inan\u0131yorum\u201d diyen Enis Batur, Fetret Notlar\u0131 &#8211; \u00c7engelli \u0130\u011fneyle\u0130li\u015ftirilmi\u015f \u0130\u00e7b\u00fckeyler kitab\u0131nda sanat ve edebiyata a\u00e7\u0131l\u0131mlar sa\u011fl\u0131yor, bir yandan i\u00e7ine d\u00f6nerken \u00f6te yandan okurunu da pe\u015fis\u0131ra kendi fikir d\u00fcnyas\u0131na s\u00fcr\u00fckl\u00fcyor. <\/p>\n","protected":false},"excerpt":{"rendered":"<p>\u201cD\u0131\u015f\u0131m\u0131zdaki d\u00fcnya serttir, durmadan y\u00fcz\u00fcm\u00fcze yabanc\u0131l\u0131\u011f\u0131m\u0131z\u0131 \u00e7arpar; bu nedenle, meraklar\u0131m\u0131z\u0131n d\u00fcmen suyunda kendi k\u0131y\u0131m\u0131zdan uzakla\u015fma yolunu tuttu\u011fumuzda bir an \u00f6nce d\u00f6nmek isteriz: D\u00fczenimizi, s\u0131ras\u0131n\u0131 korudu\u011fumuz her\u015feyi,<span class=\"excerpt-hellip\"> [\u2026]<\/span><\/p>\n","protected":false},"featured_media":0,"template":"","meta":{"_monsterinsights_skip_tracking":false,"_monsterinsights_sitenote_active":false,"_monsterinsights_sitenote_note":"","_monsterinsights_sitenote_category":0},"product_brand":[],"product_cat":[12777,12291],"product_tag":[],"class_list":{"0":"post-709511","1":"product","2":"type-product","3":"status-publish","5":"product_cat-deneme","6":"product_cat-edebiyat","7":"pa_cilt-ciltsiz","8":"pa_tur-kitap","9":"pa_yayinevi-kirmizi-kedi-yayinevi","10":"pa_yazar-enis-batur","12":"first","13":"instock","14":"sale","15":"shipping-taxable","16":"purchasable","17":"product-type-simple"},"_links":{"self":[{"href":"https:\/\/roveyayinevi.com.tr\/index.php\/wp-json\/wp\/v2\/product\/709511","targetHints":{"allow":["GET"]}}],"collection":[{"href":"https:\/\/roveyayinevi.com.tr\/index.php\/wp-json\/wp\/v2\/product"}],"about":[{"href":"https:\/\/roveyayinevi.com.tr\/index.php\/wp-json\/wp\/v2\/types\/product"}],"wp:attachment":[{"href":"https:\/\/roveyayinevi.com.tr\/index.php\/wp-json\/wp\/v2\/media?parent=709511"}],"wp:term":[{"taxonomy":"product_brand","embeddable":true,"href":"https:\/\/roveyayinevi.com.tr\/index.php\/wp-json\/wp\/v2\/product_brand?post=709511"},{"taxonomy":"product_cat","embeddable":true,"href":"https:\/\/roveyayinevi.com.tr\/index.php\/wp-json\/wp\/v2\/product_cat?post=709511"},{"taxonomy":"product_tag","embeddable":true,"href":"https:\/\/roveyayinevi.com.tr\/index.php\/wp-json\/wp\/v2\/product_tag?post=709511"}],"curies":[{"name":"wp","href":"https:\/\/api.w.org\/{rel}","templated":true}]}}