{"id":709510,"date":"2025-08-27T16:26:01","date_gmt":"2025-08-27T13:26:01","guid":{"rendered":"https:\/\/roveyayinevi.com.tr\/index.php\/urun\/gece-guzelligi\/"},"modified":"2026-04-16T02:18:07","modified_gmt":"2026-04-15T23:18:07","slug":"gece-guzelligi","status":"publish","type":"product","link":"https:\/\/roveyayinevi.com.tr\/index.php\/urun\/gece-guzelligi\/","title":{"rendered":"Gece G\u00fczelli\u011fi"},"content":{"rendered":"<p>Hik\u00e2yeler, onlara\u2026Sevgiden hep alacakl\u0131 \u00e7\u0131kanlar. E\u015fya satarak ge\u00e7inen soylu, h\u00fcz\u00fcnl\u00fc zenginler. Otelleri seven, otellerden hayat \u00e7\u0131karan dullar. Ad\u0131 bile yoksul anlam\u0131na gelen i\u015fsizler. \u00dcveyler, her yerde e\u011freti duran, d\u00fcr\u00fcst, \u00e7ocuk g\u00f6n\u00fcll\u00fc yabanc\u0131lar. Ba\u015fkalar\u0131 ad\u0131na da utanabilenler. Her zaman, az biraz yak\u0131n olanlar ihanete. \u00d6n\u00fcnde biri e\u011filecek diye ayakkab\u0131 boyatmayan, \u0130ETT\u2019den emekli hac\u0131 amcalar. Gazetelerin sadece \u00fc\u00e7\u00fcnc\u00fc sayfalar\u0131nda g\u00f6rd\u00fcklerimiz. \u00d6lece\u011fini \u00f6\u011frenip uzun yolculuklar kuranlar. Misafire kahve ile lik\u00f6r ikram etmekten vazge\u00e7meyenler. Ge\u00e7mi\u015fin pe\u015fine d\u00fc\u015fm\u00fc\u015f dalg\u0131nlar. G\u00fcneydo\u011fu\u2019da sava\u015fm\u0131\u015f, hi\u00e7 tan\u0131mad\u0131\u011f\u0131 birilerini \u00f6ld\u00fcrmek zorunda kalm\u0131\u015f askerler.Hik\u00e2yeler, onlara\u2026Pavyona hi\u00e7 gitmemi\u015f halk \u00e7ocuklar\u0131na. Bir aya\u011f\u0131 fa\u015fizmde, anlam\u0131 kap\u0131 d\u0131\u015far\u0131 etmi\u015f, zar atma delisi olmu\u015f \u201cb\u00fcy\u00fck\u201d \u015fairlere.12 Eyl\u00fcl 1980\u2019in devrimcileri, o g\u00fczel insanlara, hayat\u0131 yak\u0131l\u0131p y\u0131k\u0131lanlara.Hik\u00e2yeler; ipini kendi \u00e7ekenlere, en \u00e7ok da onlara.Belki de hik\u00e2yelerimi hi\u00e7 okumayacak olanlara. <\/p>\n","protected":false},"excerpt":{"rendered":"<p>Hik\u00e2yeler, onlara\u2026Sevgiden hep alacakl\u0131 \u00e7\u0131kanlar. E\u015fya satarak ge\u00e7inen soylu, h\u00fcz\u00fcnl\u00fc zenginler. Otelleri seven, otellerden hayat \u00e7\u0131karan dullar. Ad\u0131 bile yoksul anlam\u0131na gelen i\u015fsizler. \u00dcveyler, her yerde<span class=\"excerpt-hellip\"> [\u2026]<\/span><\/p>\n","protected":false},"featured_media":0,"template":"","meta":{"_monsterinsights_skip_tracking":false,"_monsterinsights_sitenote_active":false,"_monsterinsights_sitenote_note":"","_monsterinsights_sitenote_category":0},"product_brand":[],"product_cat":[12291,12711],"product_tag":[],"class_list":{"0":"post-709510","1":"product","2":"type-product","3":"status-publish","5":"product_cat-edebiyat","6":"product_cat-roman-oyku","7":"pa_cilt-ciltsiz","8":"pa_tur-kitap","9":"pa_yayinevi-kirmizi-kedi-yayinevi","10":"pa_yazar-onur-caymaz","12":"first","13":"instock","14":"sale","15":"shipping-taxable","16":"purchasable","17":"product-type-simple"},"_links":{"self":[{"href":"https:\/\/roveyayinevi.com.tr\/index.php\/wp-json\/wp\/v2\/product\/709510","targetHints":{"allow":["GET"]}}],"collection":[{"href":"https:\/\/roveyayinevi.com.tr\/index.php\/wp-json\/wp\/v2\/product"}],"about":[{"href":"https:\/\/roveyayinevi.com.tr\/index.php\/wp-json\/wp\/v2\/types\/product"}],"wp:attachment":[{"href":"https:\/\/roveyayinevi.com.tr\/index.php\/wp-json\/wp\/v2\/media?parent=709510"}],"wp:term":[{"taxonomy":"product_brand","embeddable":true,"href":"https:\/\/roveyayinevi.com.tr\/index.php\/wp-json\/wp\/v2\/product_brand?post=709510"},{"taxonomy":"product_cat","embeddable":true,"href":"https:\/\/roveyayinevi.com.tr\/index.php\/wp-json\/wp\/v2\/product_cat?post=709510"},{"taxonomy":"product_tag","embeddable":true,"href":"https:\/\/roveyayinevi.com.tr\/index.php\/wp-json\/wp\/v2\/product_tag?post=709510"}],"curies":[{"name":"wp","href":"https:\/\/api.w.org\/{rel}","templated":true}]}}