{"id":709502,"date":"2025-08-27T16:25:57","date_gmt":"2025-08-27T13:25:57","guid":{"rendered":"https:\/\/roveyayinevi.com.tr\/index.php\/urun\/barbarlar-sehri\/"},"modified":"2026-04-16T02:18:07","modified_gmt":"2026-04-15T23:18:07","slug":"barbarlar-sehri","status":"publish","type":"product","link":"https:\/\/roveyayinevi.com.tr\/index.php\/urun\/barbarlar-sehri\/","title":{"rendered":"Barbarlar \u015eehri"},"content":{"rendered":"<p>Sava\u015f bizi \u00f6l\u00fcme terk etti.\u015eehir bizi diri diri yedi.K\u0131rm\u0131z\u0131 M\u00fcttefikler\u2019in New York\u2019a sald\u0131rmalar\u0131n\u0131n \u00fczerinden neredeyse yirmi y\u0131l ge\u00e7mi\u015ftir ve sava\u015f tutsaklar\u0131 kamp\u0131na d\u00f6n\u00fc\u015fen Manhattan, Rolladin ve fuhu\u015f efendileri taraf\u0131ndan demir yumrukla y\u00f6netilmektedir. Skyler Miller\u2019a g\u00f6re Manhattan, onu \u015fehrin s\u0131n\u0131rlar\u0131n\u0131n d\u0131\u015f\u0131ndaki d\u00fcnyadan geri tutan bir kafestir fakat k\u0131z karde\u015fi Phee i\u00e7in Manhattan, bildi\u011fi tek evdir.Sky ve Phee, bir g\u00fcn annelerinin sava\u015f zamanlar\u0131ndan kalan g\u00fcnl\u00fc\u011f\u00fcn\u00fc ke\u015ffedince, annesi ve Manhattan\u2019\u0131n ge\u00e7mi\u015fi hakk\u0131nda bildikleri \u015feylerin g\u00f6r\u00fcnd\u00fc\u011f\u00fc gibi olmad\u0131\u011f\u0131n\u0131 \u00f6\u011frenirler ve s\u0131rlarla \u00e7evrili hayatlar\u0131 ilmik ilmik \u00e7\u00f6z\u00fclmeye ba\u015flar.\u201c\u00c7\u0131k\u0131\u015f roman\u0131nda Kelly, bir\u00e7ok y\u00fcre\u011fi a\u011fza getiren sahneyi ve New York\u2019un post apokaliptik havas\u0131n\u0131 canl\u0131 bir \u015fekilde g\u00f6zler \u00f6n\u00fcne seriyor.\u201d\u2013Publishers Weekly\u201cKelly\u2019nin bu distopik fantezi \u00e7\u0131k\u0131\u015f roman\u0131, A\u00e7l\u0131k Oyunlar\u0131\u2019n\u0131n havas\u0131n\u0131 and\u0131r\u0131yor\u2026Bu s\u00fcr\u00fckleyici ve tempolu \u00f6yk\u00fc okurlar\u0131 kendine ba\u011flayacak.\u201d\u2013Booklist\u201cKelly\u2019nin kalemi dahice ve inan\u0131lmaz. Her iki k\u0131z karde\u015fin g\u00f6z\u00fcnden p\u00fcr\u00fczs\u00fcz, karanl\u0131k ve doyurucu bir hikaye anlat\u0131yor. Bu iki g\u00fc\u00e7l\u00fc kad\u0131n karakter, insan do\u011fas\u0131n\u0131n, kendini koruma i\u00e7g\u00fcd\u00fcs\u00fcn\u00fcn ve aile ba\u011flar\u0131n\u0131n g\u00fcc\u00fcn\u00fc g\u00f6steriyor. Bu roman en e\u015fsiz distopyalardan biri.\u201d-VOYA <\/p>\n","protected":false},"excerpt":{"rendered":"<p>Sava\u015f bizi \u00f6l\u00fcme terk etti.\u015eehir bizi diri diri yedi.K\u0131rm\u0131z\u0131 M\u00fcttefikler\u2019in New York\u2019a sald\u0131rmalar\u0131n\u0131n \u00fczerinden neredeyse yirmi y\u0131l ge\u00e7mi\u015ftir ve sava\u015f tutsaklar\u0131 kamp\u0131na d\u00f6n\u00fc\u015fen Manhattan, Rolladin ve<span class=\"excerpt-hellip\"> [\u2026]<\/span><\/p>\n","protected":false},"featured_media":0,"template":"","meta":{"_monsterinsights_skip_tracking":false,"_monsterinsights_sitenote_active":false,"_monsterinsights_sitenote_note":"","_monsterinsights_sitenote_category":0},"product_brand":[],"product_cat":[12291,12711],"product_tag":[],"class_list":{"0":"post-709502","1":"product","2":"type-product","3":"status-publish","5":"product_cat-edebiyat","6":"product_cat-roman-oyku","7":"pa_cilt-ciltli","8":"pa_tur-kitap","9":"pa_yayinevi-yabanci-yayinevi","10":"pa_yazar-lee-kelly","12":"first","13":"instock","14":"sale","15":"shipping-taxable","16":"purchasable","17":"product-type-simple"},"_links":{"self":[{"href":"https:\/\/roveyayinevi.com.tr\/index.php\/wp-json\/wp\/v2\/product\/709502","targetHints":{"allow":["GET"]}}],"collection":[{"href":"https:\/\/roveyayinevi.com.tr\/index.php\/wp-json\/wp\/v2\/product"}],"about":[{"href":"https:\/\/roveyayinevi.com.tr\/index.php\/wp-json\/wp\/v2\/types\/product"}],"wp:attachment":[{"href":"https:\/\/roveyayinevi.com.tr\/index.php\/wp-json\/wp\/v2\/media?parent=709502"}],"wp:term":[{"taxonomy":"product_brand","embeddable":true,"href":"https:\/\/roveyayinevi.com.tr\/index.php\/wp-json\/wp\/v2\/product_brand?post=709502"},{"taxonomy":"product_cat","embeddable":true,"href":"https:\/\/roveyayinevi.com.tr\/index.php\/wp-json\/wp\/v2\/product_cat?post=709502"},{"taxonomy":"product_tag","embeddable":true,"href":"https:\/\/roveyayinevi.com.tr\/index.php\/wp-json\/wp\/v2\/product_tag?post=709502"}],"curies":[{"name":"wp","href":"https:\/\/api.w.org\/{rel}","templated":true}]}}