{"id":709501,"date":"2025-08-27T16:25:56","date_gmt":"2025-08-27T13:25:56","guid":{"rendered":"https:\/\/roveyayinevi.com.tr\/index.php\/urun\/bu-kalem-un-ufak\/"},"modified":"2026-04-16T02:18:07","modified_gmt":"2026-04-15T23:18:07","slug":"bu-kalem-un-ufak","status":"publish","type":"product","link":"https:\/\/roveyayinevi.com.tr\/index.php\/urun\/bu-kalem-un-ufak\/","title":{"rendered":"Bu Kalem Un Ufak"},"content":{"rendered":"<p>\u00c7ehov\u2019un \u00fcnl\u00fc s\u00f6z\u00fc \u201cvaktim olsayd\u0131 daha k\u0131sa yazard\u0131m\u201d kitab\u0131n \u00e7\u0131k\u0131\u015f noktas\u0131. Bu Kalem Un(ufak)\u2019\u0131n her c\u00fcmlesiyle Enis Batur okurun \u00f6n\u00fcne bir ekran a\u00e7\u0131yor : Birinden de\u011filse \u00f6b\u00fcr\u00fcnden yola \u00e7\u0131karak herkes bir kitap yazabilir. <\/p>\n","protected":false},"excerpt":{"rendered":"<p>\u00c7ehov\u2019un \u00fcnl\u00fc s\u00f6z\u00fc \u201cvaktim olsayd\u0131 daha k\u0131sa yazard\u0131m\u201d kitab\u0131n \u00e7\u0131k\u0131\u015f noktas\u0131. Bu Kalem Un(ufak)\u2019\u0131n her c\u00fcmlesiyle Enis Batur okurun \u00f6n\u00fcne bir ekran a\u00e7\u0131yor : Birinden de\u011filse<span class=\"excerpt-hellip\"> [\u2026]<\/span><\/p>\n","protected":false},"featured_media":0,"template":"","meta":{"_monsterinsights_skip_tracking":false,"_monsterinsights_sitenote_active":false,"_monsterinsights_sitenote_note":"","_monsterinsights_sitenote_category":0},"product_brand":[],"product_cat":[12777,12291],"product_tag":[],"class_list":{"0":"post-709501","1":"product","2":"type-product","3":"status-publish","5":"product_cat-deneme","6":"product_cat-edebiyat","7":"pa_cilt-ciltsiz","8":"pa_tur-kitap","9":"pa_yayinevi-sel-yayincilik","10":"pa_yazar-enis-batur","12":"first","13":"instock","14":"sale","15":"shipping-taxable","16":"purchasable","17":"product-type-simple"},"_links":{"self":[{"href":"https:\/\/roveyayinevi.com.tr\/index.php\/wp-json\/wp\/v2\/product\/709501","targetHints":{"allow":["GET"]}}],"collection":[{"href":"https:\/\/roveyayinevi.com.tr\/index.php\/wp-json\/wp\/v2\/product"}],"about":[{"href":"https:\/\/roveyayinevi.com.tr\/index.php\/wp-json\/wp\/v2\/types\/product"}],"wp:attachment":[{"href":"https:\/\/roveyayinevi.com.tr\/index.php\/wp-json\/wp\/v2\/media?parent=709501"}],"wp:term":[{"taxonomy":"product_brand","embeddable":true,"href":"https:\/\/roveyayinevi.com.tr\/index.php\/wp-json\/wp\/v2\/product_brand?post=709501"},{"taxonomy":"product_cat","embeddable":true,"href":"https:\/\/roveyayinevi.com.tr\/index.php\/wp-json\/wp\/v2\/product_cat?post=709501"},{"taxonomy":"product_tag","embeddable":true,"href":"https:\/\/roveyayinevi.com.tr\/index.php\/wp-json\/wp\/v2\/product_tag?post=709501"}],"curies":[{"name":"wp","href":"https:\/\/api.w.org\/{rel}","templated":true}]}}