{"id":709500,"date":"2025-08-27T16:25:56","date_gmt":"2025-08-27T13:25:56","guid":{"rendered":"https:\/\/roveyayinevi.com.tr\/index.php\/urun\/konteyner-zaafi\/"},"modified":"2026-04-16T02:18:07","modified_gmt":"2026-04-15T23:18:07","slug":"konteyner-zaafi","status":"publish","type":"product","link":"https:\/\/roveyayinevi.com.tr\/index.php\/urun\/konteyner-zaafi\/","title":{"rendered":"Konteyner Zaaf\u0131"},"content":{"rendered":"<p>\u00d6d\u00fcll\u00fc \u00f6yk\u00fcc\u00fc \u0130sahag Uygar Eskiciyan Konteyner Zaaf\u0131\u2019nda rutinlere getirdi\u011fi ele\u015ftirilerle kara mizah \u00e7\u0131tas\u0131n\u0131 y\u00fckseltirken \u00f6yk\u00fcc\u00fcl\u00fckteki yerini sa\u011flamla\u015ft\u0131r\u0131yor. G\u00fcndelik hayat\u0131n \u00e7atlaklar\u0131na s\u0131zarak bo\u015fluklar\u0131 ger\u00e7ekd\u0131\u015f\u0131 unsurlar ve s\u0131rad\u0131\u015f\u0131 karakterlerle renklendiriyor.Hissedenlerin melankolisine, d\u00fc\u015f\u00fcnenlerin ise komedisine kap\u0131ld\u0131\u011f\u0131 somurtuk d\u00fcnyaya nanik yapan oyunbaz bir zihnin alegorik \u00e7al\u0131mlar\u0131\u2026<\/p>\n","protected":false},"excerpt":{"rendered":"<p>\u00d6d\u00fcll\u00fc \u00f6yk\u00fcc\u00fc \u0130sahag Uygar Eskiciyan Konteyner Zaaf\u0131\u2019nda rutinlere getirdi\u011fi ele\u015ftirilerle kara mizah \u00e7\u0131tas\u0131n\u0131 y\u00fckseltirken \u00f6yk\u00fcc\u00fcl\u00fckteki yerini sa\u011flamla\u015ft\u0131r\u0131yor. G\u00fcndelik hayat\u0131n \u00e7atlaklar\u0131na s\u0131zarak bo\u015fluklar\u0131 ger\u00e7ekd\u0131\u015f\u0131 unsurlar ve s\u0131rad\u0131\u015f\u0131<span class=\"excerpt-hellip\"> [\u2026]<\/span><\/p>\n","protected":false},"featured_media":0,"template":"","meta":{"_monsterinsights_skip_tracking":false,"_monsterinsights_sitenote_active":false,"_monsterinsights_sitenote_note":"","_monsterinsights_sitenote_category":0},"product_brand":[],"product_cat":[12291,12711],"product_tag":[],"class_list":{"0":"post-709500","1":"product","2":"type-product","3":"status-publish","5":"product_cat-edebiyat","6":"product_cat-roman-oyku","7":"pa_cilt-ciltsiz","8":"pa_tur-kitap","9":"pa_yayinevi-sel-yayincilik","10":"pa_yazar-isahag-uygar-eskiciyan","12":"first","13":"instock","14":"sale","15":"shipping-taxable","16":"purchasable","17":"product-type-simple"},"_links":{"self":[{"href":"https:\/\/roveyayinevi.com.tr\/index.php\/wp-json\/wp\/v2\/product\/709500","targetHints":{"allow":["GET"]}}],"collection":[{"href":"https:\/\/roveyayinevi.com.tr\/index.php\/wp-json\/wp\/v2\/product"}],"about":[{"href":"https:\/\/roveyayinevi.com.tr\/index.php\/wp-json\/wp\/v2\/types\/product"}],"wp:attachment":[{"href":"https:\/\/roveyayinevi.com.tr\/index.php\/wp-json\/wp\/v2\/media?parent=709500"}],"wp:term":[{"taxonomy":"product_brand","embeddable":true,"href":"https:\/\/roveyayinevi.com.tr\/index.php\/wp-json\/wp\/v2\/product_brand?post=709500"},{"taxonomy":"product_cat","embeddable":true,"href":"https:\/\/roveyayinevi.com.tr\/index.php\/wp-json\/wp\/v2\/product_cat?post=709500"},{"taxonomy":"product_tag","embeddable":true,"href":"https:\/\/roveyayinevi.com.tr\/index.php\/wp-json\/wp\/v2\/product_tag?post=709500"}],"curies":[{"name":"wp","href":"https:\/\/api.w.org\/{rel}","templated":true}]}}