{"id":709499,"date":"2025-08-27T16:25:55","date_gmt":"2025-08-27T13:25:55","guid":{"rendered":"https:\/\/roveyayinevi.com.tr\/index.php\/urun\/ekolojinin-kizil-hatti\/"},"modified":"2026-04-16T02:18:07","modified_gmt":"2026-04-15T23:18:07","slug":"ekolojinin-kizil-hatti","status":"publish","type":"product","link":"https:\/\/roveyayinevi.com.tr\/index.php\/urun\/ekolojinin-kizil-hatti\/","title":{"rendered":"Ekolojinin K\u0131z\u0131l Hatt\u0131"},"content":{"rendered":"<p>\u0130ktisadi akl\u0131n belirleyicili\u011fini reddeden bir hayat \u00fczerine kafa yormu\u015f d\u00fc\u015f\u00fcn\u00fcrlerden Andr\u00e9 Gorz\u2019la Marksizmden fenomenolojiye, varolu\u015f\u00e7uluktan ele\u015ftirel d\u00fc\u015f\u00fcnce ve ekolojiye uzanan geni\u015f bir yelpazede yap\u0131lm\u0131\u015f bu derinlemesine m\u00fclakatlar, Gorz\u2019un g\u00fcncelli\u011fini koruyan fikirlerini \u00f6zl\u00fc bir \u015fekilde sergiliyor. Gorz\u2019un \u201cserbest zaman\u201d \u00fctopyas\u0131, g\u00fcvence alt\u0131na al\u0131nm\u0131\u015f ve \u00e7al\u0131\u015fma s\u00fcresinden kopart\u0131lm\u0131\u015f bir gelir sayesinde ki\u015finin kendi \u00f6zerkli\u011fini kurmas\u0131na y\u00f6nelik yarat\u0131c\u0131 ve militan faaliyetlere kat\u0131l\u0131m\u0131n\u0131 \u00f6ng\u00f6rmektedir. Reform ve devrim se\u00e7enekleri aras\u0131nda gidip geldi\u011fimiz g\u00fcn\u00fcm\u00fcz\u00fcn neoliberal d\u00fcnyas\u0131nda hayatlar\u0131m\u0131z\u0131 anlaml\u0131 k\u0131lman\u0131n; sosyalizmi iktisad\u0131n belirleyicili\u011finden kurtularak d\u00fc\u015f\u00fcnmenin ve ekolojik bir m\u00fccadele hatt\u0131n\u0131 \u201ck\u0131z\u0131l\u201d bir \u00e7izgiye dahil etmenin yollar\u0131 \u00fczerine kafa a\u00e7\u0131c\u0131 fikirler, m\u00fccadele yollar\u0131 ve ya\u015fam tarzlar\u0131 arayanlara\u2026 <\/p>\n","protected":false},"excerpt":{"rendered":"<p>\u0130ktisadi akl\u0131n belirleyicili\u011fini reddeden bir hayat \u00fczerine kafa yormu\u015f d\u00fc\u015f\u00fcn\u00fcrlerden Andr\u00e9 Gorz\u2019la Marksizmden fenomenolojiye, varolu\u015f\u00e7uluktan ele\u015ftirel d\u00fc\u015f\u00fcnce ve ekolojiye uzanan geni\u015f bir yelpazede yap\u0131lm\u0131\u015f bu derinlemesine<span class=\"excerpt-hellip\"> [\u2026]<\/span><\/p>\n","protected":false},"featured_media":0,"template":"","meta":{"_monsterinsights_skip_tracking":false,"_monsterinsights_sitenote_active":false,"_monsterinsights_sitenote_note":"","_monsterinsights_sitenote_category":0},"product_brand":[],"product_cat":[23323,12364],"product_tag":[],"class_list":{"0":"post-709499","1":"product","2":"type-product","3":"status-publish","5":"product_cat-ekoloji","6":"product_cat-genel-konular","7":"pa_cilt-ciltsiz","8":"pa_tur-kitap","9":"pa_yayinevi-sel-yayincilik","10":"pa_yazar-andre-gorz","12":"first","13":"instock","14":"sale","15":"shipping-taxable","16":"purchasable","17":"product-type-simple"},"_links":{"self":[{"href":"https:\/\/roveyayinevi.com.tr\/index.php\/wp-json\/wp\/v2\/product\/709499","targetHints":{"allow":["GET"]}}],"collection":[{"href":"https:\/\/roveyayinevi.com.tr\/index.php\/wp-json\/wp\/v2\/product"}],"about":[{"href":"https:\/\/roveyayinevi.com.tr\/index.php\/wp-json\/wp\/v2\/types\/product"}],"wp:attachment":[{"href":"https:\/\/roveyayinevi.com.tr\/index.php\/wp-json\/wp\/v2\/media?parent=709499"}],"wp:term":[{"taxonomy":"product_brand","embeddable":true,"href":"https:\/\/roveyayinevi.com.tr\/index.php\/wp-json\/wp\/v2\/product_brand?post=709499"},{"taxonomy":"product_cat","embeddable":true,"href":"https:\/\/roveyayinevi.com.tr\/index.php\/wp-json\/wp\/v2\/product_cat?post=709499"},{"taxonomy":"product_tag","embeddable":true,"href":"https:\/\/roveyayinevi.com.tr\/index.php\/wp-json\/wp\/v2\/product_tag?post=709499"}],"curies":[{"name":"wp","href":"https:\/\/api.w.org\/{rel}","templated":true}]}}