{"id":709497,"date":"2025-08-27T16:25:54","date_gmt":"2025-08-27T13:25:54","guid":{"rendered":"https:\/\/roveyayinevi.com.tr\/index.php\/urun\/cinin-yirminci-yuzyili-devrim-geri-cekilme-ve-esitlige-giden-yol\/"},"modified":"2026-04-16T02:18:06","modified_gmt":"2026-04-15T23:18:06","slug":"cinin-yirminci-yuzyili-devrim-geri-cekilme-ve-esitlige-giden-yol","status":"publish","type":"product","link":"https:\/\/roveyayinevi.com.tr\/index.php\/urun\/cinin-yirminci-yuzyili-devrim-geri-cekilme-ve-esitlige-giden-yol\/","title":{"rendered":"\u00c7in&#8217;in Yirminci Y\u00fczy\u0131l\u0131 Devrim &#8211; Geri \u00c7ekilme ve E\u015fitli\u011fe Giden Yol"},"content":{"rendered":"<p>\u00c7in\u2019in Yirminci Y\u00fczy\u0131l\u0131, dalga boylar\u0131n\u0131 \u00f6l\u00e7en, ak\u0131nt\u0131lardan geriye kalanlar\u0131 inceleyen, y\u0131k\u0131c\u0131 ve yap\u0131c\u0131 g\u00fc\u00e7leri yeniden de\u011ferlendiren, devrimlerin ve geri \u00e7ekilmelerin ard\u0131ndan inatla e\u015fitli\u011fe giden yolu takip eden bir yap\u0131t.\u00dclkesi \u00c7in\u2019in yan\u0131 s\u0131ra Avrupa ve ABD\u2019de yapt\u0131\u011f\u0131 akademik \u00e7al\u0131\u015fmalarla, \u00c7in \u00fczerine ayd\u0131nlat\u0131c\u0131 bir k\u00fclliyat\u0131n olu\u015fmas\u0131na \u00f6nemli katk\u0131lar sunan Wang Hui, bu kitab\u0131nda, 20. y\u00fczy\u0131l boyunca \u00c7in\u2019de ya\u015fanan politika de\u011fi\u015fikliklerine ve devrimlere odaklan\u0131yor. Yap\u0131t\u0131na, 1911 Devrimi ve \u00c7in\u2019de \u00e7a\u011fda\u015f siyasetin do\u011fu\u015fuyla ba\u015flayan Hui, siyasi ya\u015famdaki ilk k\u0131m\u0131ldanmalar\u0131n, 1960\u2019lardaki radikal tomurcuklanman\u0131n ve daha yak\u0131n d\u00f6nemdeki liberalle\u015fmenin izlerini s\u00fcrerek b\u00fcg\u00fcnk\u00fc yol a\u011fz\u0131na kadar geliyor. \u201cY\u00fczy\u0131l\u0131n \u00f6z\u00fc, 1911 Devrimi\u2019yle ba\u015flay\u0131p 1970\u2019lerin ortalar\u0131ndaki K\u00fclt\u00fcr Devrimi\u2019nin sonuna kadar s\u00fcren \u2018uzun devrim\u2019dir,\u201d diyen Hui, \u00c7in\u2019in 20. y\u00fczy\u0131l\u0131ndaki \u201csiyasile\u015fme\u201dyi \u00fc\u00e7 ve\u00e7hede inceliyor: siyasi b\u00fct\u00fcnle\u015fme, k\u00fclt\u00fcr ve siyaset, halk sava\u015f\u0131.Wang Hui, \u201csiyasile\u015fme\u201dyle birlikte \u201csiyasetsizle\u015fme\u201dnin de \u00f6nemine dikkat \u00e7ekiyor: \u201cParti, halk sava\u015f\u0131 ko\u015fullar\u0131nda kitle \u00e7izgisiyle i\u00e7li d\u0131\u015fl\u0131yd\u0131; d\u00fc\u015f\u00fcnceleri \u2018kitlelerden kitlelere\u2019 ta\u015f\u0131yarak devasa bir g\u00fcg\u00fc\u00e7 yarat\u0131yordu. Ama iktidar partisi \u00e7o\u011fu zaman kitlelere yabanc\u0131la\u015f\u0131p s\u0131radan yoz bir siyasi makineye de d\u00f6n\u00fc\u015f\u00fcyordu. Ben bu olguya Partinin katmanla\u015fmas\u0131, yani siyasetsizle\u015fmesi diyorum.\u201dPeki bunca dalgan\u0131n ve siyasi tart\u0131\u015fman\u0131n ard\u0131ndan, ger\u00e7ekten e\u015fitlik\u00e7i ve kat\u0131l\u0131mc\u0131 bir sistem kurabilmesi i\u00e7in \u00c7in\u2019in bug\u00fcn ne yapmas\u0131 gerekiyor? Hui\u2019nin tart\u0131\u015ft\u0131\u011f\u0131 bu kritik soru, yeni bir s\u00fcper g\u00fc\u00e7 olma yolundaki \u00fclkeye dair ilerici tart\u0131\u015fmalar\u0131 da yeniden g\u00fcndeme getiriyor\u2026 <\/p>\n","protected":false},"excerpt":{"rendered":"<p>\u00c7in\u2019in Yirminci Y\u00fczy\u0131l\u0131, dalga boylar\u0131n\u0131 \u00f6l\u00e7en, ak\u0131nt\u0131lardan geriye kalanlar\u0131 inceleyen, y\u0131k\u0131c\u0131 ve yap\u0131c\u0131 g\u00fc\u00e7leri yeniden de\u011ferlendiren, devrimlerin ve geri \u00e7ekilmelerin ard\u0131ndan inatla e\u015fitli\u011fe giden yolu takip<span class=\"excerpt-hellip\"> [\u2026]<\/span><\/p>\n","protected":false},"featured_media":0,"template":"","meta":{"_monsterinsights_skip_tracking":false,"_monsterinsights_sitenote_active":false,"_monsterinsights_sitenote_note":"","_monsterinsights_sitenote_category":0},"product_brand":[],"product_cat":[13590,12337],"product_tag":[],"class_list":{"0":"post-709497","1":"product","2":"type-product","3":"status-publish","5":"product_cat-arastirma-inceleme-politika-siyaset","6":"product_cat-politika-siyaset","7":"pa_cilt-ciltsiz","8":"pa_tur-kitap","9":"pa_yayinevi-yordam-kitap","10":"pa_yazar-wang-hui","12":"first","13":"instock","14":"sale","15":"shipping-taxable","16":"purchasable","17":"product-type-simple"},"_links":{"self":[{"href":"https:\/\/roveyayinevi.com.tr\/index.php\/wp-json\/wp\/v2\/product\/709497","targetHints":{"allow":["GET"]}}],"collection":[{"href":"https:\/\/roveyayinevi.com.tr\/index.php\/wp-json\/wp\/v2\/product"}],"about":[{"href":"https:\/\/roveyayinevi.com.tr\/index.php\/wp-json\/wp\/v2\/types\/product"}],"wp:attachment":[{"href":"https:\/\/roveyayinevi.com.tr\/index.php\/wp-json\/wp\/v2\/media?parent=709497"}],"wp:term":[{"taxonomy":"product_brand","embeddable":true,"href":"https:\/\/roveyayinevi.com.tr\/index.php\/wp-json\/wp\/v2\/product_brand?post=709497"},{"taxonomy":"product_cat","embeddable":true,"href":"https:\/\/roveyayinevi.com.tr\/index.php\/wp-json\/wp\/v2\/product_cat?post=709497"},{"taxonomy":"product_tag","embeddable":true,"href":"https:\/\/roveyayinevi.com.tr\/index.php\/wp-json\/wp\/v2\/product_tag?post=709497"}],"curies":[{"name":"wp","href":"https:\/\/api.w.org\/{rel}","templated":true}]}}