{"id":709496,"date":"2025-08-27T16:25:54","date_gmt":"2025-08-27T13:25:54","guid":{"rendered":"https:\/\/roveyayinevi.com.tr\/index.php\/urun\/ulusun-olumu-ve-arap-devriminin-gelecegi\/"},"modified":"2026-04-16T02:18:06","modified_gmt":"2026-04-15T23:18:06","slug":"ulusun-olumu-ve-arap-devriminin-gelecegi","status":"publish","type":"product","link":"https:\/\/roveyayinevi.com.tr\/index.php\/urun\/ulusun-olumu-ve-arap-devriminin-gelecegi\/","title":{"rendered":"Ulusun \u00d6l\u00fcm\u00fc ve Arap Devriminin Gelece\u011fi"},"content":{"rendered":"<p>Vijay Prashad, daha \u00f6nce yine Yordam Kitap taraf\u0131ndan yay\u0131mlanan Arap Bahar\u0131, Libya K\u0131\u015f\u0131\u2019n\u0131n ard\u0131ndan yeni bir kitapla Arap devrimine ve Ortado\u011fu\u2019nun gelece\u011fine bak\u0131yor. Bir gazetecinin keskin g\u00f6zleriyle, bir akademisyenin bilimsel titizli\u011fini ustaca kayna\u015ft\u0131ran Prashad, bizi 2010\u2019dan bu yana Ortado\u011fu\u2019da ya\u015fanan ba\u015f d\u00f6nd\u00fcr\u00fcc\u00fc de\u011fi\u015fimlerin izinde bir yolculu\u011fa \u00e7\u0131kar\u0131yor. L\u00fcbnan\u2019\u0131n El Kaide kontrol\u00fcndeki b\u00f6lgelerinden M\u0131s\u0131r\u2019\u0131n varo\u015flar\u0131na, R ojava Devrimi\u2019nden AKP\u2019nin ba\u015f\u0131n\u0131 \u00e7ekti\u011fi kar\u015f\u0131-devrim kamp\u0131na, Prashad\u2019\u0131n pe\u015finde oldu\u011fu soru hep \u015fu: Nas\u0131l oldu da Arap devrimi emek\u00e7ilerin ellerinden \u00e7al\u0131nd\u0131 ve kanl\u0131 bir mezhepsel \u00e7at\u0131\u015fmaya d\u00f6n\u00fc\u015ft\u00fcr\u00fcld\u00fc?  Prashad, Arap Bahar\u0131\u2019n\u0131n ne Tahrir Meydan\u0131\u2019n\u0131n ara sokaklar\u0131nda ne de \u015eam\u2019\u0131n pazar yerinde yenildi\u011fini d\u00fc\u015f\u00fcn\u00fcyor. Ona g\u00f6re, Arap Bahar\u0131 Washington\u2019da, Paris\u2019te, Tahran ve Moskova\u2019da oldu\u011fu kadar Riyad\u2019\u0131n, Doha\u2019n\u0131n ve Ankara\u2019n\u0131n saraylar\u0131nda da bozguna u\u011frat\u0131ld\u0131. B\u00f6lgesel sorunlara tarihsel bir perspektiften bakan Prashad\u2019\u0131n geli\u015ftirdi\u011fi yan\u0131tlar, sadece yenilginin nedenlerine dair tespitlerden ibaret de\u011fil, ayn\u0131 zamanda b\u00f6lge emek\u00e7ilerini bekleyen tehlike ve olanaklara dair mutlaka kulak verilmesi gereken ipu\u00e7lar\u0131 da sunuyor&#8230; <\/p>\n","protected":false},"excerpt":{"rendered":"<p>Vijay Prashad, daha \u00f6nce yine Yordam Kitap taraf\u0131ndan yay\u0131mlanan Arap Bahar\u0131, Libya K\u0131\u015f\u0131\u2019n\u0131n ard\u0131ndan yeni bir kitapla Arap devrimine ve Ortado\u011fu\u2019nun gelece\u011fine bak\u0131yor. Bir gazetecinin keskin<span class=\"excerpt-hellip\"> [\u2026]<\/span><\/p>\n","protected":false},"featured_media":0,"template":"","meta":{"_monsterinsights_skip_tracking":false,"_monsterinsights_sitenote_active":false,"_monsterinsights_sitenote_note":"","_monsterinsights_sitenote_category":0},"product_brand":[],"product_cat":[13590,12337],"product_tag":[],"class_list":{"0":"post-709496","1":"product","2":"type-product","3":"status-publish","5":"product_cat-arastirma-inceleme-politika-siyaset","6":"product_cat-politika-siyaset","7":"pa_cilt-ciltsiz","8":"pa_tur-kitap","9":"pa_yayinevi-yordam-kitap","10":"pa_yazar-vijay-prashad","12":"first","13":"instock","14":"sale","15":"shipping-taxable","16":"purchasable","17":"product-type-simple"},"_links":{"self":[{"href":"https:\/\/roveyayinevi.com.tr\/index.php\/wp-json\/wp\/v2\/product\/709496","targetHints":{"allow":["GET"]}}],"collection":[{"href":"https:\/\/roveyayinevi.com.tr\/index.php\/wp-json\/wp\/v2\/product"}],"about":[{"href":"https:\/\/roveyayinevi.com.tr\/index.php\/wp-json\/wp\/v2\/types\/product"}],"wp:attachment":[{"href":"https:\/\/roveyayinevi.com.tr\/index.php\/wp-json\/wp\/v2\/media?parent=709496"}],"wp:term":[{"taxonomy":"product_brand","embeddable":true,"href":"https:\/\/roveyayinevi.com.tr\/index.php\/wp-json\/wp\/v2\/product_brand?post=709496"},{"taxonomy":"product_cat","embeddable":true,"href":"https:\/\/roveyayinevi.com.tr\/index.php\/wp-json\/wp\/v2\/product_cat?post=709496"},{"taxonomy":"product_tag","embeddable":true,"href":"https:\/\/roveyayinevi.com.tr\/index.php\/wp-json\/wp\/v2\/product_tag?post=709496"}],"curies":[{"name":"wp","href":"https:\/\/api.w.org\/{rel}","templated":true}]}}