{"id":709495,"date":"2025-08-27T16:25:53","date_gmt":"2025-08-27T13:25:53","guid":{"rendered":"https:\/\/roveyayinevi.com.tr\/index.php\/urun\/secme-oykuler-2-tasra-hikayeleri\/"},"modified":"2026-04-16T02:18:06","modified_gmt":"2026-04-15T23:18:06","slug":"secme-oykuler-2-tasra-hikayeleri","status":"publish","type":"product","link":"https:\/\/roveyayinevi.com.tr\/index.php\/urun\/secme-oykuler-2-tasra-hikayeleri\/","title":{"rendered":"Se\u00e7me \u00d6yk\u00fcler 2 &#8211; Ta\u015fra Hikayeleri"},"content":{"rendered":"<p>\u201cEh!\u201d dedi. \u201cSiz bana nas\u0131l ya\u015fad\u0131\u011f\u0131m\u0131 soruyorsunuz! Biz burada nas\u0131l ya\u015fayabiliriz? Ya\u015fam\u0131yoruz ki, ihtiyarl\u0131yoruz, \u015fi\u015fmanl\u0131yoruz, s\u00f6n\u00fcp gidiyoruz. Birbirinden ay\u0131rt edilmeyen g\u00fcnler ve geceler, s\u00f6n\u00fck, anlams\u0131z, en k\u00fc\u00e7\u00fck bir iz b\u0131rakmadan ge\u00e7ip gidiyor. G\u00fcnd\u00fcz para kazanmak, ak\u015famlar\u0131 kul\u00fcp, katlanamad\u0131\u011f\u0131m kumarc\u0131lar, i\u00e7kiciler, k\u0131s\u0131k sesliler toplulu\u011fu. Bunun neresi iyi?\u201d \u201c\u0130oni\u00e7\u201dtenBize okuma yazma de\u011fil, tinsel yetenekleri a\u00e7\u0131\u011fa vurmak i\u00e7in \u00f6zg\u00fcrl\u00fck gerek. Okullar de\u011fil, \u00fcniversiteler gerek. \u201cAsma Katl\u0131 Ev\u201ddenBenim b\u00fct\u00fcn hastal\u0131\u011f\u0131m, yirmi y\u0131lda b\u00fct\u00fcn kasabada bir ak\u0131ll\u0131 insan bulabilmem ve bu buldu\u011fum ki\u015finin de bir deli olu\u015fudur.\u201cAlt\u0131nc\u0131 Ko\u011fu\u015f\u201dtanMatematik derslerinde bazen can s\u0131k\u0131nt\u0131s\u0131ndan hava bile donup buz h\u00e2line gelirken bah\u00e7eden s\u0131n\u0131fa bir kelebek u\u00e7arak girer; \u00e7ocuklar ba\u015flar\u0131n\u0131 kald\u0131r\u0131r, u\u00e7an \u015feyi, kelebek de\u011fil de yeni, acayip bir yarat\u0131km\u0131\u015f gibi, merakla seyretmeye ba\u015flar; i\u015fte t\u0131pk\u0131 bunun gibi, bizim can s\u0131k\u0131c\u0131 k\u00fc\u00e7\u00fck istasyona d\u00fc\u015fen baya\u011f\u0131 bir \u015fampanya da bizi e\u011flendiriyordu. Konu\u015fmadan oturuyor, k\u00e2h saate, k\u00e2h \u015fi\u015felere bak\u0131yorduk.\u201c\u015eampanya\u201ddanTa\u015fra Hik\u00e2yeleri, \u00c7ehov\u2019un sadece mek\u00e2n de\u011fil, bir ruh, bir karakter olarak ele ald\u0131\u011f\u0131 ta\u015fray\u0131, \u00e7e\u015fitli \u015fekillerde sergiledi\u011fi hik\u00e2yelerden yap\u0131lm\u0131\u015f bir se\u00e7ki, bir okuma \u00f6nerisidir.Hasan \u00c2li Ediz\u2019in g\u00fczel T\u00fcrk\u00e7esi ile\u2026 <\/p>\n","protected":false},"excerpt":{"rendered":"<p>\u201cEh!\u201d dedi. \u201cSiz bana nas\u0131l ya\u015fad\u0131\u011f\u0131m\u0131 soruyorsunuz! Biz burada nas\u0131l ya\u015fayabiliriz? Ya\u015fam\u0131yoruz ki, ihtiyarl\u0131yoruz, \u015fi\u015fmanl\u0131yoruz, s\u00f6n\u00fcp gidiyoruz. Birbirinden ay\u0131rt edilmeyen g\u00fcnler ve geceler, s\u00f6n\u00fck, anlams\u0131z, en<span class=\"excerpt-hellip\"> [\u2026]<\/span><\/p>\n","protected":false},"featured_media":0,"template":"","meta":{"_monsterinsights_skip_tracking":false,"_monsterinsights_sitenote_active":false,"_monsterinsights_sitenote_note":"","_monsterinsights_sitenote_category":0},"product_brand":[],"product_cat":[12291,13570],"product_tag":[],"class_list":{"0":"post-709495","1":"product","2":"type-product","3":"status-publish","5":"product_cat-edebiyat","6":"product_cat-rus-edebiyati","7":"pa_cilt-ciltsiz","8":"pa_tur-kitap","9":"pa_yayinevi-yordam-kitap","10":"pa_yazar-anton-cehov","12":"first","13":"instock","14":"sale","15":"shipping-taxable","16":"purchasable","17":"product-type-simple"},"_links":{"self":[{"href":"https:\/\/roveyayinevi.com.tr\/index.php\/wp-json\/wp\/v2\/product\/709495","targetHints":{"allow":["GET"]}}],"collection":[{"href":"https:\/\/roveyayinevi.com.tr\/index.php\/wp-json\/wp\/v2\/product"}],"about":[{"href":"https:\/\/roveyayinevi.com.tr\/index.php\/wp-json\/wp\/v2\/types\/product"}],"wp:attachment":[{"href":"https:\/\/roveyayinevi.com.tr\/index.php\/wp-json\/wp\/v2\/media?parent=709495"}],"wp:term":[{"taxonomy":"product_brand","embeddable":true,"href":"https:\/\/roveyayinevi.com.tr\/index.php\/wp-json\/wp\/v2\/product_brand?post=709495"},{"taxonomy":"product_cat","embeddable":true,"href":"https:\/\/roveyayinevi.com.tr\/index.php\/wp-json\/wp\/v2\/product_cat?post=709495"},{"taxonomy":"product_tag","embeddable":true,"href":"https:\/\/roveyayinevi.com.tr\/index.php\/wp-json\/wp\/v2\/product_tag?post=709495"}],"curies":[{"name":"wp","href":"https:\/\/api.w.org\/{rel}","templated":true}]}}