{"id":709494,"date":"2025-08-27T16:25:53","date_gmt":"2025-08-27T13:25:53","guid":{"rendered":"https:\/\/roveyayinevi.com.tr\/index.php\/urun\/secme-oykuler-1-kent-hikayeleri\/"},"modified":"2026-04-16T02:18:06","modified_gmt":"2026-04-15T23:18:06","slug":"secme-oykuler-1-kent-hikayeleri","status":"publish","type":"product","link":"https:\/\/roveyayinevi.com.tr\/index.php\/urun\/secme-oykuler-1-kent-hikayeleri\/","title":{"rendered":"Se\u00e7me \u00d6yk\u00fcler 1 &#8211; Kent Hikayeleri"},"content":{"rendered":"<p>Dimov\u2019un sakal\u0131 ise t\u00fcccarlar\u0131n sakal\u0131na benziyordu. Tabii, Dimov e\u011fer bir ressam ya da yazar olsayd\u0131, o zaman herkes sakal\u0131n\u0131n t\u0131pk\u0131 Zola\u2019ya benzedi\u011fini s\u00f6ylerdi.\u201c\u00c7ekirge\u201ddenMezarl\u0131ktan iyi bir ruh h\u00e2liyle d\u00f6nd\u00fck. Ama aradan bir hafta ge\u00e7meden, genelgelerle yasak edilmeyen, ne var ki tamam\u0131yla izin de verilmeyen ya\u015fam, o sert, o yorucu, o anlams\u0131z hayat, yine eskisi gibi ak\u0131p gitmeye ba\u015flad\u0131.\u201cK\u0131l\u0131fl\u0131 Adam\u201ddan\u2018Daha ba\u015fka duygular&#8230;\u2019 diye d\u00fc\u015f\u00fcn\u00fcyordu&#8230; \u2018Bunlarda hi\u00e7 duygu olmad\u0131\u011f\u0131 \u00e7ok do\u011fru&#8230; \u0130\u015fte \u015fimdi amirlerimin evine ziyarete gidece\u011fim, imza defterine imza ataca\u011f\u0131m&#8230; B\u00fct\u00fcn bunlar\u0131 yaparken insan hi\u00e7bir \u015fey duymuyor ki! \u00d6yle i\u015fte, bo\u015fu bo\u015funa&#8230; Yani bir \u00e7e\u015fit tebrik makinesi&#8230;\u2019\u201c\u00dcnlem \u0130\u015fareti\u201dndenKlasik Rus edebiyat\u0131nda ele\u015ftirel ger\u00e7ek\u00e7ili\u011fin en ger\u00e7ek, en olgun temsilcisi say\u0131lan \u00c7ehov, hik\u00e2yeleriyle Rus edebiyat\u0131n\u0131 oldu\u011fu kadar d\u00fcnya edebiyat\u0131n\u0131 da zenginle\u015ftirmi\u015ftir. \u201cYaz\u0131 yazma sanat\u0131, asl\u0131nda k\u00f6t\u00fc yaz\u0131lanlar\u0131 \u00e7izme sanat\u0131d\u0131r,\u201d s\u00f6zleriyle yaz\u0131 anlay\u0131\u015f\u0131n\u0131 ifade eden; yal\u0131n dili ve ilk bak\u0131\u015fta s\u0131radan g\u00f6r\u00fcnen \u00e7arp\u0131c\u0131 karakterleri ile \u00c7ehov, derinli\u011fin resmini y\u00fczeyde yapmay\u0131 ba\u015farm\u0131\u015f ender yazarlardan biridir.Kent Hik\u00e2yeleri, \u00c7ehov\u2019un sadece mek\u00e2n de\u011fil, b\u00fcrokrasinin, yoksullu\u011fun, \u00e7\u00f6z\u00fcms\u00fczl\u00fc\u011f\u00fcn, yaln\u0131zl\u0131\u011f\u0131n merkezi olarak da ele ald\u0131\u011f\u0131 kenti, \u00e7e\u015fitli \u015fekillerde sergiledi\u011fi hik\u00e2yelerden yap\u0131lm\u0131\u015f bir se\u00e7ki, bir okuma \u00f6nerisidir. Hasan \u00c2li Ediz\u2019in g\u00fczel T\u00fcrk\u00e7esi ile\u2026 <\/p>\n","protected":false},"excerpt":{"rendered":"<p>Dimov\u2019un sakal\u0131 ise t\u00fcccarlar\u0131n sakal\u0131na benziyordu. Tabii, Dimov e\u011fer bir ressam ya da yazar olsayd\u0131, o zaman herkes sakal\u0131n\u0131n t\u0131pk\u0131 Zola\u2019ya benzedi\u011fini s\u00f6ylerdi.\u201c\u00c7ekirge\u201ddenMezarl\u0131ktan iyi bir ruh<span class=\"excerpt-hellip\"> [\u2026]<\/span><\/p>\n","protected":false},"featured_media":0,"template":"","meta":{"_monsterinsights_skip_tracking":false,"_monsterinsights_sitenote_active":false,"_monsterinsights_sitenote_note":"","_monsterinsights_sitenote_category":0},"product_brand":[],"product_cat":[12291,13570],"product_tag":[],"class_list":{"0":"post-709494","1":"product","2":"type-product","3":"status-publish","5":"product_cat-edebiyat","6":"product_cat-rus-edebiyati","7":"pa_cilt-ciltsiz","8":"pa_tur-kitap","9":"pa_yayinevi-yordam-kitap","10":"pa_yazar-anton-cehov","12":"first","13":"instock","14":"sale","15":"shipping-taxable","16":"purchasable","17":"product-type-simple"},"_links":{"self":[{"href":"https:\/\/roveyayinevi.com.tr\/index.php\/wp-json\/wp\/v2\/product\/709494","targetHints":{"allow":["GET"]}}],"collection":[{"href":"https:\/\/roveyayinevi.com.tr\/index.php\/wp-json\/wp\/v2\/product"}],"about":[{"href":"https:\/\/roveyayinevi.com.tr\/index.php\/wp-json\/wp\/v2\/types\/product"}],"wp:attachment":[{"href":"https:\/\/roveyayinevi.com.tr\/index.php\/wp-json\/wp\/v2\/media?parent=709494"}],"wp:term":[{"taxonomy":"product_brand","embeddable":true,"href":"https:\/\/roveyayinevi.com.tr\/index.php\/wp-json\/wp\/v2\/product_brand?post=709494"},{"taxonomy":"product_cat","embeddable":true,"href":"https:\/\/roveyayinevi.com.tr\/index.php\/wp-json\/wp\/v2\/product_cat?post=709494"},{"taxonomy":"product_tag","embeddable":true,"href":"https:\/\/roveyayinevi.com.tr\/index.php\/wp-json\/wp\/v2\/product_tag?post=709494"}],"curies":[{"name":"wp","href":"https:\/\/api.w.org\/{rel}","templated":true}]}}