{"id":709492,"date":"2025-08-27T16:25:52","date_gmt":"2025-08-27T13:25:52","guid":{"rendered":"https:\/\/roveyayinevi.com.tr\/index.php\/urun\/laikligi-dogru-anlamak\/"},"modified":"2026-04-16T02:18:06","modified_gmt":"2026-04-15T23:18:06","slug":"laikligi-dogru-anlamak","status":"publish","type":"product","link":"https:\/\/roveyayinevi.com.tr\/index.php\/urun\/laikligi-dogru-anlamak\/","title":{"rendered":"Laikli\u011fi Do\u011fru Anlamak"},"content":{"rendered":"<p>Kitab\u0131n temel amac\u0131 laiklik hassasiyeti olan kurum ve vatanda\u015flar\u0131n laiklik alg\u0131lar\u0131ndaki hata, yanl\u0131\u015f,eksiklerini gidererek do\u011fru bir laiklik m\u00fccadelesine y\u00f6neltmeye y\u00f6neliktir.\u201cCumhuriyet\u00e7i kesim\u201d olarak adland\u0131rd\u0131\u011f\u0131m sa\u011fdan sola geni\u015f bir yelpazeyi i\u00e7eren bu kitle,laiklikten \u00f6d\u00fcnler vermekte, laiklik kar\u015f\u0131tlar\u0131n\u0131n uygulamalar\u0131na\u201chalkla birle\u015fememe\u201d tedirginli\u011fi nedeniyle yeterince tepki g\u00f6stermemektedir.Laiklik ilkesini toplumun huzurunu, milletin birli\u011fini, vatan\u0131n savunmas\u0131n\u0131 sa\u011flayan temel bir ilke olarakele al\u0131nmas\u0131 ya\u015fad\u0131\u011f\u0131m\u0131z geri gidi\u015fi durdurmak a\u00e7\u0131s\u0131ndan hayatidir.Hava, su, ekmek gibi ya\u015famsal bir ilke olan laikli\u011fin birle\u015ftirici bir ilke olarakde\u011ferlendirilmesi umuduyla\u2026 <\/p>\n","protected":false},"excerpt":{"rendered":"<p>Kitab\u0131n temel amac\u0131 laiklik hassasiyeti olan kurum ve vatanda\u015flar\u0131n laiklik alg\u0131lar\u0131ndaki hata, yanl\u0131\u015f,eksiklerini gidererek do\u011fru bir laiklik m\u00fccadelesine y\u00f6neltmeye y\u00f6neliktir.\u201cCumhuriyet\u00e7i kesim\u201d olarak adland\u0131rd\u0131\u011f\u0131m sa\u011fdan sola geni\u015f<span class=\"excerpt-hellip\"> [\u2026]<\/span><\/p>\n","protected":false},"featured_media":0,"template":"","meta":{"_monsterinsights_skip_tracking":false,"_monsterinsights_sitenote_active":false,"_monsterinsights_sitenote_note":"","_monsterinsights_sitenote_category":0},"product_brand":[],"product_cat":[12304,13493],"product_tag":[],"class_list":{"0":"post-709492","1":"product","2":"type-product","3":"status-publish","5":"product_cat-tarih","6":"product_cat-turkiye-ve-cumhuriyet-tarihi","7":"pa_cilt-ciltsiz","8":"pa_tur-kitap","9":"pa_yayinevi-kaynak-yayinlari","10":"pa_yazar-mustafa-solak","12":"first","13":"instock","14":"sale","15":"shipping-taxable","16":"purchasable","17":"product-type-simple"},"_links":{"self":[{"href":"https:\/\/roveyayinevi.com.tr\/index.php\/wp-json\/wp\/v2\/product\/709492","targetHints":{"allow":["GET"]}}],"collection":[{"href":"https:\/\/roveyayinevi.com.tr\/index.php\/wp-json\/wp\/v2\/product"}],"about":[{"href":"https:\/\/roveyayinevi.com.tr\/index.php\/wp-json\/wp\/v2\/types\/product"}],"wp:attachment":[{"href":"https:\/\/roveyayinevi.com.tr\/index.php\/wp-json\/wp\/v2\/media?parent=709492"}],"wp:term":[{"taxonomy":"product_brand","embeddable":true,"href":"https:\/\/roveyayinevi.com.tr\/index.php\/wp-json\/wp\/v2\/product_brand?post=709492"},{"taxonomy":"product_cat","embeddable":true,"href":"https:\/\/roveyayinevi.com.tr\/index.php\/wp-json\/wp\/v2\/product_cat?post=709492"},{"taxonomy":"product_tag","embeddable":true,"href":"https:\/\/roveyayinevi.com.tr\/index.php\/wp-json\/wp\/v2\/product_tag?post=709492"}],"curies":[{"name":"wp","href":"https:\/\/api.w.org\/{rel}","templated":true}]}}