{"id":709491,"date":"2025-08-27T16:25:51","date_gmt":"2025-08-27T13:25:51","guid":{"rendered":"https:\/\/roveyayinevi.com.tr\/index.php\/urun\/baris-takimi-3-ataturkle-bulusuyor\/"},"modified":"2026-04-16T02:18:06","modified_gmt":"2026-04-15T23:18:06","slug":"baris-takimi-3-ataturkle-bulusuyor","status":"publish","type":"product","link":"https:\/\/roveyayinevi.com.tr\/index.php\/urun\/baris-takimi-3-ataturkle-bulusuyor\/","title":{"rendered":"Bar\u0131\u015f Tak\u0131m\u0131 3 &#8211; Atat\u00fcrk\u2019le Bulu\u015fuyor!"},"content":{"rendered":"<p>An\u0131tkabir o g\u00fcn de \u00e7ok kalabal\u0131kt\u0131. Bar\u0131\u015f Tak\u0131m\u0131n\u0131n Ba\u015fkan\u0131 Ezgi, Atat\u00fcrk\u2019e sevgisini, sayg\u0131s\u0131n\u0131 sundu. An\u0131tkabir M\u00fczesinde g\u00f6rd\u00fckleri onu \u00e7ok \u015fa\u015f\u0131rtt\u0131. Atat\u00fcrk\u2019\u00fcn giysileri, kulland\u0131\u011f\u0131 e\u015fyalar, kitaplar\u0131 \u00e7ok ilgisini \u00e7ekti. Ne \u00e7ok kitap okumu\u015ftu Atam\u0131z! Onlara dokunmak istedi; ama bu olanaks\u0131zd\u0131.Atat\u00fcrk\u2019\u00fcn \u00c7ankaya\u2019daki evine gittiklerinde de \u015fa\u015f\u0131rd\u0131. Bu k\u00fc\u00e7\u00fck evde, me\u011fer ne b\u00fcy\u00fck i\u015flere karar vermi\u015fti Atat\u00fcrk! Ezgi, hep Atat\u00fcrk\u2019\u00fc ve devrimlerini d\u00fc\u015f\u00fcn\u00fcr olmu\u015ftu. Arkada\u015flar\u0131n\u0131n bilmedi\u011fi \u00e7ok \u015fey \u00f6\u011frenmi\u015fti. Sizlerle b\u00fct\u00fcn bunlar\u0131 payla\u015fmak istiyor!<\/p>\n","protected":false},"excerpt":{"rendered":"<p>An\u0131tkabir o g\u00fcn de \u00e7ok kalabal\u0131kt\u0131. Bar\u0131\u015f Tak\u0131m\u0131n\u0131n Ba\u015fkan\u0131 Ezgi, Atat\u00fcrk\u2019e sevgisini, sayg\u0131s\u0131n\u0131 sundu. An\u0131tkabir M\u00fczesinde g\u00f6rd\u00fckleri onu \u00e7ok \u015fa\u015f\u0131rtt\u0131. Atat\u00fcrk\u2019\u00fcn giysileri, kulland\u0131\u011f\u0131 e\u015fyalar, kitaplar\u0131 \u00e7ok<span class=\"excerpt-hellip\"> [\u2026]<\/span><\/p>\n","protected":false},"featured_media":0,"template":"","meta":{"_monsterinsights_skip_tracking":false,"_monsterinsights_sitenote_active":false,"_monsterinsights_sitenote_note":"","_monsterinsights_sitenote_category":0},"product_brand":[],"product_cat":[12274,12284],"product_tag":[],"class_list":{"0":"post-709491","1":"product","2":"type-product","3":"status-publish","5":"product_cat-cocuk-ve-genclik-kitaplari","6":"product_cat-hikayeler","7":"pa_cilt-ciltsiz","8":"pa_tur-kitap","9":"pa_yayinevi-kirmizi-kedi-yayinevi","10":"pa_yazar-sevgi-ozel-ibrahim-dizman","12":"first","13":"instock","14":"sale","15":"shipping-taxable","16":"purchasable","17":"product-type-simple"},"_links":{"self":[{"href":"https:\/\/roveyayinevi.com.tr\/index.php\/wp-json\/wp\/v2\/product\/709491","targetHints":{"allow":["GET"]}}],"collection":[{"href":"https:\/\/roveyayinevi.com.tr\/index.php\/wp-json\/wp\/v2\/product"}],"about":[{"href":"https:\/\/roveyayinevi.com.tr\/index.php\/wp-json\/wp\/v2\/types\/product"}],"wp:attachment":[{"href":"https:\/\/roveyayinevi.com.tr\/index.php\/wp-json\/wp\/v2\/media?parent=709491"}],"wp:term":[{"taxonomy":"product_brand","embeddable":true,"href":"https:\/\/roveyayinevi.com.tr\/index.php\/wp-json\/wp\/v2\/product_brand?post=709491"},{"taxonomy":"product_cat","embeddable":true,"href":"https:\/\/roveyayinevi.com.tr\/index.php\/wp-json\/wp\/v2\/product_cat?post=709491"},{"taxonomy":"product_tag","embeddable":true,"href":"https:\/\/roveyayinevi.com.tr\/index.php\/wp-json\/wp\/v2\/product_tag?post=709491"}],"curies":[{"name":"wp","href":"https:\/\/api.w.org\/{rel}","templated":true}]}}