{"id":709490,"date":"2025-08-27T16:25:51","date_gmt":"2025-08-27T13:25:51","guid":{"rendered":"https:\/\/roveyayinevi.com.tr\/index.php\/urun\/yakan-sir\/"},"modified":"2026-04-16T02:18:06","modified_gmt":"2026-04-15T23:18:06","slug":"yakan-sir","status":"publish","type":"product","link":"https:\/\/roveyayinevi.com.tr\/index.php\/urun\/yakan-sir\/","title":{"rendered":"Yakan S\u0131r"},"content":{"rendered":"<p>Ge\u00e7irdi\u011fi hastal\u0131\u011f\u0131n ard\u0131ndan annesiyle birlikte dinlenmek i\u00e7in bir da\u011f kasabas\u0131na giden on iki ya\u015f\u0131ndaki Edgar, otelde yak\u0131\u015f\u0131kl\u0131 ve gen\u00e7 bir soyluyla arkada\u015f olur. Oysa \u00e7apk\u0131n baron asl\u0131nda \u00e7ocukla de\u011fil g\u00fczel bir kad\u0131n olan annesiyle ilgilenmektedir. Kendini yeti\u015fkinli\u011fin s\u0131n\u0131r\u0131nda hisseden Edgar i\u00e7in baronla arkada\u015f olmak, \u00e7ocukluktan \u00e7\u0131k\u0131p b\u00fcy\u00fcklerin d\u00fcnyas\u0131na ad\u0131m atmak demektir. Bu yaln\u0131z ve sa\u011fl\u0131ks\u0131z \u00e7ocuk hayallerle ger\u00e7ekler aras\u0131nda gidip gelirken, annesiyle baron da birbirlerine yakla\u015f\u0131rlar. B\u00fcy\u00fck bir s\u0131r payla\u015ft\u0131klar\u0131na inand\u0131\u011f\u0131 bu iki yeti\u015fkinden ku\u015fkulanan ve sevgi g\u00f6sterdi\u011fi ki\u015filerin ihanetine u\u011frad\u0131\u011f\u0131na inanan Edgar, \u00e7ocuklu\u011fun hayaller \u00e2leminden \u00e7\u0131k\u0131p yabanc\u0131 ve bilinmez bir d\u00fcnyan\u0131n e\u015fi\u011finden ister istemez ge\u00e7ecektir. Ancak b\u00fcy\u00fcmenin sand\u0131\u011f\u0131 kadar kolay olmad\u0131\u011f\u0131n\u0131 ac\u0131 bir deneyimle \u00f6\u011frenecektir.Stefan Zweig\u2019\u0131n en etkileyici novellalar\u0131ndan olan Yakan S\u0131r, insan ruhunun gizli k\u00f6\u015felerine uzanan, zaaflar\u0131na ayna tutan bir k\u00fc\u00e7\u00fck m\u00fccevher. <\/p>\n","protected":false},"excerpt":{"rendered":"<p>Ge\u00e7irdi\u011fi hastal\u0131\u011f\u0131n ard\u0131ndan annesiyle birlikte dinlenmek i\u00e7in bir da\u011f kasabas\u0131na giden on iki ya\u015f\u0131ndaki Edgar, otelde yak\u0131\u015f\u0131kl\u0131 ve gen\u00e7 bir soyluyla arkada\u015f olur. Oysa \u00e7apk\u0131n baron<span class=\"excerpt-hellip\"> [\u2026]<\/span><\/p>\n","protected":false},"featured_media":0,"template":"","meta":{"_monsterinsights_skip_tracking":false,"_monsterinsights_sitenote_active":false,"_monsterinsights_sitenote_note":"","_monsterinsights_sitenote_category":0},"product_brand":[],"product_cat":[12782,12291],"product_tag":[],"class_list":{"0":"post-709490","1":"product","2":"type-product","3":"status-publish","5":"product_cat-alman-edebiyati","6":"product_cat-edebiyat","7":"pa_cilt-ciltsiz","8":"pa_tur-kitap","9":"pa_yayinevi-kirmizi-kedi-yayinevi","10":"pa_yazar-stefan-zweig","12":"first","13":"instock","14":"sale","15":"shipping-taxable","16":"purchasable","17":"product-type-simple"},"_links":{"self":[{"href":"https:\/\/roveyayinevi.com.tr\/index.php\/wp-json\/wp\/v2\/product\/709490","targetHints":{"allow":["GET"]}}],"collection":[{"href":"https:\/\/roveyayinevi.com.tr\/index.php\/wp-json\/wp\/v2\/product"}],"about":[{"href":"https:\/\/roveyayinevi.com.tr\/index.php\/wp-json\/wp\/v2\/types\/product"}],"wp:attachment":[{"href":"https:\/\/roveyayinevi.com.tr\/index.php\/wp-json\/wp\/v2\/media?parent=709490"}],"wp:term":[{"taxonomy":"product_brand","embeddable":true,"href":"https:\/\/roveyayinevi.com.tr\/index.php\/wp-json\/wp\/v2\/product_brand?post=709490"},{"taxonomy":"product_cat","embeddable":true,"href":"https:\/\/roveyayinevi.com.tr\/index.php\/wp-json\/wp\/v2\/product_cat?post=709490"},{"taxonomy":"product_tag","embeddable":true,"href":"https:\/\/roveyayinevi.com.tr\/index.php\/wp-json\/wp\/v2\/product_tag?post=709490"}],"curies":[{"name":"wp","href":"https:\/\/api.w.org\/{rel}","templated":true}]}}