{"id":709487,"date":"2025-08-27T16:25:49","date_gmt":"2025-08-27T13:25:49","guid":{"rendered":"https:\/\/roveyayinevi.com.tr\/index.php\/urun\/dunyanin-en-normal-anormaller-okulu\/"},"modified":"2026-04-16T02:18:06","modified_gmt":"2026-04-15T23:18:06","slug":"dunyanin-en-normal-anormaller-okulu","status":"publish","type":"product","link":"https:\/\/roveyayinevi.com.tr\/index.php\/urun\/dunyanin-en-normal-anormaller-okulu\/","title":{"rendered":"D\u00fcnyan\u0131n En Normal Anormaller Okulu"},"content":{"rendered":"<p>Dilem\u2019in annesi, her \u015fey normalmi\u015f gibi davranmakta ustayd\u0131. Ama asl\u0131nda hi\u00e7bir \u015fey normal de\u011fildi. Sekiz ya\u015f\u0131na kadar t\u00fcm \u00e7ocuklar\u0131n kendisi gibi oldu\u011funu sanan Dilem\u2019in hayat\u0131, R\u00fczg\u00e2rl\u0131 Tepe\u2019deki evinden \u00e7\u0131kt\u0131\u011f\u0131 andan itibaren tamamen de\u011fi\u015fti. S\u0131ra d\u0131\u015f\u0131 \u00f6zellikleri olan ba\u015fka \u00e7ocuklarla beraber yat\u0131l\u0131 G\u00fcl\u00fc\u015f G\u00fcl\u00fc\u015f Koleji\u2019nde okumaya ba\u015flamak hem h\u00fcz\u00fcnl\u00fc hem de e\u011flenceliydi. Ta ki buran\u0131n ger\u00e7ek bir okul olmad\u0131\u011f\u0131n\u0131 fark edene kadar&#8230; \u015eimdi \u00f6n\u00fcnde iki se\u00e7enek var: Binan\u0131n \u00f6b\u00fcr kanad\u0131ndaki b\u00fcy\u00fck s\u0131rr\u0131 \u00e7\u00f6zmek ya da di\u011fer arkada\u015flar\u0131 gibi ortadan kaybolaca\u011f\u0131 g\u00fcn\u00fc beklemek&#8230; \ufffcTan\u0131t\u0131m Metni<\/p>\n","protected":false},"excerpt":{"rendered":"<p>Dilem\u2019in annesi, her \u015fey normalmi\u015f gibi davranmakta ustayd\u0131. Ama asl\u0131nda hi\u00e7bir \u015fey normal de\u011fildi. Sekiz ya\u015f\u0131na kadar t\u00fcm \u00e7ocuklar\u0131n kendisi gibi oldu\u011funu sanan Dilem\u2019in hayat\u0131, R\u00fczg\u00e2rl\u0131<span class=\"excerpt-hellip\"> [\u2026]<\/span><\/p>\n","protected":false},"featured_media":0,"template":"","meta":{"_monsterinsights_skip_tracking":false,"_monsterinsights_sitenote_active":false,"_monsterinsights_sitenote_note":"","_monsterinsights_sitenote_category":0},"product_brand":[],"product_cat":[12274,12284],"product_tag":[],"class_list":{"0":"post-709487","1":"product","2":"type-product","3":"status-publish","5":"product_cat-cocuk-ve-genclik-kitaplari","6":"product_cat-hikayeler","7":"pa_cilt-ciltsiz","8":"pa_tur-kitap","9":"pa_yayinevi-altin-kitaplar-boyama-ve-cocuk-kitaplari","10":"pa_yazar-hanzade-servi","12":"first","13":"instock","14":"sale","15":"shipping-taxable","16":"purchasable","17":"product-type-simple"},"_links":{"self":[{"href":"https:\/\/roveyayinevi.com.tr\/index.php\/wp-json\/wp\/v2\/product\/709487","targetHints":{"allow":["GET"]}}],"collection":[{"href":"https:\/\/roveyayinevi.com.tr\/index.php\/wp-json\/wp\/v2\/product"}],"about":[{"href":"https:\/\/roveyayinevi.com.tr\/index.php\/wp-json\/wp\/v2\/types\/product"}],"wp:attachment":[{"href":"https:\/\/roveyayinevi.com.tr\/index.php\/wp-json\/wp\/v2\/media?parent=709487"}],"wp:term":[{"taxonomy":"product_brand","embeddable":true,"href":"https:\/\/roveyayinevi.com.tr\/index.php\/wp-json\/wp\/v2\/product_brand?post=709487"},{"taxonomy":"product_cat","embeddable":true,"href":"https:\/\/roveyayinevi.com.tr\/index.php\/wp-json\/wp\/v2\/product_cat?post=709487"},{"taxonomy":"product_tag","embeddable":true,"href":"https:\/\/roveyayinevi.com.tr\/index.php\/wp-json\/wp\/v2\/product_tag?post=709487"}],"curies":[{"name":"wp","href":"https:\/\/api.w.org\/{rel}","templated":true}]}}