{"id":709485,"date":"2025-08-27T16:25:48","date_gmt":"2025-08-27T13:25:48","guid":{"rendered":"https:\/\/roveyayinevi.com.tr\/index.php\/urun\/soyagacimizdaki-maymun-insan-evriminin-yeni-bilimi\/"},"modified":"2025-11-09T04:16:42","modified_gmt":"2025-11-09T01:16:42","slug":"soyagacimizdaki-maymun-insan-evriminin-yeni-bilimi","status":"publish","type":"product","link":"https:\/\/roveyayinevi.com.tr\/index.php\/urun\/soyagacimizdaki-maymun-insan-evriminin-yeni-bilimi\/","title":{"rendered":"Soya\u011fac\u0131m\u0131zdaki Maymun-\u0130nsan Evriminin Yeni Bilimi"},"content":{"rendered":"<p>\u201c\u0130nsan\u0131n Evrimi\u201d herkesin fikir sahibi olup da ger\u00e7ekte hakk\u0131nda pek az \u015fey bildi\u011fi bir muamma. Siyasi \u00e7a\u011fr\u0131\u015f\u0131mlar\u0131, k\u00fclt\u00fcrel kabullerle olan \u00e7at\u0131\u015fmalar\u0131 ve merakl\u0131 insano\u011flu i\u00e7in sundu\u011fu potansiyeller bozuyor belki de onu kavray\u0131\u015f\u0131m\u0131z\u0131. Soya\u011fac\u0131m\u0131zdaki Maymun, i\u015fte t\u00fcm bu ka\u00e7\u0131n\u0131lmaz manip\u00fclasyonlar\u0131n \u00f6tesine ge\u00e7erek \u201cinsan\u201d\u0131n evrimle\u015fmi\u015f oldu\u011funu nereden anlayaca\u011f\u0131m\u0131z\u0131 en \u00e7ok merak edilen sorular arac\u0131l\u0131\u011f\u0131yla g\u00f6zler \u00f6n\u00fcne seriyor: Madem yak\u0131n akrabay\u0131z, neden maymun akrabalar\u0131m\u0131z bizle ayn\u0131 hastal\u0131klara yakalanm\u0131yor? Neden bizler bu kadar geli\u015fmi\u015fken onlar yerinde say\u0131yor? Neden \u00e7iftle\u015femiyoruz, neden \u00e7ocuklar\u0131m\u0131z olmuyor?Soya\u011fac\u0131m\u0131zdaki Maymun\u2019da, kendi evrim anlay\u0131\u015f\u0131n\u0131n u\u011frad\u0131\u011f\u0131 d\u00f6n\u00fc\u015f\u00fcm\u00fc de samimiyetle payla\u015f\u0131yor Eugene E. Harris: organizmalar\u0131 anatomik ayr\u0131nt\u0131lar\u0131n kar\u015f\u0131la\u015ft\u0131r\u0131lmas\u0131 yoluyla inceleyen bir fiziksel antropolog iken DNA\u2019n\u0131n 4 harfli alfabesinin i\u00e7erdi\u011fi sonsuz olas\u0131l\u0131klar\u0131n b\u00fcy\u00fcs\u00fcne kendini kapt\u0131r\u0131yor ve paleogenomikle biten ki\u015fisel yolculu\u011fu Genom Devrimi\u2019ni haber veriyor okura.Kabul edelim ya da etmeyelim, insan evriminin yeni bilimi hepimizi de\u011fi\u015ftirecek. Eugene E. Harris, City University of New York Biyolojik Bilimler ve Jeoloji B\u00f6l\u00fcm\u00fc\u2019nde Molek\u00fcler Antropoloji profes\u00f6r\u00fc. <\/p>\n","protected":false},"excerpt":{"rendered":"<p>\u201c\u0130nsan\u0131n Evrimi\u201d herkesin fikir sahibi olup da ger\u00e7ekte hakk\u0131nda pek az \u015fey bildi\u011fi bir muamma. Siyasi \u00e7a\u011fr\u0131\u015f\u0131mlar\u0131, k\u00fclt\u00fcrel kabullerle olan \u00e7at\u0131\u015fmalar\u0131 ve merakl\u0131 insano\u011flu i\u00e7in sundu\u011fu<span class=\"excerpt-hellip\"> [\u2026]<\/span><\/p>\n","protected":false},"featured_media":0,"template":"","meta":{"_monsterinsights_skip_tracking":false,"_monsterinsights_sitenote_active":false,"_monsterinsights_sitenote_note":"","_monsterinsights_sitenote_category":0},"product_brand":[],"product_cat":[13005,13006],"product_tag":[],"class_list":{"0":"post-709485","1":"product","2":"type-product","3":"status-publish","5":"product_cat-bilim-muhendislik","6":"product_cat-populer-bilim","7":"pa_cilt-ciltsiz","8":"pa_tur-kitap","9":"pa_yayinevi-koc-universitesi-yayinlari","10":"pa_yazar-eugene-e-harris","12":"first","13":"instock","14":"sale","15":"shipping-taxable","16":"purchasable","17":"product-type-simple"},"_links":{"self":[{"href":"https:\/\/roveyayinevi.com.tr\/index.php\/wp-json\/wp\/v2\/product\/709485","targetHints":{"allow":["GET"]}}],"collection":[{"href":"https:\/\/roveyayinevi.com.tr\/index.php\/wp-json\/wp\/v2\/product"}],"about":[{"href":"https:\/\/roveyayinevi.com.tr\/index.php\/wp-json\/wp\/v2\/types\/product"}],"wp:attachment":[{"href":"https:\/\/roveyayinevi.com.tr\/index.php\/wp-json\/wp\/v2\/media?parent=709485"}],"wp:term":[{"taxonomy":"product_brand","embeddable":true,"href":"https:\/\/roveyayinevi.com.tr\/index.php\/wp-json\/wp\/v2\/product_brand?post=709485"},{"taxonomy":"product_cat","embeddable":true,"href":"https:\/\/roveyayinevi.com.tr\/index.php\/wp-json\/wp\/v2\/product_cat?post=709485"},{"taxonomy":"product_tag","embeddable":true,"href":"https:\/\/roveyayinevi.com.tr\/index.php\/wp-json\/wp\/v2\/product_tag?post=709485"}],"curies":[{"name":"wp","href":"https:\/\/api.w.org\/{rel}","templated":true}]}}