{"id":709484,"date":"2025-08-27T16:25:48","date_gmt":"2025-08-27T13:25:48","guid":{"rendered":"https:\/\/roveyayinevi.com.tr\/index.php\/urun\/hukukun-ekolojisi-doga-ve-toplumla-uyumlu-bir-hukuk-sistemine-dogru\/"},"modified":"2026-04-16T02:18:06","modified_gmt":"2026-04-15T23:18:06","slug":"hukukun-ekolojisi-doga-ve-toplumla-uyumlu-bir-hukuk-sistemine-dogru","status":"publish","type":"product","link":"https:\/\/roveyayinevi.com.tr\/index.php\/urun\/hukukun-ekolojisi-doga-ve-toplumla-uyumlu-bir-hukuk-sistemine-dogru\/","title":{"rendered":"Hukukun Ekolojisi &#8211; Do\u011fa ve Toplumla Uyumlu Bir Hukuk Sistemine Do\u011fru"},"content":{"rendered":"<p>Art\u0131k d\u00fczeni de\u011fi\u015ftirmemizin zaman\u0131 geldi! \u00d6zel m\u00fclkiyetin bir \u201cdo\u011fal hak\u201d say\u0131ld\u0131\u011f\u0131, do\u011fal kaynaklar\u0131n yery\u00fcz\u00fcnde ya\u015fayan t\u00fcm canl\u0131lar\u0131n m\u00fc\u015fterek varl\u0131\u011f\u0131 olmas\u0131 gerekirken ya\u011fmalan\u0131p s\u00f6m\u00fcr\u00fcld\u00fc\u011f\u00fc bu d\u00fczen daha fazla devam edemez. Tart\u0131\u015fman\u0131n oda\u011f\u0131n\u0131 Bat\u0131\u2019n\u0131n bilim ve hukuk gelene\u011fine oturtan Hukukun Ekolojisi, bug\u00fcn k\u00fcresel \u00e7apta ya\u015fad\u0131\u011f\u0131m\u0131z \u00e7evresel, sosyal ve ekonomik krizin d\u00fcnyay\u0131 bir \u201cmakine\u201d olarak g\u00f6ren ve insanlar\u0131 da onun sahibi ilan eden mekanik\u00e7i g\u00f6r\u00fc\u015ften kaynakland\u0131\u011f\u0131n\u0131 savunuyor. Bilim insan\u0131 Fritjof Capra ile hukuk\u00e7u Ugo Mattei, do\u011fa bilimleri ile hukukun antik\u00e7a\u011fdan beri paralel ilerledi\u011fi ve bu iki disiplinin birbiri \u00fczerinde b\u00fcy\u00fck bir etkiye sahip oldu\u011fu kan\u0131s\u0131nda. Onlara g\u00f6re de\u011fi\u015fimin yolu, toplumun ya\u015fay\u0131\u015f bi\u00e7imiyle devletlerin ve \u015firketlerin g\u00fcc\u00fcn\u00fc belirleyen yasalar\u0131n mevcut, mekanik\u00e7i g\u00f6r\u00fc\u015f\u00fcn \u00fcr\u00fcnleri olmaktan \u00e7\u0131k\u0131p ekolojik ilkeler \u0131\u015f\u0131\u011f\u0131nda yeniden ve bizzat topluluklar taraf\u0131ndan olu\u015fturulmas\u0131ndan ge\u00e7iyor. Fritjof Capra, fizik\u00e7i ve sistem kuramc\u0131s\u0131, ilk ve orta \u00f6\u011frenim d\u00fczeyinde ekolojik bak\u0131\u015f\u0131 ve sistem d\u00fc\u015f\u00fcncesini te\u015fvik etme ama\u00e7l\u0131 Center for Ecoliteracy\u2019nin [Eko-okuryazarl\u0131k Merkezi] kurucu y\u00f6neticisi. Ugo Mattei, ABD\u2019de Hastings Hukuk Fak\u00fcltesi ve \u0130talya\u2019da Torino \u00dcniversitesi\u2019nde k\u00fcrs\u00fc sahibi hukuk profes\u00f6r\u00fc. \ufffcTan\u0131t\u0131m Metni<\/p>\n","protected":false},"excerpt":{"rendered":"<p>Art\u0131k d\u00fczeni de\u011fi\u015ftirmemizin zaman\u0131 geldi! \u00d6zel m\u00fclkiyetin bir \u201cdo\u011fal hak\u201d say\u0131ld\u0131\u011f\u0131, do\u011fal kaynaklar\u0131n yery\u00fcz\u00fcnde ya\u015fayan t\u00fcm canl\u0131lar\u0131n m\u00fc\u015fterek varl\u0131\u011f\u0131 olmas\u0131 gerekirken ya\u011fmalan\u0131p s\u00f6m\u00fcr\u00fcld\u00fc\u011f\u00fc bu d\u00fczen daha<span class=\"excerpt-hellip\"> [\u2026]<\/span><\/p>\n","protected":false},"featured_media":0,"template":"","meta":{"_monsterinsights_skip_tracking":false,"_monsterinsights_sitenote_active":false,"_monsterinsights_sitenote_note":"","_monsterinsights_sitenote_category":0},"product_brand":[],"product_cat":[15350,17602],"product_tag":[],"class_list":{"0":"post-709484","1":"product","2":"type-product","3":"status-publish","5":"product_cat-hukuk","6":"product_cat-hukuk-uzerine","7":"pa_cilt-ciltsiz","8":"pa_tur-kitap","9":"pa_yayinevi-koc-universitesi-yayinlari","10":"pa_yazar-fritjof-capra-and-ugo-mattei","12":"first","13":"instock","14":"sale","15":"shipping-taxable","16":"purchasable","17":"product-type-simple"},"_links":{"self":[{"href":"https:\/\/roveyayinevi.com.tr\/index.php\/wp-json\/wp\/v2\/product\/709484","targetHints":{"allow":["GET"]}}],"collection":[{"href":"https:\/\/roveyayinevi.com.tr\/index.php\/wp-json\/wp\/v2\/product"}],"about":[{"href":"https:\/\/roveyayinevi.com.tr\/index.php\/wp-json\/wp\/v2\/types\/product"}],"wp:attachment":[{"href":"https:\/\/roveyayinevi.com.tr\/index.php\/wp-json\/wp\/v2\/media?parent=709484"}],"wp:term":[{"taxonomy":"product_brand","embeddable":true,"href":"https:\/\/roveyayinevi.com.tr\/index.php\/wp-json\/wp\/v2\/product_brand?post=709484"},{"taxonomy":"product_cat","embeddable":true,"href":"https:\/\/roveyayinevi.com.tr\/index.php\/wp-json\/wp\/v2\/product_cat?post=709484"},{"taxonomy":"product_tag","embeddable":true,"href":"https:\/\/roveyayinevi.com.tr\/index.php\/wp-json\/wp\/v2\/product_tag?post=709484"}],"curies":[{"name":"wp","href":"https:\/\/api.w.org\/{rel}","templated":true}]}}