{"id":709483,"date":"2025-08-27T16:25:47","date_gmt":"2025-08-27T13:25:47","guid":{"rendered":"https:\/\/roveyayinevi.com.tr\/index.php\/urun\/top\/"},"modified":"2026-04-16T02:18:06","modified_gmt":"2026-04-15T23:18:06","slug":"top","status":"publish","type":"product","link":"https:\/\/roveyayinevi.com.tr\/index.php\/urun\/top\/","title":{"rendered":"Top"},"content":{"rendered":"<p>\u00c7a\u011fda\u015f \u0130ran edebiyat\u0131n\u0131n \u00f6zg\u00fcn kalemi S\u00e2edi, Top adl\u0131 roman\u0131yla T\u00fcrk\u00e7ede. Top, 20. y\u00fczy\u0131l ba\u015f\u0131nda \u0130ran\u2019da Me\u015frutiyet\u2019e ge\u00e7i\u015f sanc\u0131lar\u0131n\u0131n ya\u015fand\u0131\u011f\u0131 bir zaman dilimini ele al\u0131r. \u00dclke i\u00e7inden ve d\u0131\u015f\u0131ndan farkl\u0131 g\u00fc\u00e7 odaklar\u0131, siyasi iktidar\u0131 ele ge\u00e7irme m\u00fccadelesine giri\u015firler ve kendi \u00e7\u0131kar\u0131 i\u00e7in obalar\u0131 birbirine d\u00fc\u015f\u00fcren hoca, sonunda birlik olmay\u0131 ba\u015faran g\u00f6\u00e7erler taraf\u0131ndan cezaland\u0131r\u0131l\u0131r. Roman boyunca oradan oraya ta\u015f\u0131n\u0131p duran top, sonunda hedefini bulmu\u015ftur; ancak bu noktaya gelene kadar g\u00fc\u00e7s\u00fcz, masum, hi\u00e7bir \u015feyden haberi olmayan halk, yokluk i\u00e7inde ya\u015fay\u0131p b\u00fcy\u00fck eziyet g\u00f6rm\u00fc\u015ft\u00fcr. S\u00e2edi, \u00e7ekilen eziyetlerin sebebi olan hocaya topu do\u011frulturken, halka da birlik olmad\u0131k\u00e7a hi\u00e7bir sonuca ula\u015f\u0131lamayaca\u011f\u0131n\u0131 s\u00f6ylemek ister. Hekimlik mesle\u011fini kendi co\u011frafyas\u0131n\u0131 ve halk\u0131n\u0131 tan\u0131ma f\u0131rsat\u0131 olarak de\u011ferlendiren S\u00e2edi, toplumsal ger\u00e7ekleri anlatmak i\u00e7in insanlar\u0131n psikolojilerinden yola \u00e7\u0131kar; zira toplumsal de\u011fi\u015fimin yolunun bireysel de\u011fi\u015fimlerden ge\u00e7ti\u011fine inan\u0131r.\u201c\u00c7ocuklu\u011fumdan beri S\u00e2edi\u2019nin \u00f6yk\u00fc ve romanlar\u0131na merakl\u0131yd\u0131m ve onlardan \u00e7ok \u015fey \u00f6\u011frendim. S\u00e2edi bana g\u00f6re \u0130ran\u2019\u0131n Arthur Miller\u2019\u0131d\u0131r.\u201d-Asghar Farhadi- <\/p>\n","protected":false},"excerpt":{"rendered":"<p>\u00c7a\u011fda\u015f \u0130ran edebiyat\u0131n\u0131n \u00f6zg\u00fcn kalemi S\u00e2edi, Top adl\u0131 roman\u0131yla T\u00fcrk\u00e7ede. Top, 20. y\u00fczy\u0131l ba\u015f\u0131nda \u0130ran\u2019da Me\u015frutiyet\u2019e ge\u00e7i\u015f sanc\u0131lar\u0131n\u0131n ya\u015fand\u0131\u011f\u0131 bir zaman dilimini ele al\u0131r. \u00dclke i\u00e7inden<span class=\"excerpt-hellip\"> [\u2026]<\/span><\/p>\n","protected":false},"featured_media":0,"template":"","meta":{"_monsterinsights_skip_tracking":false,"_monsterinsights_sitenote_active":false,"_monsterinsights_sitenote_note":"","_monsterinsights_sitenote_category":0},"product_brand":[],"product_cat":[12291,12711],"product_tag":[],"class_list":{"0":"post-709483","1":"product","2":"type-product","3":"status-publish","5":"product_cat-edebiyat","6":"product_cat-roman-oyku","7":"pa_cilt-ciltsiz","8":"pa_tur-kitap","9":"pa_yayinevi-yapi-kredi-yayinlari","10":"pa_yazar-gulam-huseyin-saedi","12":"first","13":"instock","14":"sale","15":"shipping-taxable","16":"purchasable","17":"product-type-simple"},"_links":{"self":[{"href":"https:\/\/roveyayinevi.com.tr\/index.php\/wp-json\/wp\/v2\/product\/709483","targetHints":{"allow":["GET"]}}],"collection":[{"href":"https:\/\/roveyayinevi.com.tr\/index.php\/wp-json\/wp\/v2\/product"}],"about":[{"href":"https:\/\/roveyayinevi.com.tr\/index.php\/wp-json\/wp\/v2\/types\/product"}],"wp:attachment":[{"href":"https:\/\/roveyayinevi.com.tr\/index.php\/wp-json\/wp\/v2\/media?parent=709483"}],"wp:term":[{"taxonomy":"product_brand","embeddable":true,"href":"https:\/\/roveyayinevi.com.tr\/index.php\/wp-json\/wp\/v2\/product_brand?post=709483"},{"taxonomy":"product_cat","embeddable":true,"href":"https:\/\/roveyayinevi.com.tr\/index.php\/wp-json\/wp\/v2\/product_cat?post=709483"},{"taxonomy":"product_tag","embeddable":true,"href":"https:\/\/roveyayinevi.com.tr\/index.php\/wp-json\/wp\/v2\/product_tag?post=709483"}],"curies":[{"name":"wp","href":"https:\/\/api.w.org\/{rel}","templated":true}]}}