{"id":709482,"date":"2025-08-27T16:25:47","date_gmt":"2025-08-27T13:25:47","guid":{"rendered":"https:\/\/roveyayinevi.com.tr\/index.php\/urun\/ucuzayiyenler\/"},"modified":"2026-04-16T02:18:06","modified_gmt":"2026-04-15T23:18:06","slug":"ucuzayiyenler","status":"publish","type":"product","link":"https:\/\/roveyayinevi.com.tr\/index.php\/urun\/ucuzayiyenler\/","title":{"rendered":"Ucuzayiyenler"},"content":{"rendered":"<p>Ba\u011f\u0131ms\u0131z bir bilim insan\u0131 olan Koller, on alt\u0131 y\u0131l \u00f6nce Viyana\u2019da T\u00fcrkenschanz Park\u0131\u2019nda bir k\u00f6pe\u011fin \u0131s\u0131rmas\u0131 sonucu sol baca\u011f\u0131n\u0131 kaybetmi\u015f ve o g\u00fcnden itibaren fizyonomi \u00fcst\u00fcne bilimsel \u00e7al\u0131\u015fmas\u0131na odaklanm\u0131\u015ft\u0131r. Koller fizyonomi incelemesini y\u0131llarca kusursuz bir tasar\u0131 halinde kafas\u0131n\u0131n i\u00e7inde ta\u015f\u0131r. Y\u00fcr\u00fcy\u00fc\u015fe \u00e7\u0131kt\u0131\u011f\u0131 bir g\u00fcn bir t\u00fcr ayd\u0131nlanma \u00e2n\u0131 ya\u015far. Tasarlad\u0131\u011f\u0131 bilimsel incelemenin ilk d\u00f6rt b\u00f6l\u00fcm\u00fcn\u00fc, sol baca\u011f\u0131n\u0131 kaybetme olay\u0131n\u0131 ya\u015famadan k\u0131sa bir s\u00fcre \u00f6nce Viyana A\u00e7\u0131k Mutfa\u011f\u0131\u2019nda (VAM) tan\u0131\u015ft\u0131\u011f\u0131 d\u00f6rt \u201cUcuzayiyen\u201din fizyonomileri \u00fcst\u00fcne ara\u015ft\u0131rmas\u0131na ay\u0131rmaya karar verir. Eklemeyi kesinle\u015ftirdi\u011fi be\u015finci b\u00f6l\u00fcmse kendi fizyonomisine ili\u015fkin olacakt\u0131r.Koller\u2019in UCUZAY\u0130YENLER ad\u0131n\u0131 verdi\u011fi delice bilimsel tasar\u0131s\u0131 ger\u00e7ekle\u015febilecek midir? Tesad\u00fcfler ger\u00e7ekten tesad\u00fcf m\u00fcd\u00fcr?Ucuzayiyenler, hem trajedi hem fars niteli\u011finde, tersinin y\u00fcz\u00fcyle \u00e7arp\u0131\u015ft\u0131\u011f\u0131 bir anlat\u0131. Hayat\u0131n sa\u00e7ma olu\u015fundan ne az\u0131 ne fazlas\u0131.Bernhard&#8217;\u0131 belli bir \u00f6l\u00e7\u00fcde Canetti&#8217;nin yan\u0131 s\u0131ra kesinlikle Karl Kraus ve Nikolay Gogol gibi fig\u00fcrlerle, bu b\u00fcy\u00fck oru\u00e7 vaizleriyle ili\u015fkilendiriyorum. Ve zaten \u00f6yleydi: Bernhard bir oru\u00e7 vaiziydi. Ne zaman onu d\u00fc\u015f\u00fcnsem bir kilise k\u00fcrs\u00fcs\u00fcnde g\u00f6r\u00fcr gibi oluyorum. Pazar cemaatini nefes alamayacak noktaya getirene kadar, deyim yerindeyse h\u0131rpalarken. Zaten onun rol\u00fc de buydu, \u00f6yle de\u011fil mi? Bu, Avusturya gelene\u011finde \u00e7ok tipik bir unsurdur, 17. y\u00fczy\u0131l\u0131n Dominikan vaizinin amac\u0131 cemaate t\u00f6vbe ettirmektir; Bernhard i\u015fte bunun \u00fcstesinden geldi.W. G. Sebald<\/p>\n","protected":false},"excerpt":{"rendered":"<p>Ba\u011f\u0131ms\u0131z bir bilim insan\u0131 olan Koller, on alt\u0131 y\u0131l \u00f6nce Viyana\u2019da T\u00fcrkenschanz Park\u0131\u2019nda bir k\u00f6pe\u011fin \u0131s\u0131rmas\u0131 sonucu sol baca\u011f\u0131n\u0131 kaybetmi\u015f ve o g\u00fcnden itibaren fizyonomi \u00fcst\u00fcne<span class=\"excerpt-hellip\"> [\u2026]<\/span><\/p>\n","protected":false},"featured_media":0,"template":"","meta":{"_monsterinsights_skip_tracking":false,"_monsterinsights_sitenote_active":false,"_monsterinsights_sitenote_note":"","_monsterinsights_sitenote_category":0},"product_brand":[],"product_cat":[18545,12291],"product_tag":[],"class_list":{"0":"post-709482","1":"product","2":"type-product","3":"status-publish","5":"product_cat-anlati","6":"product_cat-edebiyat","7":"pa_cilt-ciltsiz","8":"pa_tur-kitap","9":"pa_yayinevi-yapi-kredi-yayinlari","10":"pa_yazar-thomas-bernhard","12":"first","13":"instock","14":"sale","15":"shipping-taxable","16":"purchasable","17":"product-type-simple"},"_links":{"self":[{"href":"https:\/\/roveyayinevi.com.tr\/index.php\/wp-json\/wp\/v2\/product\/709482","targetHints":{"allow":["GET"]}}],"collection":[{"href":"https:\/\/roveyayinevi.com.tr\/index.php\/wp-json\/wp\/v2\/product"}],"about":[{"href":"https:\/\/roveyayinevi.com.tr\/index.php\/wp-json\/wp\/v2\/types\/product"}],"wp:attachment":[{"href":"https:\/\/roveyayinevi.com.tr\/index.php\/wp-json\/wp\/v2\/media?parent=709482"}],"wp:term":[{"taxonomy":"product_brand","embeddable":true,"href":"https:\/\/roveyayinevi.com.tr\/index.php\/wp-json\/wp\/v2\/product_brand?post=709482"},{"taxonomy":"product_cat","embeddable":true,"href":"https:\/\/roveyayinevi.com.tr\/index.php\/wp-json\/wp\/v2\/product_cat?post=709482"},{"taxonomy":"product_tag","embeddable":true,"href":"https:\/\/roveyayinevi.com.tr\/index.php\/wp-json\/wp\/v2\/product_tag?post=709482"}],"curies":[{"name":"wp","href":"https:\/\/api.w.org\/{rel}","templated":true}]}}