{"id":709481,"date":"2025-08-27T16:25:46","date_gmt":"2025-08-27T13:25:46","guid":{"rendered":"https:\/\/roveyayinevi.com.tr\/index.php\/urun\/neseli-ingilizce-4\/"},"modified":"2026-04-16T02:18:06","modified_gmt":"2026-04-15T23:18:06","slug":"neseli-ingilizce-4","status":"publish","type":"product","link":"https:\/\/roveyayinevi.com.tr\/index.php\/urun\/neseli-ingilizce-4\/","title":{"rendered":"Ne\u015feli \u0130ngilizce 4"},"content":{"rendered":"<p>Kopar\u0131labilir Yapraklar Wh- ve Yes\/No sorular\u0131 E\u011flenceli Aktiviteler Bulmacalar Y\u0131ll\u0131k \u00dcnite De\u011ferlendirme Testleri <\/p>\n","protected":false},"excerpt":{"rendered":"<p>Kopar\u0131labilir Yapraklar Wh- ve Yes\/No sorular\u0131 E\u011flenceli Aktiviteler Bulmacalar Y\u0131ll\u0131k \u00dcnite De\u011ferlendirme Testleri<\/p>\n","protected":false},"featured_media":0,"template":"","meta":{"_monsterinsights_skip_tracking":false,"_monsterinsights_sitenote_active":false,"_monsterinsights_sitenote_note":"","_monsterinsights_sitenote_category":0},"product_brand":[],"product_cat":[14597,12566],"product_tag":[],"class_list":{"0":"post-709481","1":"product","2":"type-product","3":"status-publish","5":"product_cat-dil-ogrenimi","6":"product_cat-egitim","7":"pa_cilt-ciltsiz","8":"pa_tur-kitap","9":"pa_yayinevi-somut-yayinlari","10":"pa_yazar-nese-tasiguzel","12":"first","13":"instock","14":"sale","15":"shipping-taxable","16":"purchasable","17":"product-type-simple"},"_links":{"self":[{"href":"https:\/\/roveyayinevi.com.tr\/index.php\/wp-json\/wp\/v2\/product\/709481","targetHints":{"allow":["GET"]}}],"collection":[{"href":"https:\/\/roveyayinevi.com.tr\/index.php\/wp-json\/wp\/v2\/product"}],"about":[{"href":"https:\/\/roveyayinevi.com.tr\/index.php\/wp-json\/wp\/v2\/types\/product"}],"wp:attachment":[{"href":"https:\/\/roveyayinevi.com.tr\/index.php\/wp-json\/wp\/v2\/media?parent=709481"}],"wp:term":[{"taxonomy":"product_brand","embeddable":true,"href":"https:\/\/roveyayinevi.com.tr\/index.php\/wp-json\/wp\/v2\/product_brand?post=709481"},{"taxonomy":"product_cat","embeddable":true,"href":"https:\/\/roveyayinevi.com.tr\/index.php\/wp-json\/wp\/v2\/product_cat?post=709481"},{"taxonomy":"product_tag","embeddable":true,"href":"https:\/\/roveyayinevi.com.tr\/index.php\/wp-json\/wp\/v2\/product_tag?post=709481"}],"curies":[{"name":"wp","href":"https:\/\/api.w.org\/{rel}","templated":true}]}}