{"id":709475,"date":"2025-08-27T16:25:43","date_gmt":"2025-08-27T13:25:43","guid":{"rendered":"https:\/\/roveyayinevi.com.tr\/index.php\/urun\/donusum-oykuleri\/"},"modified":"2026-04-16T02:18:06","modified_gmt":"2026-04-15T23:18:06","slug":"donusum-oykuleri","status":"publish","type":"product","link":"https:\/\/roveyayinevi.com.tr\/index.php\/urun\/donusum-oykuleri\/","title":{"rendered":"D\u00f6n\u00fc\u015f\u00fcm \u00d6yk\u00fcleri"},"content":{"rendered":"<p>D\u00f6rt \u00e7ocuk bir aradayd\u0131.Birinci \u00e7ocuk, &#8221;Avucumun i\u00e7inde t\u0131rt\u0131l var.&#8221; dedi. Avucunu a\u00e7t\u0131. Kelebek u\u00e7tu gitti.\u0130kinci \u00e7ocuk, &#8221;Avucumun i\u00e7inde su damlas\u0131 var.&#8221; dedir. Avucunu a\u00e7t\u0131. Avucu bombo\u015ftu. G\u00f6ky\u00fcz\u00fcnde k\u00fc\u00f6\u00fc bir bulut\u00e7uk g\u00f6z k\u0131rp\u0131yordu bu s\u0131rada.\u00dc\u00e7\u00fcnc\u00fc \u00e7ocu\u011fun elleri arkas\u0131ndayd\u0131. Bir \u015fey sakl\u0131yordu. &#8221;Arkamda tuttu\u011fum kab\u0131n i\u00e7inde iriba\u015f var.&#8221; dedi. \u0130riba\u015f\u0131 g\u00f6stermek i\u00e7in kab\u0131 arkada\u015flar\u0131na do\u011fru uzatt\u0131. Kaptan bir kurba\u011fa yere atlad\u0131, v\u0131raklayarak uzakla\u015ft\u0131.D\u00f6rd\u00fcnc\u00fc \u00e7ocuk, &#8221;Avucumun i\u00e7inde tohum var.&#8221; dedir. Tohumu g\u00f6sterme i\u00e7in avucunu a\u00e7\u0131yordu ki tohum topra\u011fa d\u00fc\u015ft\u00fc. Hepsi birden, &#8221;Bu bizim g\u00fcnebakan\u0131m\u0131z olsun.&#8221; dediler. <\/p>\n","protected":false},"excerpt":{"rendered":"<p>D\u00f6rt \u00e7ocuk bir aradayd\u0131.Birinci \u00e7ocuk, &#8221;Avucumun i\u00e7inde t\u0131rt\u0131l var.&#8221; dedi. Avucunu a\u00e7t\u0131. Kelebek u\u00e7tu gitti.\u0130kinci \u00e7ocuk, &#8221;Avucumun i\u00e7inde su damlas\u0131 var.&#8221; dedir. Avucunu a\u00e7t\u0131. Avucu bombo\u015ftu.<span class=\"excerpt-hellip\"> [\u2026]<\/span><\/p>\n","protected":false},"featured_media":0,"template":"","meta":{"_monsterinsights_skip_tracking":false,"_monsterinsights_sitenote_active":false,"_monsterinsights_sitenote_note":"","_monsterinsights_sitenote_category":0},"product_brand":[],"product_cat":[12274,12284],"product_tag":[],"class_list":{"0":"post-709475","1":"product","2":"type-product","3":"status-publish","5":"product_cat-cocuk-ve-genclik-kitaplari","6":"product_cat-hikayeler","7":"pa_cilt-ciltsiz","8":"pa_tur-kitap","9":"pa_yayinevi-somut-yayinlari","10":"pa_yazar-elif-dumanli","12":"first","13":"instock","14":"sale","15":"shipping-taxable","16":"purchasable","17":"product-type-simple"},"_links":{"self":[{"href":"https:\/\/roveyayinevi.com.tr\/index.php\/wp-json\/wp\/v2\/product\/709475","targetHints":{"allow":["GET"]}}],"collection":[{"href":"https:\/\/roveyayinevi.com.tr\/index.php\/wp-json\/wp\/v2\/product"}],"about":[{"href":"https:\/\/roveyayinevi.com.tr\/index.php\/wp-json\/wp\/v2\/types\/product"}],"wp:attachment":[{"href":"https:\/\/roveyayinevi.com.tr\/index.php\/wp-json\/wp\/v2\/media?parent=709475"}],"wp:term":[{"taxonomy":"product_brand","embeddable":true,"href":"https:\/\/roveyayinevi.com.tr\/index.php\/wp-json\/wp\/v2\/product_brand?post=709475"},{"taxonomy":"product_cat","embeddable":true,"href":"https:\/\/roveyayinevi.com.tr\/index.php\/wp-json\/wp\/v2\/product_cat?post=709475"},{"taxonomy":"product_tag","embeddable":true,"href":"https:\/\/roveyayinevi.com.tr\/index.php\/wp-json\/wp\/v2\/product_tag?post=709475"}],"curies":[{"name":"wp","href":"https:\/\/api.w.org\/{rel}","templated":true}]}}