{"id":709472,"date":"2025-08-27T16:25:41","date_gmt":"2025-08-27T13:25:41","guid":{"rendered":"https:\/\/roveyayinevi.com.tr\/index.php\/urun\/matematik-eglencedir\/"},"modified":"2026-04-16T02:18:06","modified_gmt":"2026-04-15T23:18:06","slug":"matematik-eglencedir","status":"publish","type":"product","link":"https:\/\/roveyayinevi.com.tr\/index.php\/urun\/matematik-eglencedir\/","title":{"rendered":"Matematik E\u011flencedir"},"content":{"rendered":"<p>&#8221;Size form\u00fcller ezberletmiyoruz. Zor gelebilecek problemlerin \u00e7\u00f6z\u00fcm\u00fcyle u\u011fra\u015f\u0131p bunalman\u0131z\u0131, s\u0131k\u0131lman\u0131z\u0131 istemiyoruz. Matemati\u011fi as\u0131k suratla g\u00f6ren varsa i\u00e7inizde, l\u00fctfen bu kitab\u0131 okumay\u0131n. Meselenin hi\u00e7te \u00f6yle olmad\u0131\u011f\u0131 anla\u015f\u0131lacakt\u0131r. \u0130yi e\u011flenceler&#8230;&#8221; <\/p>\n","protected":false},"excerpt":{"rendered":"<p>&#8221;Size form\u00fcller ezberletmiyoruz. Zor gelebilecek problemlerin \u00e7\u00f6z\u00fcm\u00fcyle u\u011fra\u015f\u0131p bunalman\u0131z\u0131, s\u0131k\u0131lman\u0131z\u0131 istemiyoruz. Matemati\u011fi as\u0131k suratla g\u00f6ren varsa i\u00e7inizde, l\u00fctfen bu kitab\u0131 okumay\u0131n. Meselenin hi\u00e7te \u00f6yle olmad\u0131\u011f\u0131 anla\u015f\u0131lacakt\u0131r.<span class=\"excerpt-hellip\"> [\u2026]<\/span><\/p>\n","protected":false},"featured_media":0,"template":"","meta":{"_monsterinsights_skip_tracking":false,"_monsterinsights_sitenote_active":false,"_monsterinsights_sitenote_note":"","_monsterinsights_sitenote_category":0},"product_brand":[],"product_cat":[12274,15842],"product_tag":[],"class_list":{"0":"post-709472","1":"product","2":"type-product","3":"status-publish","5":"product_cat-cocuk-ve-genclik-kitaplari","6":"product_cat-egitici-kitaplar","7":"pa_cilt-ciltsiz","8":"pa_tur-kitap","9":"pa_yayinevi-somut-yayinlari","10":"pa_yazar-komisyon","12":"first","13":"instock","14":"sale","15":"shipping-taxable","16":"purchasable","17":"product-type-simple"},"_links":{"self":[{"href":"https:\/\/roveyayinevi.com.tr\/index.php\/wp-json\/wp\/v2\/product\/709472","targetHints":{"allow":["GET"]}}],"collection":[{"href":"https:\/\/roveyayinevi.com.tr\/index.php\/wp-json\/wp\/v2\/product"}],"about":[{"href":"https:\/\/roveyayinevi.com.tr\/index.php\/wp-json\/wp\/v2\/types\/product"}],"wp:attachment":[{"href":"https:\/\/roveyayinevi.com.tr\/index.php\/wp-json\/wp\/v2\/media?parent=709472"}],"wp:term":[{"taxonomy":"product_brand","embeddable":true,"href":"https:\/\/roveyayinevi.com.tr\/index.php\/wp-json\/wp\/v2\/product_brand?post=709472"},{"taxonomy":"product_cat","embeddable":true,"href":"https:\/\/roveyayinevi.com.tr\/index.php\/wp-json\/wp\/v2\/product_cat?post=709472"},{"taxonomy":"product_tag","embeddable":true,"href":"https:\/\/roveyayinevi.com.tr\/index.php\/wp-json\/wp\/v2\/product_tag?post=709472"}],"curies":[{"name":"wp","href":"https:\/\/api.w.org\/{rel}","templated":true}]}}