{"id":709460,"date":"2025-08-27T16:25:35","date_gmt":"2025-08-27T13:25:35","guid":{"rendered":"https:\/\/roveyayinevi.com.tr\/index.php\/urun\/kadinin-adi-var\/"},"modified":"2026-04-16T02:18:06","modified_gmt":"2026-04-15T23:18:06","slug":"kadinin-adi-var","status":"publish","type":"product","link":"https:\/\/roveyayinevi.com.tr\/index.php\/urun\/kadinin-adi-var\/","title":{"rendered":"Kad\u0131n\u0131n Ad\u0131 Var"},"content":{"rendered":"<p>Kad\u0131n ve erkek d\u00fcnyan\u0131n gece ve g\u00fcnd\u00fcz y\u00fcz\u00fc gibidirler. Kad\u0131n bilinmeyenlerle dolu anla\u015f\u0131lmaz karma\u015f\u0131k gece y\u00fcz\u00fc ile erkek i\u00e7in her zaman merak konusu olmu\u015ftur. \u0130nsan\u0131 gecenin i\u00e7inde gizledi\u011fi bilinmeyenler ne denli \u00fcrk\u00fctm\u00fc\u015fse kad\u0131n\u0131 ke\u015ffetmek, anlamak fikri de kimi erke\u011fi \u00f6yle \u00fcrk\u00fctm\u00fc\u015ft\u00fcr. As\u0131rl\u0131k zamanlara, bilimsel, sosyo-ekonomik de\u011fi\u015fikliklere, geli\u015fmelerin getirdi\u011fi de\u011fi\u015fimlere ve modern \u00e7a\u011f\u0131n t\u00fcm getirilerine ra\u011fmen iki cinsiyet aras\u0131nda binlerce y\u0131ld\u0131r gizli bir m\u00fccadele s\u00f6z konusudur. Bu \u201cvarl\u0131\u011f\u0131n \u00fcst\u00fcnl\u00fc\u011f\u00fc\u201d ve \u201ckimlik\u201d m\u00fccadelesidir.Oysa insan bir cinsiyet olarak de\u011fil \u015fuursal bir varl\u0131k olarak do\u011far. D\u00fc\u015f\u00fcncenin cinsiyeti yoktur. Do\u011frular\u0131n da.Elinizdeki bu kitap sadece kad\u0131nlara Kad\u0131n\u0131 de\u011fil, t\u00fcm topluma k\u00fclt\u00fcr medeniyetinin kad\u0131n merkezindeki yolculu\u011funu anlatan insanl\u0131k \u00f6yk\u00fcs\u00fcd\u00fcr.Bu kitap size yeni bilgiler ve yeni bir bak\u0131\u015f a\u00e7\u0131s\u0131 kazand\u0131racak. Okudu\u011funuzda ataerkil kabullerin olu\u015fturdu\u011fu \u015fartlanma ve kitlenmeler neticesinde \u201cKad\u0131n\u201d\u0131n farkl\u0131 k\u00fclt\u00fcrler i\u00e7erisinde alg\u0131lan\u0131\u015f bi\u00e7imlerini ve g\u00f6r\u00fcnt\u00fcleri g\u00f6recek baz\u0131 ak\u0131l almaz tarihi ger\u00e7ekler ve uygulamalar kar\u015f\u0131s\u0131nda hayrete d\u00fc\u015feceksiniz. <\/p>\n","protected":false},"excerpt":{"rendered":"<p>Kad\u0131n ve erkek d\u00fcnyan\u0131n gece ve g\u00fcnd\u00fcz y\u00fcz\u00fc gibidirler. Kad\u0131n bilinmeyenlerle dolu anla\u015f\u0131lmaz karma\u015f\u0131k gece y\u00fcz\u00fc ile erkek i\u00e7in her zaman merak konusu olmu\u015ftur. \u0130nsan\u0131 gecenin<span class=\"excerpt-hellip\"> [\u2026]<\/span><\/p>\n","protected":false},"featured_media":0,"template":"","meta":{"_monsterinsights_skip_tracking":false,"_monsterinsights_sitenote_active":false,"_monsterinsights_sitenote_note":"","_monsterinsights_sitenote_category":0},"product_brand":[],"product_cat":[12312,12304],"product_tag":[],"class_list":{"0":"post-709460","1":"product","2":"type-product","3":"status-publish","5":"product_cat-diger","6":"product_cat-tarih","7":"pa_cilt-ciltsiz","8":"pa_tur-kitap","9":"pa_yayinevi-nergiz-yayinlari","10":"pa_yazar-ozlem-aksit","12":"first","13":"instock","14":"sale","15":"shipping-taxable","16":"purchasable","17":"product-type-simple"},"_links":{"self":[{"href":"https:\/\/roveyayinevi.com.tr\/index.php\/wp-json\/wp\/v2\/product\/709460","targetHints":{"allow":["GET"]}}],"collection":[{"href":"https:\/\/roveyayinevi.com.tr\/index.php\/wp-json\/wp\/v2\/product"}],"about":[{"href":"https:\/\/roveyayinevi.com.tr\/index.php\/wp-json\/wp\/v2\/types\/product"}],"wp:attachment":[{"href":"https:\/\/roveyayinevi.com.tr\/index.php\/wp-json\/wp\/v2\/media?parent=709460"}],"wp:term":[{"taxonomy":"product_brand","embeddable":true,"href":"https:\/\/roveyayinevi.com.tr\/index.php\/wp-json\/wp\/v2\/product_brand?post=709460"},{"taxonomy":"product_cat","embeddable":true,"href":"https:\/\/roveyayinevi.com.tr\/index.php\/wp-json\/wp\/v2\/product_cat?post=709460"},{"taxonomy":"product_tag","embeddable":true,"href":"https:\/\/roveyayinevi.com.tr\/index.php\/wp-json\/wp\/v2\/product_tag?post=709460"}],"curies":[{"name":"wp","href":"https:\/\/api.w.org\/{rel}","templated":true}]}}