{"id":709459,"date":"2025-08-27T16:25:34","date_gmt":"2025-08-27T13:25:34","guid":{"rendered":"https:\/\/roveyayinevi.com.tr\/index.php\/urun\/ataturk-ekonomi-ve-milliyetcilik\/"},"modified":"2026-04-16T02:18:06","modified_gmt":"2026-04-15T23:18:06","slug":"ataturk-ekonomi-ve-milliyetcilik","status":"publish","type":"product","link":"https:\/\/roveyayinevi.com.tr\/index.php\/urun\/ataturk-ekonomi-ve-milliyetcilik\/","title":{"rendered":"Atat\u00fcrk Ekonomi ve Milliyet\u00e7ilik"},"content":{"rendered":"<p>Atat\u00fcrk kendi kurdu\u011fu Orman \u00c7iftli\u011fi&#8217;nde modern ziraat alet ve makinelerinin kulland\u0131r\u0131lmas\u0131na \u00f6nem vermi\u015ftir. B\u00f6ylece tar\u0131m alan\u0131nda at\u0131l\u0131mlar yap\u0131l\u0131rken elbette \u00e7a\u011fda\u015f \u00fclkelerde oldu\u011fu gibi tar\u0131m\u0131n organize edilmesi gere\u011fi vard\u0131r. Bu alanda Ziraat Vekaleti Te\u015fkilinde dair 1910 say\u0131l\u0131 kanun 29 Aral\u0131k 1931 y\u0131l\u0131nda \u00e7\u0131km\u0131\u015ft\u0131r. Daha sonra da ek yasalar y\u00fcr\u00fcrl\u00fc\u011fe girmi\u015ftir. Yine kurumla\u015fma ile ilgili olarak Veteriner Te\u015fkilat\u0131, Orman Te\u015fkilat\u0131 bu d\u00f6nemde \u00e7a\u011fda\u015f bir d\u00fczene sokulmu\u015ftur. 4 Haziran 1935 y\u0131l\u0131nda \u00e7\u0131kan Ziraat Vekaleti Vazife ve Te\u015fkilat kanununda veteriner ve 1937 y\u0131l\u0131nda kabul edilen 3116 say\u0131l\u0131 Orman Kanunu ve ilaveleriyle Orman Te\u015fkilat\u0131 kurulmu\u015ftur. Veterinerlik alan\u0131nda 3 May\u0131s 1928 y\u0131l\u0131nda \u00e7\u0131kar\u0131lan Hayvan Sa\u011fl\u0131k ve Zab\u0131tas\u0131 kan\u0131nu hen\u00fcz y\u00fcr\u00fcrl\u00fcktedir. O d\u00f6nemde i\u015fletmelere \u00c7a\u011fda\u015f Tar\u0131m&#8217;\u0131n icab\u0131 olan d\u00f6ner sermaye erilmesi (1934) Tar\u0131m Sat\u0131\u015f ve Kredi Kooperatiflerinin kurulu\u015fu (1935), Pam\u0131k i\u015fleri, \u00e7eltik ekimi, T.C. Ziraat Bankas\u0131&#8217;n\u0131n kurulu\u015fu, Devlet Meteoroloji \u0130\u015fleri Umum M\u00fcd\u00fcrl\u00fc\u011f\u00fcn\u00fcn&#8217;n\u00fcn kurulu\u015fu 1937 y\u0131l\u0131ndad\u0131r. Ayr\u0131ca 1933 y\u0131l\u0131nda Y\u00fcksek Ziraat Enstit\u00fcs\u00fc kurulmu\u015f ve sonra bu enstit\u00fcden Ankara \u00dcniversitesi Ziraat ve Veteriner Fak\u00fclt\u00fcleri do\u011fmu\u015ftur. Yine bu d\u00f6nemde \u00f6nemli bir at\u0131l\u0131m olarak \u015feker pancar ekimi ile \u015eeker Fabrikalar\u0131n\u0131n kurulu\u015fu T\u00fcrkiye Cumhuriyeti Tar\u0131m Politikas\u0131&#8217;n\u0131n de\u011fi\u015fmez temel ta\u015flar\u0131ndand\u0131r. \ufffcTan\u0131t\u0131m Metni<\/p>\n","protected":false},"excerpt":{"rendered":"<p>Atat\u00fcrk kendi kurdu\u011fu Orman \u00c7iftli\u011fi&#8217;nde modern ziraat alet ve makinelerinin kulland\u0131r\u0131lmas\u0131na \u00f6nem vermi\u015ftir. B\u00f6ylece tar\u0131m alan\u0131nda at\u0131l\u0131mlar yap\u0131l\u0131rken elbette \u00e7a\u011fda\u015f \u00fclkelerde oldu\u011fu gibi tar\u0131m\u0131n organize edilmesi<span class=\"excerpt-hellip\"> [\u2026]<\/span><\/p>\n","protected":false},"featured_media":0,"template":"","meta":{"_monsterinsights_skip_tracking":false,"_monsterinsights_sitenote_active":false,"_monsterinsights_sitenote_note":"","_monsterinsights_sitenote_category":0},"product_brand":[],"product_cat":[12573,12566],"product_tag":[],"class_list":{"0":"post-709459","1":"product","2":"type-product","3":"status-publish","5":"product_cat-akademik-kitaplar","6":"product_cat-egitim","7":"pa_cilt-ciltsiz","8":"pa_tur-kitap","9":"pa_yayinevi-nergiz-yayinlari","10":"pa_yazar-cazim-gurbuz","12":"first","13":"instock","14":"sale","15":"shipping-taxable","16":"purchasable","17":"product-type-simple"},"_links":{"self":[{"href":"https:\/\/roveyayinevi.com.tr\/index.php\/wp-json\/wp\/v2\/product\/709459","targetHints":{"allow":["GET"]}}],"collection":[{"href":"https:\/\/roveyayinevi.com.tr\/index.php\/wp-json\/wp\/v2\/product"}],"about":[{"href":"https:\/\/roveyayinevi.com.tr\/index.php\/wp-json\/wp\/v2\/types\/product"}],"wp:attachment":[{"href":"https:\/\/roveyayinevi.com.tr\/index.php\/wp-json\/wp\/v2\/media?parent=709459"}],"wp:term":[{"taxonomy":"product_brand","embeddable":true,"href":"https:\/\/roveyayinevi.com.tr\/index.php\/wp-json\/wp\/v2\/product_brand?post=709459"},{"taxonomy":"product_cat","embeddable":true,"href":"https:\/\/roveyayinevi.com.tr\/index.php\/wp-json\/wp\/v2\/product_cat?post=709459"},{"taxonomy":"product_tag","embeddable":true,"href":"https:\/\/roveyayinevi.com.tr\/index.php\/wp-json\/wp\/v2\/product_tag?post=709459"}],"curies":[{"name":"wp","href":"https:\/\/api.w.org\/{rel}","templated":true}]}}