{"id":709457,"date":"2025-08-27T16:25:33","date_gmt":"2025-08-27T13:25:33","guid":{"rendered":"https:\/\/roveyayinevi.com.tr\/index.php\/urun\/dokun-sihirli-agaca\/"},"modified":"2026-04-16T02:18:06","modified_gmt":"2026-04-15T23:18:06","slug":"dokun-sihirli-agaca","status":"publish","type":"product","link":"https:\/\/roveyayinevi.com.tr\/index.php\/urun\/dokun-sihirli-agaca\/","title":{"rendered":"Dokun Sihirli A\u011faca"},"content":{"rendered":"<p>Dokun Sihirli A\u011faca, etkile\u015fimli kitaplar i\u00e7in tablet uygulamalar\u0131na ihtiyac\u0131n\u0131z olmad\u0131\u011f\u0131n\u0131 kan\u0131tl\u0131yor. Hadi, kitab\u0131n sayfalar\u0131n\u0131 \u00e7evirmeye ba\u015fla. A\u011fac\u0131n g\u00f6vdesini t\u0131p\u0131rdat, yapraklar\u0131n\u0131 ok\u015fa ve alk\u0131\u015fla. A\u011fa\u00e7 sihirli ama sihirbaz sensin!<\/p>\n","protected":false},"excerpt":{"rendered":"<p>Dokun Sihirli A\u011faca, etkile\u015fimli kitaplar i\u00e7in tablet uygulamalar\u0131na ihtiyac\u0131n\u0131z olmad\u0131\u011f\u0131n\u0131 kan\u0131tl\u0131yor. Hadi, kitab\u0131n sayfalar\u0131n\u0131 \u00e7evirmeye ba\u015fla. A\u011fac\u0131n g\u00f6vdesini t\u0131p\u0131rdat, yapraklar\u0131n\u0131 ok\u015fa ve alk\u0131\u015fla. A\u011fa\u00e7 sihirli ama<span class=\"excerpt-hellip\"> [\u2026]<\/span><\/p>\n","protected":false},"featured_media":0,"template":"","meta":{"_monsterinsights_skip_tracking":false,"_monsterinsights_sitenote_active":false,"_monsterinsights_sitenote_note":"","_monsterinsights_sitenote_category":0},"product_brand":[],"product_cat":[12274,12284],"product_tag":[],"class_list":{"0":"post-709457","1":"product","2":"type-product","3":"status-publish","5":"product_cat-cocuk-ve-genclik-kitaplari","6":"product_cat-hikayeler","7":"pa_cilt-ciltsiz","8":"pa_tur-kitap","9":"pa_yayinevi-kuraldisi-yayinevi","10":"pa_yazar-komisyon","12":"first","13":"instock","14":"sale","15":"shipping-taxable","16":"purchasable","17":"product-type-simple"},"_links":{"self":[{"href":"https:\/\/roveyayinevi.com.tr\/index.php\/wp-json\/wp\/v2\/product\/709457","targetHints":{"allow":["GET"]}}],"collection":[{"href":"https:\/\/roveyayinevi.com.tr\/index.php\/wp-json\/wp\/v2\/product"}],"about":[{"href":"https:\/\/roveyayinevi.com.tr\/index.php\/wp-json\/wp\/v2\/types\/product"}],"wp:attachment":[{"href":"https:\/\/roveyayinevi.com.tr\/index.php\/wp-json\/wp\/v2\/media?parent=709457"}],"wp:term":[{"taxonomy":"product_brand","embeddable":true,"href":"https:\/\/roveyayinevi.com.tr\/index.php\/wp-json\/wp\/v2\/product_brand?post=709457"},{"taxonomy":"product_cat","embeddable":true,"href":"https:\/\/roveyayinevi.com.tr\/index.php\/wp-json\/wp\/v2\/product_cat?post=709457"},{"taxonomy":"product_tag","embeddable":true,"href":"https:\/\/roveyayinevi.com.tr\/index.php\/wp-json\/wp\/v2\/product_tag?post=709457"}],"curies":[{"name":"wp","href":"https:\/\/api.w.org\/{rel}","templated":true}]}}