{"id":709455,"date":"2025-08-27T16:25:32","date_gmt":"2025-08-27T13:25:32","guid":{"rendered":"https:\/\/roveyayinevi.com.tr\/index.php\/urun\/istanbulun-tarihi-kulturu-ve-yasami\/"},"modified":"2026-04-16T02:18:06","modified_gmt":"2026-04-15T23:18:06","slug":"istanbulun-tarihi-kulturu-ve-yasami","status":"publish","type":"product","link":"https:\/\/roveyayinevi.com.tr\/index.php\/urun\/istanbulun-tarihi-kulturu-ve-yasami\/","title":{"rendered":"\u0130stanbul&#8217;un Tarihi K\u00fclt\u00fcr\u00fc ve Ya\u015fam\u0131"},"content":{"rendered":"<p>Bir Koltuk Gezgininden \u0130stanbulYazar, ara\u015ft\u0131rmac\u0131 ve seyyah Richard Tillinghast, 50 y\u0131la dayanan g\u00f6zlemleri ve yapt\u0131\u011f\u0131 kapsaml\u0131 ara\u015ft\u0131rmalar \u0131\u015f\u0131\u011f\u0131nda \u0130stanbul\u2019un imparatorluklar \u015fehrinden bir metropole d\u00f6n\u00fc\u015f\u00fcm\u00fcn\u00fcn hik\u00e2yesini anlat\u0131yor. \u015eehrin Bizans, Osmanl\u0131 ve T\u00fcrk k\u00f6klerinden beslenen sanat\u0131n\u0131n, mimarisinin, k\u00fclt\u00fcr\u00fcn\u00fcn, tarihinin, edebiyat\u0131n\u0131n ve mutfa\u011f\u0131n\u0131n b\u00fct\u00fcn detaylar\u0131na iniyor. Tillinghast rehberli\u011finde \u015fehrin sokaklar\u0131n\u0131, m\u00fczelerini, saraylar\u0131n\u0131, camilerini, kiliselerini, restoran ve \u00e7ar\u015f\u0131lar\u0131n\u0131 gezerken hem Konstantinopolis\u2019i hem de \u0130stanbul\u2019u bir arada ya\u015fad\u0131\u011f\u0131n\u0131z\u0131 hissedeceksiniz.Roman tad\u0131ndaki bu kitapta Bizans imparatorlar\u0131, din adamlar\u0131 ve saray e\u015fraf\u0131n\u0131n hayaletleri Osmanl\u0131 sultanlar\u0131, \u015fairler ve dervi\u015flerle kol kola geziyor. \u0130stanbul\u2019un tarihi, k\u00fclt\u00fcr\u00fc ve ya\u015fam\u0131 hakk\u0131nda bir rehber niteli\u011finde olan bu kitab\u0131 okudu\u011funuzda \u015eehirlerin Krali\u00e7esi \u0130stanbul\u2019u yeniden ke\u015ffedeceksiniz <\/p>\n","protected":false},"excerpt":{"rendered":"<p>Bir Koltuk Gezgininden \u0130stanbulYazar, ara\u015ft\u0131rmac\u0131 ve seyyah Richard Tillinghast, 50 y\u0131la dayanan g\u00f6zlemleri ve yapt\u0131\u011f\u0131 kapsaml\u0131 ara\u015ft\u0131rmalar \u0131\u015f\u0131\u011f\u0131nda \u0130stanbul\u2019un imparatorluklar \u015fehrinden bir metropole d\u00f6n\u00fc\u015f\u00fcm\u00fcn\u00fcn hik\u00e2yesini anlat\u0131yor.<span class=\"excerpt-hellip\"> [\u2026]<\/span><\/p>\n","protected":false},"featured_media":0,"template":"","meta":{"_monsterinsights_skip_tracking":false,"_monsterinsights_sitenote_active":false,"_monsterinsights_sitenote_note":"","_monsterinsights_sitenote_category":0},"product_brand":[],"product_cat":[13590,12337],"product_tag":[],"class_list":{"0":"post-709455","1":"product","2":"type-product","3":"status-publish","5":"product_cat-arastirma-inceleme-politika-siyaset","6":"product_cat-politika-siyaset","7":"pa_cilt-ciltsiz","8":"pa_tur-kitap","9":"pa_yayinevi-maya-kitap","10":"pa_yazar-komisyon","12":"first","13":"instock","14":"sale","15":"shipping-taxable","16":"purchasable","17":"product-type-simple"},"_links":{"self":[{"href":"https:\/\/roveyayinevi.com.tr\/index.php\/wp-json\/wp\/v2\/product\/709455","targetHints":{"allow":["GET"]}}],"collection":[{"href":"https:\/\/roveyayinevi.com.tr\/index.php\/wp-json\/wp\/v2\/product"}],"about":[{"href":"https:\/\/roveyayinevi.com.tr\/index.php\/wp-json\/wp\/v2\/types\/product"}],"wp:attachment":[{"href":"https:\/\/roveyayinevi.com.tr\/index.php\/wp-json\/wp\/v2\/media?parent=709455"}],"wp:term":[{"taxonomy":"product_brand","embeddable":true,"href":"https:\/\/roveyayinevi.com.tr\/index.php\/wp-json\/wp\/v2\/product_brand?post=709455"},{"taxonomy":"product_cat","embeddable":true,"href":"https:\/\/roveyayinevi.com.tr\/index.php\/wp-json\/wp\/v2\/product_cat?post=709455"},{"taxonomy":"product_tag","embeddable":true,"href":"https:\/\/roveyayinevi.com.tr\/index.php\/wp-json\/wp\/v2\/product_tag?post=709455"}],"curies":[{"name":"wp","href":"https:\/\/api.w.org\/{rel}","templated":true}]}}