{"id":709454,"date":"2025-08-27T16:25:32","date_gmt":"2025-08-27T13:25:32","guid":{"rendered":"https:\/\/roveyayinevi.com.tr\/index.php\/urun\/evren-avucunda-uzay-zaman-ve-otesine-olaganustu-bir-yolculuk\/"},"modified":"2026-04-16T02:18:06","modified_gmt":"2026-04-15T23:18:06","slug":"evren-avucunda-uzay-zaman-ve-otesine-olaganustu-bir-yolculuk","status":"publish","type":"product","link":"https:\/\/roveyayinevi.com.tr\/index.php\/urun\/evren-avucunda-uzay-zaman-ve-otesine-olaganustu-bir-yolculuk\/","title":{"rendered":"Evren Avucunda &#8211; Uzay, Zaman ve \u00d6tesine Ola\u011fan\u00fcst\u00fc Bir Yolculuk"},"content":{"rendered":"<p>\u201cBu kitab\u0131n iki vaadi var: sadece tek bir denklem kullanmak (E = mc2) ve hi\u00e7bir okuru geride b\u0131rakmamak. \u00dc\u00e7 y\u00fcz seksen sayfa ve be\u015f milyar y\u0131ll\u0131k g\u00f6z al\u0131c\u0131 bir yolculuk.\u201dAlexander Masters \u2013 The SpectatorEvrende yaln\u0131z de\u011filiz.Evrene yapaca\u011f\u0131m\u0131z bu yolculukta da.Kumsalda yatm\u0131\u015f g\u00f6ky\u00fcz\u00fcn\u00fc seyrederken biri elimizden tutuveriyor ve bizi muazzam bir yolculu\u011fa \u00e7\u0131kar\u0131yor; karadeliklere, en uzak galaksilere ve k\u00e2inat\u0131n ba\u015flang\u0131c\u0131na g\u00f6t\u00fcr\u00fcyor.Bir atomun \u00e7ekirde\u011fine dal\u0131yor, zamanda yolculuk ediyor, G\u00fcne\u015f\u2019in i\u00e7ine giriyoruz. Dokunuyoruz.Christophe Galfard, evreni avucumuza b\u0131rak\u0131yor.Fransa\u2019da y\u0131l\u0131n bilim kitab\u0131 se\u00e7ildikten sonra 20 dile \u00e7evrilen EVREN AVUCUNDA k\u0131sa s\u00fcrede bir pop\u00fcler bilim klasi\u011fine d\u00f6n\u00fc\u015ft\u00fc. Gezegenimizin en \u00f6zel bilim anlat\u0131c\u0131lar\u0131ndan Christophe Galfard \u2013ki kendisi Stephen Hawking\u2019in \u00f6\u011frencisi\u2013 denklemler yerine hayal g\u00fcc\u00fcm\u00fczden faydalanarak bizleri kelimenin ger\u00e7ek anlam\u0131yla \u201cbamba\u015fka d\u00fcnyalara\u201d g\u00f6t\u00fcr\u00fcyor. <\/p>\n","protected":false},"excerpt":{"rendered":"<p>\u201cBu kitab\u0131n iki vaadi var: sadece tek bir denklem kullanmak (E = mc2) ve hi\u00e7bir okuru geride b\u0131rakmamak. \u00dc\u00e7 y\u00fcz seksen sayfa ve be\u015f milyar y\u0131ll\u0131k<span class=\"excerpt-hellip\"> [\u2026]<\/span><\/p>\n","protected":false},"featured_media":0,"template":"","meta":{"_monsterinsights_skip_tracking":false,"_monsterinsights_sitenote_active":false,"_monsterinsights_sitenote_note":"","_monsterinsights_sitenote_category":0},"product_brand":[],"product_cat":[22249,13527],"product_tag":[],"class_list":{"0":"post-709454","1":"product","2":"type-product","3":"status-publish","5":"product_cat-bilim","6":"product_cat-sureli-yayinlar","7":"pa_cilt-ciltsiz","8":"pa_tur-kitap","9":"pa_yayinevi-domingo-yayinevi","10":"pa_yazar-christophe-galfard","12":"first","13":"instock","14":"sale","15":"shipping-taxable","16":"purchasable","17":"product-type-simple"},"_links":{"self":[{"href":"https:\/\/roveyayinevi.com.tr\/index.php\/wp-json\/wp\/v2\/product\/709454","targetHints":{"allow":["GET"]}}],"collection":[{"href":"https:\/\/roveyayinevi.com.tr\/index.php\/wp-json\/wp\/v2\/product"}],"about":[{"href":"https:\/\/roveyayinevi.com.tr\/index.php\/wp-json\/wp\/v2\/types\/product"}],"wp:attachment":[{"href":"https:\/\/roveyayinevi.com.tr\/index.php\/wp-json\/wp\/v2\/media?parent=709454"}],"wp:term":[{"taxonomy":"product_brand","embeddable":true,"href":"https:\/\/roveyayinevi.com.tr\/index.php\/wp-json\/wp\/v2\/product_brand?post=709454"},{"taxonomy":"product_cat","embeddable":true,"href":"https:\/\/roveyayinevi.com.tr\/index.php\/wp-json\/wp\/v2\/product_cat?post=709454"},{"taxonomy":"product_tag","embeddable":true,"href":"https:\/\/roveyayinevi.com.tr\/index.php\/wp-json\/wp\/v2\/product_tag?post=709454"}],"curies":[{"name":"wp","href":"https:\/\/api.w.org\/{rel}","templated":true}]}}