{"id":709450,"date":"2025-08-27T16:25:30","date_gmt":"2025-08-27T13:25:30","guid":{"rendered":"https:\/\/roveyayinevi.com.tr\/index.php\/urun\/karadenizin-kiyiciginda\/"},"modified":"2026-04-16T02:18:05","modified_gmt":"2026-04-15T23:18:05","slug":"karadenizin-kiyiciginda","status":"publish","type":"product","link":"https:\/\/roveyayinevi.com.tr\/index.php\/urun\/karadenizin-kiyiciginda\/","title":{"rendered":"Karadenizin K\u0131y\u0131c\u0131\u011f\u0131nda"},"content":{"rendered":"<p>Karadenizin K\u0131y\u0131c\u0131\u011f\u0131nda, R\u0131fat Ilgaz\u2019\u0131n \u00f6\u011fretmenlik yapt\u0131\u011f\u0131 Ak\u00e7akoca kasabas\u0131n\u0131 ve uzun s\u00fcre bir arada ya\u015fad\u0131\u011f\u0131 Bat\u0131 Karadeniz insan\u0131n\u0131 anlat\u0131r. Ge\u00e7imini f\u0131nd\u0131k yeti\u015ftirerek s\u00fcrd\u00fcren Kasaba halk\u0131, bir yandan h\u0131r\u00e7\u0131n do\u011fayla, di\u011fer yandan yoksullukla ba\u015fa \u00e7\u0131kmaya \u00e7al\u0131\u015fmaktad\u0131r. Sevgiler, dostluklar bu s\u0131k\u0131nt\u0131lar\u0131n g\u00f6lgesinde ya\u015fan\u0131r.    Her t\u00fcrl\u00fc haks\u0131zl\u0131\u011fa ve zorlu\u011fa ra\u011fmen insandan yana umutlar\u0131n\u0131 kaybetmeyen, \u00e7al\u0131\u015fkan b\u00f6lge insan\u0131n\u0131n dayan\u0131\u015fmas\u0131 da bu topraklara \u00f6zg\u00fcd\u00fcr. R\u0131fat Ilgaz, G\u00fcll\u00fc ile Recep\u2019in engellerle bo\u011fu\u015fan a\u015fk\u0131 etraf\u0131nda Karadeniz insan\u0131n\u0131n onurlu var olma \u00f6yk\u00fcs\u00fcn\u00fc ak\u0131llara kaz\u0131r.    Karadenizin K\u0131y\u0131c\u0131\u011f\u0131nda, R\u0131fat Ilgaz\u2019\u0131n Y\u0131ld\u0131z Karayel roman\u0131yla birlikte bat\u0131dan do\u011fuya bir Karadeniz panoramas\u0131 olu\u015fturmaktad\u0131r. <\/p>\n","protected":false},"excerpt":{"rendered":"<p>Karadenizin K\u0131y\u0131c\u0131\u011f\u0131nda, R\u0131fat Ilgaz\u2019\u0131n \u00f6\u011fretmenlik yapt\u0131\u011f\u0131 Ak\u00e7akoca kasabas\u0131n\u0131 ve uzun s\u00fcre bir arada ya\u015fad\u0131\u011f\u0131 Bat\u0131 Karadeniz insan\u0131n\u0131 anlat\u0131r. Ge\u00e7imini f\u0131nd\u0131k yeti\u015ftirerek s\u00fcrd\u00fcren Kasaba halk\u0131, bir yandan<span class=\"excerpt-hellip\"> [\u2026]<\/span><\/p>\n","protected":false},"featured_media":0,"template":"","meta":{"_monsterinsights_skip_tracking":false,"_monsterinsights_sitenote_active":false,"_monsterinsights_sitenote_note":"","_monsterinsights_sitenote_category":0},"product_brand":[],"product_cat":[12291,12711],"product_tag":[],"class_list":{"0":"post-709450","1":"product","2":"type-product","3":"status-publish","5":"product_cat-edebiyat","6":"product_cat-roman-oyku","7":"pa_cilt-ciltsiz","8":"pa_tur-kitap","9":"pa_yayinevi-cinar-yayinlari","10":"pa_yazar-rifat-ilgaz","12":"first","13":"instock","14":"sale","15":"shipping-taxable","16":"purchasable","17":"product-type-simple"},"_links":{"self":[{"href":"https:\/\/roveyayinevi.com.tr\/index.php\/wp-json\/wp\/v2\/product\/709450","targetHints":{"allow":["GET"]}}],"collection":[{"href":"https:\/\/roveyayinevi.com.tr\/index.php\/wp-json\/wp\/v2\/product"}],"about":[{"href":"https:\/\/roveyayinevi.com.tr\/index.php\/wp-json\/wp\/v2\/types\/product"}],"wp:attachment":[{"href":"https:\/\/roveyayinevi.com.tr\/index.php\/wp-json\/wp\/v2\/media?parent=709450"}],"wp:term":[{"taxonomy":"product_brand","embeddable":true,"href":"https:\/\/roveyayinevi.com.tr\/index.php\/wp-json\/wp\/v2\/product_brand?post=709450"},{"taxonomy":"product_cat","embeddable":true,"href":"https:\/\/roveyayinevi.com.tr\/index.php\/wp-json\/wp\/v2\/product_cat?post=709450"},{"taxonomy":"product_tag","embeddable":true,"href":"https:\/\/roveyayinevi.com.tr\/index.php\/wp-json\/wp\/v2\/product_tag?post=709450"}],"curies":[{"name":"wp","href":"https:\/\/api.w.org\/{rel}","templated":true}]}}