{"id":709448,"date":"2025-08-27T16:25:29","date_gmt":"2025-08-27T13:25:29","guid":{"rendered":"https:\/\/roveyayinevi.com.tr\/index.php\/urun\/1473\/"},"modified":"2026-04-16T02:18:05","modified_gmt":"2026-04-15T23:18:05","slug":"1473","status":"publish","type":"product","link":"https:\/\/roveyayinevi.com.tr\/index.php\/urun\/1473\/","title":{"rendered":"1473"},"content":{"rendered":"<p>Tarih, kimseyi hat\u0131rlamayan bir ihtiyar. Ona yaln\u0131zca yazanlar inan\u0131yor.Bir sabah, \u00e7i\u00e7ekler i\u00e7ine \u00e7ekiliverdi&#8230; Ertesi g\u00fcn Otlukbeli Sava\u015f\u0131 ba\u015flayacakt\u0131. Ba\u015fkent\u2019te bekleyen Osmanl\u0131 askerlerinin \u00e7evresini yar\u0131m bir hilal gibi \u00e7evreleyen Akkoyunlu ordusunun heyecanla \u00e7arpan kalp seslerini duymak i\u00e7in yarasalar kadar iyi duyman\u0131z gerekmiyordu. Bu sesler a\u011fa\u00e7 g\u00f6vdelerine \u00e7arp\u0131yor, a\u015fa\u011f\u0131 inip k\u00f6kleri titretiyordu.Otlukbeli ovas\u0131nda oyuklar a\u00e7an her bir top mermisiyle onlarca asker ve bin y\u0131ll\u0131k a\u011fa\u00e7lar devriliyordu. Yeralt\u0131 hayvanlar\u0131n\u0131n gizli t\u00fcnelleri bir bir a\u00e7\u0131\u011fa \u00e7\u0131k\u0131yordu. G\u00f6\u011fe y\u00fckselen sadece askerlerin de\u011fil, hayvanlar\u0131n da \u00e7\u0131\u011fl\u0131klar\u0131yd\u0131.Bedia Ceylan G\u00fczelce, Otlukbeli Sava\u015f\u0131\u2019n\u0131 iki kirpinin g\u00f6z\u00fcnden anlatt\u0131\u011f\u0131 1473\u2019te, olaylara bir ba\u015fka g\u00f6zle bakmam\u0131z\u0131 istiyor. Tarihin rakamlardan ibaret olmad\u0131\u011f\u0131n\u0131 \u015fiirsel bir dille ustaca anlat\u0131yor.Sava\u015flarda ad\u0131 bile ge\u00e7meyenlerin roman\u0131 1473. <\/p>\n","protected":false},"excerpt":{"rendered":"<p>Tarih, kimseyi hat\u0131rlamayan bir ihtiyar. Ona yaln\u0131zca yazanlar inan\u0131yor.Bir sabah, \u00e7i\u00e7ekler i\u00e7ine \u00e7ekiliverdi&#8230; Ertesi g\u00fcn Otlukbeli Sava\u015f\u0131 ba\u015flayacakt\u0131. Ba\u015fkent\u2019te bekleyen Osmanl\u0131 askerlerinin \u00e7evresini yar\u0131m bir hilal<span class=\"excerpt-hellip\"> [\u2026]<\/span><\/p>\n","protected":false},"featured_media":0,"template":"","meta":{"_monsterinsights_skip_tracking":false,"_monsterinsights_sitenote_active":false,"_monsterinsights_sitenote_note":"","_monsterinsights_sitenote_category":0},"product_brand":[],"product_cat":[12291,12711],"product_tag":[],"class_list":{"0":"post-709448","1":"product","2":"type-product","3":"status-publish","5":"product_cat-edebiyat","6":"product_cat-roman-oyku","7":"pa_cilt-ciltsiz","8":"pa_tur-kitap","9":"pa_yayinevi-cinar-yayinlari","10":"pa_yazar-bedia-ceylan-guzelce","12":"first","13":"instock","14":"sale","15":"shipping-taxable","16":"purchasable","17":"product-type-simple"},"_links":{"self":[{"href":"https:\/\/roveyayinevi.com.tr\/index.php\/wp-json\/wp\/v2\/product\/709448","targetHints":{"allow":["GET"]}}],"collection":[{"href":"https:\/\/roveyayinevi.com.tr\/index.php\/wp-json\/wp\/v2\/product"}],"about":[{"href":"https:\/\/roveyayinevi.com.tr\/index.php\/wp-json\/wp\/v2\/types\/product"}],"wp:attachment":[{"href":"https:\/\/roveyayinevi.com.tr\/index.php\/wp-json\/wp\/v2\/media?parent=709448"}],"wp:term":[{"taxonomy":"product_brand","embeddable":true,"href":"https:\/\/roveyayinevi.com.tr\/index.php\/wp-json\/wp\/v2\/product_brand?post=709448"},{"taxonomy":"product_cat","embeddable":true,"href":"https:\/\/roveyayinevi.com.tr\/index.php\/wp-json\/wp\/v2\/product_cat?post=709448"},{"taxonomy":"product_tag","embeddable":true,"href":"https:\/\/roveyayinevi.com.tr\/index.php\/wp-json\/wp\/v2\/product_tag?post=709448"}],"curies":[{"name":"wp","href":"https:\/\/api.w.org\/{rel}","templated":true}]}}