{"id":709447,"date":"2025-08-27T16:25:28","date_gmt":"2025-08-27T13:25:28","guid":{"rendered":"https:\/\/roveyayinevi.com.tr\/index.php\/urun\/zemheri\/"},"modified":"2026-04-16T02:18:05","modified_gmt":"2026-04-15T23:18:05","slug":"zemheri","status":"publish","type":"product","link":"https:\/\/roveyayinevi.com.tr\/index.php\/urun\/zemheri\/","title":{"rendered":"Zemheri"},"content":{"rendered":"<p>a\u011fz\u0131n\u0131n kenar\u0131 yaban otu ve cemrede da ki ekleri gibi ayr\u0131k b\u00fcz\u00fcl\u00fcr \u00e2hesteelde a\u011f\u0131t tomarlar\u0131 uzan\u0131rk\u0131zar\u0131r bozar\u0131r h\u00e2le intihar olur soluklaftan anlan\u0131r da laf ge\u00e7mez b\u00f6yle geceleregelir k\u0131y\u0131s\u0131n\u0131 yakar \u00f6mr\u00fcn\u00fc mimli hayatbir de bu i\u015flenir uykulu uykulu var\u0131lan\u00f6teki \u015fehirlerin mezarl\u0131k n\u00fcfuslar\u0131nazaten yabanc\u0131s\u0131nd\u0131r d\u00fcnyaya \u00fcvey insans\u00f6zlerdeki sesli harfler cezaya kal\u0131ryel eser ugh sanki ibrahim kaypakkayaizinsiz l\u00fczumsuz kesilir donmu\u015f r\u00fcyac\u0131klar\u0131\u00e7\u0131\u011f beyaz erozyondur cici beylerdo\u011funun yanar lav\u0131kelime oyunu olsun diye de\u011fildir efendilerzemheride oralar 2 + 2 daha dert eder <\/p>\n","protected":false},"excerpt":{"rendered":"<p>a\u011fz\u0131n\u0131n kenar\u0131 yaban otu ve cemrede da ki ekleri gibi ayr\u0131k b\u00fcz\u00fcl\u00fcr \u00e2hesteelde a\u011f\u0131t tomarlar\u0131 uzan\u0131rk\u0131zar\u0131r bozar\u0131r h\u00e2le intihar olur soluklaftan anlan\u0131r da laf ge\u00e7mez b\u00f6yle<span class=\"excerpt-hellip\"> [\u2026]<\/span><\/p>\n","protected":false},"featured_media":0,"template":"","meta":{"_monsterinsights_skip_tracking":false,"_monsterinsights_sitenote_active":false,"_monsterinsights_sitenote_note":"","_monsterinsights_sitenote_category":0},"product_brand":[],"product_cat":[12291,12509],"product_tag":[],"class_list":{"0":"post-709447","1":"product","2":"type-product","3":"status-publish","5":"product_cat-edebiyat","6":"product_cat-siir","7":"pa_cilt-ciltsiz","8":"pa_tur-kitap","9":"pa_yayinevi-cinar-yayinlari","10":"pa_yazar-metin-ustundag","12":"first","13":"instock","14":"sale","15":"shipping-taxable","16":"purchasable","17":"product-type-simple"},"_links":{"self":[{"href":"https:\/\/roveyayinevi.com.tr\/index.php\/wp-json\/wp\/v2\/product\/709447","targetHints":{"allow":["GET"]}}],"collection":[{"href":"https:\/\/roveyayinevi.com.tr\/index.php\/wp-json\/wp\/v2\/product"}],"about":[{"href":"https:\/\/roveyayinevi.com.tr\/index.php\/wp-json\/wp\/v2\/types\/product"}],"wp:attachment":[{"href":"https:\/\/roveyayinevi.com.tr\/index.php\/wp-json\/wp\/v2\/media?parent=709447"}],"wp:term":[{"taxonomy":"product_brand","embeddable":true,"href":"https:\/\/roveyayinevi.com.tr\/index.php\/wp-json\/wp\/v2\/product_brand?post=709447"},{"taxonomy":"product_cat","embeddable":true,"href":"https:\/\/roveyayinevi.com.tr\/index.php\/wp-json\/wp\/v2\/product_cat?post=709447"},{"taxonomy":"product_tag","embeddable":true,"href":"https:\/\/roveyayinevi.com.tr\/index.php\/wp-json\/wp\/v2\/product_tag?post=709447"}],"curies":[{"name":"wp","href":"https:\/\/api.w.org\/{rel}","templated":true}]}}