{"id":709442,"date":"2025-08-27T16:25:26","date_gmt":"2025-08-27T13:25:26","guid":{"rendered":"https:\/\/roveyayinevi.com.tr\/index.php\/urun\/akil-zayifligi\/"},"modified":"2026-04-16T02:18:05","modified_gmt":"2026-04-15T23:18:05","slug":"akil-zayifligi","status":"publish","type":"product","link":"https:\/\/roveyayinevi.com.tr\/index.php\/urun\/akil-zayifligi\/","title":{"rendered":"Ak\u0131l Zay\u0131fl\u0131\u011f\u0131"},"content":{"rendered":"<p>Cemiyet hayat\u0131m\u0131z\u0131n hangi \u015fubesine el atsak, hangi ve\u00e7hesine nazar etsek akla \u00e7a\u011fr\u0131da bulunan, \u2018akl\u0131 ba\u015fa getirmeyi\u2019 buyuran bir \u00e7\u00fcr\u00fcme, bozulma ve da\u011f\u0131lma manzaras\u0131 ile kar\u015f\u0131la\u015f\u0131yoruz. Oysa millet\u00e7e ekseriyetimizin \u015fiar\u0131n\u0131 belirleyen \u015fey \u201cbize ak\u0131l de\u011fil para laz\u0131m\u201d yayg\u0131n deyi\u015finde ifadesine kavu\u015fmu\u015f vaziyette. As\u0131l yoksulu oldu\u011fumuz \u015feyin yoklu\u011funun idrakine bir t\u00fcrl\u00fc varam\u0131yor, o yoksullu\u011fu m\u00fctemadiyen ba\u015fka bir \u015feyin varl\u0131\u011f\u0131 ile beyhude yere dindirmek istiyoruz. Ve do\u011frusu bu zamana kadar onu g\u00f6rmeyip nazar\u0131m\u0131z\u0131 berikine \u00e7evirdi\u011fimiz her defas\u0131nda laz\u0131m dedi\u011fimizi her nas\u0131lsa fazlas\u0131yla \u00f6n\u00fcm\u00fczde bulduk. Buldu\u011fumuzu \u00f6tesini berisini sorup sual etmeden ald\u0131k\u00e7a di\u011feri her defas\u0131nda daha da geriledi. B\u00f6ylece kendimizi bu gitgide daha da derinle\u015fen, derinle\u015ftik\u00e7e idrakine var\u0131lmas\u0131 daha da g\u00fc\u00e7le\u015fen ak\u0131l fukaral\u0131\u011f\u0131n\u0131n i\u00e7inde bulduk. Ve \u015fimdi yoklu\u011funu hissetmez oldu\u011fumuz \u015feyin yoksullu\u011funun yoksunlu\u011fa d\u00f6n\u00fc\u015fmesinin ka\u00e7\u0131n\u0131lmazl\u0131\u011f\u0131 kar\u015f\u0131s\u0131nda bizi ya tam bir cinnet hali ya da eri\u015filmesi iyice g\u00fc\u00e7le\u015fmi\u015f olan bu yoksullu\u011fun idraki \u00fc\u00e7\u00fcnc\u00fc yolu olmayan bir \u00e7\u0131kmaz olarak bekliyor. \ufffcTan\u0131t\u0131m Metni<\/p>\n","protected":false},"excerpt":{"rendered":"<p>Cemiyet hayat\u0131m\u0131z\u0131n hangi \u015fubesine el atsak, hangi ve\u00e7hesine nazar etsek akla \u00e7a\u011fr\u0131da bulunan, \u2018akl\u0131 ba\u015fa getirmeyi\u2019 buyuran bir \u00e7\u00fcr\u00fcme, bozulma ve da\u011f\u0131lma manzaras\u0131 ile kar\u015f\u0131la\u015f\u0131yoruz. Oysa<span class=\"excerpt-hellip\"> [\u2026]<\/span><\/p>\n","protected":false},"featured_media":0,"template":"","meta":{"_monsterinsights_skip_tracking":false,"_monsterinsights_sitenote_active":false,"_monsterinsights_sitenote_note":"","_monsterinsights_sitenote_category":0},"product_brand":[],"product_cat":[12388,13555],"product_tag":[],"class_list":{"0":"post-709442","1":"product","2":"type-product","3":"status-publish","5":"product_cat-felsefe","6":"product_cat-genel-felsefe","7":"pa_cilt-ciltsiz","8":"pa_tur-kitap","9":"pa_yayinevi-say-yayinlari","10":"pa_yazar-arthur-schopenhauer","12":"first","13":"instock","14":"sale","15":"shipping-taxable","16":"purchasable","17":"product-type-simple"},"_links":{"self":[{"href":"https:\/\/roveyayinevi.com.tr\/index.php\/wp-json\/wp\/v2\/product\/709442","targetHints":{"allow":["GET"]}}],"collection":[{"href":"https:\/\/roveyayinevi.com.tr\/index.php\/wp-json\/wp\/v2\/product"}],"about":[{"href":"https:\/\/roveyayinevi.com.tr\/index.php\/wp-json\/wp\/v2\/types\/product"}],"wp:attachment":[{"href":"https:\/\/roveyayinevi.com.tr\/index.php\/wp-json\/wp\/v2\/media?parent=709442"}],"wp:term":[{"taxonomy":"product_brand","embeddable":true,"href":"https:\/\/roveyayinevi.com.tr\/index.php\/wp-json\/wp\/v2\/product_brand?post=709442"},{"taxonomy":"product_cat","embeddable":true,"href":"https:\/\/roveyayinevi.com.tr\/index.php\/wp-json\/wp\/v2\/product_cat?post=709442"},{"taxonomy":"product_tag","embeddable":true,"href":"https:\/\/roveyayinevi.com.tr\/index.php\/wp-json\/wp\/v2\/product_tag?post=709442"}],"curies":[{"name":"wp","href":"https:\/\/api.w.org\/{rel}","templated":true}]}}