{"id":709440,"date":"2025-08-27T16:25:25","date_gmt":"2025-08-27T13:25:25","guid":{"rendered":"https:\/\/roveyayinevi.com.tr\/index.php\/urun\/mevlana-ile-is-hayati\/"},"modified":"2026-04-16T02:18:05","modified_gmt":"2026-04-15T23:18:05","slug":"mevlana-ile-is-hayati","status":"publish","type":"product","link":"https:\/\/roveyayinevi.com.tr\/index.php\/urun\/mevlana-ile-is-hayati\/","title":{"rendered":"Mevlana ile \u0130\u015f Hayat\u0131"},"content":{"rendered":"<p>\u0130nsan ili\u015fkilerinde bile maddi \u00e7\u0131karlar\u0131n \u00f6n planda oldu\u011fu, i\u015f d\u00fcnyas\u0131nda ac\u0131mas\u0131z bir rekabetin ve m\u00fcthi\u015f bir yar\u0131\u015f\u0131n h\u00fck\u00fcm s\u00fcrd\u00fc\u011f\u00fc g\u00fcn\u00fcm\u00fczde Mesnevi vicdan\u0131na her zamankinden daha b\u00fcy\u00fck bir ihtiya\u00e7 var. Zaten Hz. Mevlana Mesnevi\u2019nin bir vahdet d\u00fckk\u00e2n\u0131 oldu\u011funu s\u00f6yl\u00fcyor. Peki bu k\u0131ran k\u0131rana yar\u0131\u015fta \u015firketinizi ya da kendinizi nas\u0131l koruyacaks\u0131n\u0131z? Eli k\u00e2rda, g\u00f6nl\u00fc yarda olmak i\u00e7in ne yapacaks\u0131n\u0131z? \u0130\u015fte Mevlana\u2019dan i\u015f hayat\u0131 i\u00e7in alt\u0131n \u00f6\u011f\u00fctler!Ak\u0131ls\u0131z bedevi olma.Fare, kurba\u011fa ile arkada\u015f olmaz.D\u00f6vme yapt\u0131racaksan ac\u0131s\u0131na da katlanacaks\u0131n.Aslana yem olmamak i\u00e7in kurdun halinden ders al.\u0130\u015fi ehline emanet et.Karanl\u0131kta fil tan\u0131nmaz.Olgunla\u015fan meyve dal\u0131nda durmaz.Ak\u0131ll\u0131 adam \u00f6nceden feryat eder.Kimseyi k\u00fc\u00e7\u00fcmseme, k\u00fc\u00e7\u00fck d\u00fc\u015f\u00fcrme.Y\u0131lana hayat veren zehir insan\u0131 \u00f6 <\/p>\n","protected":false},"excerpt":{"rendered":"<p>\u0130nsan ili\u015fkilerinde bile maddi \u00e7\u0131karlar\u0131n \u00f6n planda oldu\u011fu, i\u015f d\u00fcnyas\u0131nda ac\u0131mas\u0131z bir rekabetin ve m\u00fcthi\u015f bir yar\u0131\u015f\u0131n h\u00fck\u00fcm s\u00fcrd\u00fc\u011f\u00fc g\u00fcn\u00fcm\u00fczde Mesnevi vicdan\u0131na her zamankinden daha b\u00fcy\u00fck<span class=\"excerpt-hellip\"> [\u2026]<\/span><\/p>\n","protected":false},"featured_media":0,"template":"","meta":{"_monsterinsights_skip_tracking":false,"_monsterinsights_sitenote_active":false,"_monsterinsights_sitenote_note":"","_monsterinsights_sitenote_category":0},"product_brand":[],"product_cat":[12718,12719],"product_tag":[],"class_list":{"0":"post-709440","1":"product","2":"type-product","3":"status-publish","5":"product_cat-din","6":"product_cat-islam","7":"pa_cilt-ciltsiz","8":"pa_tur-kitap","9":"pa_yayinevi-hayykitap","10":"pa_yazar-kemal-sezer","12":"first","13":"instock","14":"sale","15":"shipping-taxable","16":"purchasable","17":"product-type-simple"},"_links":{"self":[{"href":"https:\/\/roveyayinevi.com.tr\/index.php\/wp-json\/wp\/v2\/product\/709440","targetHints":{"allow":["GET"]}}],"collection":[{"href":"https:\/\/roveyayinevi.com.tr\/index.php\/wp-json\/wp\/v2\/product"}],"about":[{"href":"https:\/\/roveyayinevi.com.tr\/index.php\/wp-json\/wp\/v2\/types\/product"}],"wp:attachment":[{"href":"https:\/\/roveyayinevi.com.tr\/index.php\/wp-json\/wp\/v2\/media?parent=709440"}],"wp:term":[{"taxonomy":"product_brand","embeddable":true,"href":"https:\/\/roveyayinevi.com.tr\/index.php\/wp-json\/wp\/v2\/product_brand?post=709440"},{"taxonomy":"product_cat","embeddable":true,"href":"https:\/\/roveyayinevi.com.tr\/index.php\/wp-json\/wp\/v2\/product_cat?post=709440"},{"taxonomy":"product_tag","embeddable":true,"href":"https:\/\/roveyayinevi.com.tr\/index.php\/wp-json\/wp\/v2\/product_tag?post=709440"}],"curies":[{"name":"wp","href":"https:\/\/api.w.org\/{rel}","templated":true}]}}