{"id":709437,"date":"2025-08-27T16:25:23","date_gmt":"2025-08-27T13:25:23","guid":{"rendered":"https:\/\/roveyayinevi.com.tr\/index.php\/urun\/erken-cocukluk-doneminde-fen-egitimi\/"},"modified":"2026-04-16T02:18:05","modified_gmt":"2026-04-15T23:18:05","slug":"erken-cocukluk-doneminde-fen-egitimi","status":"publish","type":"product","link":"https:\/\/roveyayinevi.com.tr\/index.php\/urun\/erken-cocukluk-doneminde-fen-egitimi\/","title":{"rendered":"Erken \u00c7ocukluk D\u00f6neminde Fen E\u011fitimi"},"content":{"rendered":"<p>\u00c7ocuklar\u0131 bilimle tan\u0131\u015ft\u0131rmada en iyi zaman onlar\u0131n \u00e7evrelerindeki d\u00fcnyay\u0131 merak etmeye ba\u015flad\u0131klar\u0131 zamand\u0131r. Merakl\u0131 olmak \u00e7ocuklar\u0131n do\u011fas\u0131 gere\u011fidir ve bilimsel duyarl\u0131l\u0131\u011f\u0131n geli\u015ftirilmesi i\u00e7in bir temeldir. Bu nedenle erken d\u00f6nemdeki fen e\u011fitimi \u00e7ocuklar\u0131n bilimsel d\u00fc\u015f\u00fcnceleri, tutumlar\u0131 ve becerileri edinmesinde \u00f6nemli bir etkiye sahiptir. \u0130yi haz\u0131rlanm\u0131\u015f bir fen program\u0131 \u00e7ocuklar\u0131 daha karma\u015f\u0131k fen s\u00fcre\u00e7lerine haz\u0131rlaman\u0131n yan\u0131nda onlar\u0131n daha ele\u015ftirel d\u00fc\u015f\u00fcnen ki\u015filer olmas\u0131na, dikkatli sonu\u00e7 \u00e7\u0131karmalar\u0131na, problem \u00e7\u00f6zme ve do\u011fru kararlar almada yeterli hale gelmelerine yard\u0131mc\u0131 olmaktad\u0131rFen bilimleri ya da fen alan\u0131 insano\u011flunun do\u011fay\u0131 anlama gayretlerinin bir \u00fcr\u00fcn\u00fc olarak tan\u0131mlanmaktad\u0131r. \u00c7ocu\u011fun d\u00fcnyay\u0131 anlayabilmesi ve anlamland\u0131rabilmesi i\u00e7in de fen e\u011fitimi, okul \u00f6ncesi d\u00f6nemin ve okul \u00f6ncesi e\u011fitim program\u0131n\u0131n \u00f6nemli par\u00e7as\u0131d\u0131r. <\/p>\n","protected":false},"excerpt":{"rendered":"<p>\u00c7ocuklar\u0131 bilimle tan\u0131\u015ft\u0131rmada en iyi zaman onlar\u0131n \u00e7evrelerindeki d\u00fcnyay\u0131 merak etmeye ba\u015flad\u0131klar\u0131 zamand\u0131r. Merakl\u0131 olmak \u00e7ocuklar\u0131n do\u011fas\u0131 gere\u011fidir ve bilimsel duyarl\u0131l\u0131\u011f\u0131n geli\u015ftirilmesi i\u00e7in bir temeldir. Bu<span class=\"excerpt-hellip\"> [\u2026]<\/span><\/p>\n","protected":false},"featured_media":0,"template":"","meta":{"_monsterinsights_skip_tracking":false,"_monsterinsights_sitenote_active":false,"_monsterinsights_sitenote_note":"","_monsterinsights_sitenote_category":0},"product_brand":[],"product_cat":[12573,12566],"product_tag":[],"class_list":{"0":"post-709437","1":"product","2":"type-product","3":"status-publish","5":"product_cat-akademik-kitaplar","6":"product_cat-egitim","7":"pa_cilt-ciltsiz","8":"pa_tur-kitap","9":"pa_yayinevi-ani-yayincilik","10":"pa_yazar-berrin-akman-gulden-uyanik-balat-tulin-guler-yildiz","12":"first","13":"instock","14":"sale","15":"shipping-taxable","16":"purchasable","17":"product-type-simple"},"_links":{"self":[{"href":"https:\/\/roveyayinevi.com.tr\/index.php\/wp-json\/wp\/v2\/product\/709437","targetHints":{"allow":["GET"]}}],"collection":[{"href":"https:\/\/roveyayinevi.com.tr\/index.php\/wp-json\/wp\/v2\/product"}],"about":[{"href":"https:\/\/roveyayinevi.com.tr\/index.php\/wp-json\/wp\/v2\/types\/product"}],"wp:attachment":[{"href":"https:\/\/roveyayinevi.com.tr\/index.php\/wp-json\/wp\/v2\/media?parent=709437"}],"wp:term":[{"taxonomy":"product_brand","embeddable":true,"href":"https:\/\/roveyayinevi.com.tr\/index.php\/wp-json\/wp\/v2\/product_brand?post=709437"},{"taxonomy":"product_cat","embeddable":true,"href":"https:\/\/roveyayinevi.com.tr\/index.php\/wp-json\/wp\/v2\/product_cat?post=709437"},{"taxonomy":"product_tag","embeddable":true,"href":"https:\/\/roveyayinevi.com.tr\/index.php\/wp-json\/wp\/v2\/product_tag?post=709437"}],"curies":[{"name":"wp","href":"https:\/\/api.w.org\/{rel}","templated":true}]}}