{"id":709434,"date":"2025-08-27T16:24:50","date_gmt":"2025-08-27T13:24:50","guid":{"rendered":"https:\/\/roveyayinevi.com.tr\/index.php\/urun\/eskiya-kuza\/"},"modified":"2025-08-27T16:24:50","modified_gmt":"2025-08-27T13:24:50","slug":"eskiya-kuza","status":"publish","type":"product","link":"https:\/\/roveyayinevi.com.tr\/index.php\/urun\/eskiya-kuza\/","title":{"rendered":"E\u015fk\u0131ya Kuza"},"content":{"rendered":"<p>\u201cA\u015firetlerden tesellim kesilirse, t\u00fcfenk ku\u015fand\u0131raca\u011f\u0131m be\u015fikteki bebe\u011fe,\u201d diye ba\u015flard\u0131 a\u011f\u0131tlar\u0131. Yulars\u0131z, uzun, g\u00fcr yeleli \u00e7\u0131plak atlarla dalarlard\u0131 F\u0131rat\u2019a\u2026 Peruza\u2019n\u0131n gelin at\u0131 da vaktiyle o sulardan ge\u00e7mi\u015fti. Kuza, Peruza\u2019n\u0131n o\u011fluydu. A\u011fabeyi \u00f6ld\u00fcr\u00fcl\u00fcnce cumhuriyet tarihinin da\u011fa \u00e7\u0131kan ilk \u201cm\u00fchendis\u201d e\u015fk\u0131yas\u0131 olacak, y\u0131llarca yeri yatak, ta\u015f\u0131 yast\u0131k yap\u0131p g\u00f6\u011f\u00fc \u00f6rt\u00fcnecek, a\u011falar\u0131n iftar\u0131nda g\u00f6r\u00fclmemi\u015f bir aile katliam\u0131 yapacakt\u0131\u2026   Bu kitap Kuza\u2019n\u0131n can al\u0131c\u0131 katliamlar\u0131n\u0131n ger\u00e7ek, hazin \u00f6yk\u00fcs\u00fcd\u00fcr, unutamayacaks\u0131n\u0131z\u2026   \u201cBana on T\u00fcrk \u00f6yk\u00fcs\u00fc se\u00e7 deseler, birini K\u0131rm\u0131z\u0131 Yel se\u00e7erdim.\u201d Ya\u015far Kemal, 1971   \u201c\u0130lk kitab\u0131 K\u0131rm\u0131z\u0131 Yel\u2019de Osman \u015eahin kendi anlat\u0131m\u0131n\u0131 bulmu\u015f bir yazard\u0131r.\u201d \u0130lhan Sel\u00e7uk, 1971   \u201cOsman \u015eahin\u2019in \u00f6yk\u00fclerini okurken, ke\u015fke bu \u00f6yk\u00fcleri ben yazsayd\u0131m, dedim i\u00e7imden. Dilimizin usta, se\u00e7kin yazar\u0131d\u0131r Osman \u015eahin. Mutlaka okunmal\u0131d\u0131r.\u201d   Fakir Baykurt, 1996 <\/p>\n","protected":false},"excerpt":{"rendered":"<p>\u201cA\u015firetlerden tesellim kesilirse, t\u00fcfenk ku\u015fand\u0131raca\u011f\u0131m be\u015fikteki bebe\u011fe,\u201d diye ba\u015flard\u0131 a\u011f\u0131tlar\u0131. Yulars\u0131z, uzun, g\u00fcr yeleli \u00e7\u0131plak atlarla dalarlard\u0131 F\u0131rat\u2019a\u2026 Peruza\u2019n\u0131n gelin at\u0131 da vaktiyle o sulardan ge\u00e7mi\u015fti.<span class=\"excerpt-hellip\"> [\u2026]<\/span><\/p>\n","protected":false},"featured_media":0,"template":"","meta":{"_monsterinsights_skip_tracking":false,"_monsterinsights_sitenote_active":false,"_monsterinsights_sitenote_note":"","_monsterinsights_sitenote_category":0},"product_brand":[],"product_cat":[12291,12711],"product_tag":[],"class_list":{"0":"post-709434","1":"product","2":"type-product","3":"status-publish","5":"product_cat-edebiyat","6":"product_cat-roman-oyku","7":"pa_cilt-ciltsiz","8":"pa_tur-kitap","9":"pa_yayinevi-can-yayinlari","10":"pa_yazar-osman-sahin","12":"first","13":"instock","14":"sale","15":"shipping-taxable","16":"purchasable","17":"product-type-simple"},"_links":{"self":[{"href":"https:\/\/roveyayinevi.com.tr\/index.php\/wp-json\/wp\/v2\/product\/709434","targetHints":{"allow":["GET"]}}],"collection":[{"href":"https:\/\/roveyayinevi.com.tr\/index.php\/wp-json\/wp\/v2\/product"}],"about":[{"href":"https:\/\/roveyayinevi.com.tr\/index.php\/wp-json\/wp\/v2\/types\/product"}],"wp:attachment":[{"href":"https:\/\/roveyayinevi.com.tr\/index.php\/wp-json\/wp\/v2\/media?parent=709434"}],"wp:term":[{"taxonomy":"product_brand","embeddable":true,"href":"https:\/\/roveyayinevi.com.tr\/index.php\/wp-json\/wp\/v2\/product_brand?post=709434"},{"taxonomy":"product_cat","embeddable":true,"href":"https:\/\/roveyayinevi.com.tr\/index.php\/wp-json\/wp\/v2\/product_cat?post=709434"},{"taxonomy":"product_tag","embeddable":true,"href":"https:\/\/roveyayinevi.com.tr\/index.php\/wp-json\/wp\/v2\/product_tag?post=709434"}],"curies":[{"name":"wp","href":"https:\/\/api.w.org\/{rel}","templated":true}]}}