{"id":709433,"date":"2025-08-27T16:24:49","date_gmt":"2025-08-27T13:24:49","guid":{"rendered":"https:\/\/roveyayinevi.com.tr\/index.php\/urun\/tarafsiz-gunler\/"},"modified":"2026-04-16T02:18:05","modified_gmt":"2026-04-15T23:18:05","slug":"tarafsiz-gunler","status":"publish","type":"product","link":"https:\/\/roveyayinevi.com.tr\/index.php\/urun\/tarafsiz-gunler\/","title":{"rendered":"Tarafs\u0131z G\u00fcnler"},"content":{"rendered":"<p>\u00f6l\u00fcm\u00fc i\u00e7imize konu\u015furken yakal\u0131yoruzayetleri d\u00f6k\u00fclen ellerimize bakarak korkuyoruz bal\u00e7\u0131ktang\u00f6mle\u011fimiz kan, ekme\u011fimiz tuzlu, a\u011fz\u0131m\u0131z harams\u0131k\u0131 tutun ya\u015faman\u0131n bah\u00e7esine, nar bir daha da\u011f\u0131lacakaln\u0131nda suya giderken b\u0131rakt\u0131\u011f\u0131n ayak izleribabil\u2019den d\u00f6nen kervan yoksa nas\u0131l tan\u0131s\u0131n biziuyumal\u0131 erkenden, halka haz\u0131rla g\u00f6\u011fs\u00fcn\u00fcsabah T\u00fcrkiye inecek bir trenden <\/p>\n","protected":false},"excerpt":{"rendered":"<p>\u00f6l\u00fcm\u00fc i\u00e7imize konu\u015furken yakal\u0131yoruzayetleri d\u00f6k\u00fclen ellerimize bakarak korkuyoruz bal\u00e7\u0131ktang\u00f6mle\u011fimiz kan, ekme\u011fimiz tuzlu, a\u011fz\u0131m\u0131z harams\u0131k\u0131 tutun ya\u015faman\u0131n bah\u00e7esine, nar bir daha da\u011f\u0131lacakaln\u0131nda suya giderken b\u0131rakt\u0131\u011f\u0131n ayak izleribabil\u2019den<span class=\"excerpt-hellip\"> [\u2026]<\/span><\/p>\n","protected":false},"featured_media":0,"template":"","meta":{"_monsterinsights_skip_tracking":false,"_monsterinsights_sitenote_active":false,"_monsterinsights_sitenote_note":"","_monsterinsights_sitenote_category":0},"product_brand":[],"product_cat":[12291,12509],"product_tag":[],"class_list":{"0":"post-709433","1":"product","2":"type-product","3":"status-publish","5":"product_cat-edebiyat","6":"product_cat-siir","7":"pa_cilt-ciltsiz","8":"pa_tur-kitap","9":"pa_yayinevi-profil-kitap","10":"pa_yazar-cengizhan-konus","12":"first","13":"instock","14":"sale","15":"shipping-taxable","16":"purchasable","17":"product-type-simple"},"_links":{"self":[{"href":"https:\/\/roveyayinevi.com.tr\/index.php\/wp-json\/wp\/v2\/product\/709433","targetHints":{"allow":["GET"]}}],"collection":[{"href":"https:\/\/roveyayinevi.com.tr\/index.php\/wp-json\/wp\/v2\/product"}],"about":[{"href":"https:\/\/roveyayinevi.com.tr\/index.php\/wp-json\/wp\/v2\/types\/product"}],"wp:attachment":[{"href":"https:\/\/roveyayinevi.com.tr\/index.php\/wp-json\/wp\/v2\/media?parent=709433"}],"wp:term":[{"taxonomy":"product_brand","embeddable":true,"href":"https:\/\/roveyayinevi.com.tr\/index.php\/wp-json\/wp\/v2\/product_brand?post=709433"},{"taxonomy":"product_cat","embeddable":true,"href":"https:\/\/roveyayinevi.com.tr\/index.php\/wp-json\/wp\/v2\/product_cat?post=709433"},{"taxonomy":"product_tag","embeddable":true,"href":"https:\/\/roveyayinevi.com.tr\/index.php\/wp-json\/wp\/v2\/product_tag?post=709433"}],"curies":[{"name":"wp","href":"https:\/\/api.w.org\/{rel}","templated":true}]}}