{"id":709431,"date":"2025-08-27T16:24:48","date_gmt":"2025-08-27T13:24:48","guid":{"rendered":"https:\/\/roveyayinevi.com.tr\/index.php\/urun\/tek-vurusta-olmek\/"},"modified":"2026-04-16T02:18:05","modified_gmt":"2026-04-15T23:18:05","slug":"tek-vurusta-olmek","status":"publish","type":"product","link":"https:\/\/roveyayinevi.com.tr\/index.php\/urun\/tek-vurusta-olmek\/","title":{"rendered":"Tek Vuru\u015fta \u00d6lmek"},"content":{"rendered":"<p>bir yanl\u0131\u015f\u0131n orta yerine kalemi koymu\u015ftur her \u015fairadalet ve e\u015fitli\u011fin olmad\u0131\u011f\u0131 yerde \u015fiir bar\u0131nmazm\u0131\u015fama ben de \u015fiirin tam burdan \u00e7\u0131k\u0131p konu\u015farak\u015fiir hakikate arka \u00e7\u0131karak yani \u00f6yle bi\u015feykimsenin \u00f6n\u00fcne g\u00fczellikler sunmuyorumtutup ellerinden ger\u00e7ekleri \u00e7arp\u0131\u015ft\u0131ra \u00e7arp\u0131\u015ft\u0131ra\u015fiiri ok\u00e7ular gibi terk etmemek i\u00e7in tepedesava\u015ftay\u0131m ve sava\u015f ger\u00e7ek bir \u015feydir a\u015fk gibi mesela <\/p>\n","protected":false},"excerpt":{"rendered":"<p>bir yanl\u0131\u015f\u0131n orta yerine kalemi koymu\u015ftur her \u015fairadalet ve e\u015fitli\u011fin olmad\u0131\u011f\u0131 yerde \u015fiir bar\u0131nmazm\u0131\u015fama ben de \u015fiirin tam burdan \u00e7\u0131k\u0131p konu\u015farak\u015fiir hakikate arka \u00e7\u0131karak yani \u00f6yle<span class=\"excerpt-hellip\"> [\u2026]<\/span><\/p>\n","protected":false},"featured_media":0,"template":"","meta":{"_monsterinsights_skip_tracking":false,"_monsterinsights_sitenote_active":false,"_monsterinsights_sitenote_note":"","_monsterinsights_sitenote_category":0},"product_brand":[],"product_cat":[12291,12509],"product_tag":[],"class_list":{"0":"post-709431","1":"product","2":"type-product","3":"status-publish","5":"product_cat-edebiyat","6":"product_cat-siir","7":"pa_cilt-ciltsiz","8":"pa_tur-kitap","9":"pa_yayinevi-profil-kitap","10":"pa_yazar-tuba-kaplan","12":"first","13":"instock","14":"sale","15":"shipping-taxable","16":"purchasable","17":"product-type-simple"},"_links":{"self":[{"href":"https:\/\/roveyayinevi.com.tr\/index.php\/wp-json\/wp\/v2\/product\/709431","targetHints":{"allow":["GET"]}}],"collection":[{"href":"https:\/\/roveyayinevi.com.tr\/index.php\/wp-json\/wp\/v2\/product"}],"about":[{"href":"https:\/\/roveyayinevi.com.tr\/index.php\/wp-json\/wp\/v2\/types\/product"}],"wp:attachment":[{"href":"https:\/\/roveyayinevi.com.tr\/index.php\/wp-json\/wp\/v2\/media?parent=709431"}],"wp:term":[{"taxonomy":"product_brand","embeddable":true,"href":"https:\/\/roveyayinevi.com.tr\/index.php\/wp-json\/wp\/v2\/product_brand?post=709431"},{"taxonomy":"product_cat","embeddable":true,"href":"https:\/\/roveyayinevi.com.tr\/index.php\/wp-json\/wp\/v2\/product_cat?post=709431"},{"taxonomy":"product_tag","embeddable":true,"href":"https:\/\/roveyayinevi.com.tr\/index.php\/wp-json\/wp\/v2\/product_tag?post=709431"}],"curies":[{"name":"wp","href":"https:\/\/api.w.org\/{rel}","templated":true}]}}