{"id":709430,"date":"2025-08-27T16:24:48","date_gmt":"2025-08-27T13:24:48","guid":{"rendered":"https:\/\/roveyayinevi.com.tr\/index.php\/urun\/kavga-basliyor\/"},"modified":"2026-04-16T02:18:05","modified_gmt":"2026-04-15T23:18:05","slug":"kavga-basliyor","status":"publish","type":"product","link":"https:\/\/roveyayinevi.com.tr\/index.php\/urun\/kavga-basliyor\/","title":{"rendered":"Kavga Ba\u015fl\u0131yor"},"content":{"rendered":"<p>G\u00fclemiyorsam, o vakit \u00e7atlar gibi ko\u015faca\u011f\u0131mBir kazma vurdum ve indim topra\u011f\u0131maDe\u015ftim birka\u00e7 k\u00f6k\u00fc yeniden ye\u015ferir diyeTopra\u011fa de\u011fmeyen \u00e7ocuklar i\u00e7in de b\u00fcy\u00fcd\u00fcm <\/p>\n","protected":false},"excerpt":{"rendered":"<p>G\u00fclemiyorsam, o vakit \u00e7atlar gibi ko\u015faca\u011f\u0131mBir kazma vurdum ve indim topra\u011f\u0131maDe\u015ftim birka\u00e7 k\u00f6k\u00fc yeniden ye\u015ferir diyeTopra\u011fa de\u011fmeyen \u00e7ocuklar i\u00e7in de b\u00fcy\u00fcd\u00fcm<\/p>\n","protected":false},"featured_media":0,"template":"","meta":{"_monsterinsights_skip_tracking":false,"_monsterinsights_sitenote_active":false,"_monsterinsights_sitenote_note":"","_monsterinsights_sitenote_category":0},"product_brand":[],"product_cat":[12291,12509],"product_tag":[],"class_list":{"0":"post-709430","1":"product","2":"type-product","3":"status-publish","5":"product_cat-edebiyat","6":"product_cat-siir","7":"pa_cilt-ciltsiz","8":"pa_tur-kitap","9":"pa_yayinevi-profil-kitap","10":"pa_yazar-rasit-ulas","12":"first","13":"instock","14":"sale","15":"shipping-taxable","16":"purchasable","17":"product-type-simple"},"_links":{"self":[{"href":"https:\/\/roveyayinevi.com.tr\/index.php\/wp-json\/wp\/v2\/product\/709430","targetHints":{"allow":["GET"]}}],"collection":[{"href":"https:\/\/roveyayinevi.com.tr\/index.php\/wp-json\/wp\/v2\/product"}],"about":[{"href":"https:\/\/roveyayinevi.com.tr\/index.php\/wp-json\/wp\/v2\/types\/product"}],"wp:attachment":[{"href":"https:\/\/roveyayinevi.com.tr\/index.php\/wp-json\/wp\/v2\/media?parent=709430"}],"wp:term":[{"taxonomy":"product_brand","embeddable":true,"href":"https:\/\/roveyayinevi.com.tr\/index.php\/wp-json\/wp\/v2\/product_brand?post=709430"},{"taxonomy":"product_cat","embeddable":true,"href":"https:\/\/roveyayinevi.com.tr\/index.php\/wp-json\/wp\/v2\/product_cat?post=709430"},{"taxonomy":"product_tag","embeddable":true,"href":"https:\/\/roveyayinevi.com.tr\/index.php\/wp-json\/wp\/v2\/product_tag?post=709430"}],"curies":[{"name":"wp","href":"https:\/\/api.w.org\/{rel}","templated":true}]}}