{"id":709429,"date":"2025-08-27T16:24:47","date_gmt":"2025-08-27T13:24:47","guid":{"rendered":"https:\/\/roveyayinevi.com.tr\/index.php\/urun\/renkler-ve-insanlar\/"},"modified":"2026-01-29T02:33:14","modified_gmt":"2026-01-28T23:33:14","slug":"renkler-ve-insanlar","status":"publish","type":"product","link":"https:\/\/roveyayinevi.com.tr\/index.php\/urun\/renkler-ve-insanlar\/","title":{"rendered":"Renkler ve \u0130nsanlar"},"content":{"rendered":"<p>Hayat\u0131 renklerle anlar\u0131z; keyifli bir hayat\u0131 tan\u0131mlamak i\u00e7in renkli ifadesini kullan\u0131r\u0131z.Tarihin, uzun s\u00fcre insanlar\u0131 renkleriyle kategori etti\u011fini; o kadar ki \u0130nsan Haklar\u0131 Evrensel Beyannamesi\u2019ninbile renk meselesine ikinci maddesinde de\u011finecek kadar \u00f6nem verdi\u011fini biliriz.Tuttu\u011fumuz tak\u0131m\u0131n rengine vuruluruz; bayra\u011f\u0131m\u0131z\u0131n rengi, kalbimizle \u00f6rt\u00fc\u015f\u00fcr. T\u0131pk\u0131 zevklerimiz gibirenklerimizin tart\u0131\u015f\u0131lmas\u0131n\u0131 da istemeyiz. Sevmi\u015fsek bir rengi, ne ba\u015fkas\u0131n\u0131n dudak b\u00fckmesine ald\u0131r\u0131\u015f ederiz; nede biz vazge\u00e7eriz o g\u00fcn\u00fcn anlam ve \u00f6nemiyle \u00f6zde\u015fle\u015ftirdi\u011fimiz rengimizle.Renkleri yak\u0131ndan tan\u0131mak, hayat\u0131 yak\u0131ndan tan\u0131makt\u0131r.Velhas\u0131l-\u0131 kelam, renkler hayat\u0131m\u0131z\u0131n ayr\u0131lmaz bir par\u00e7as\u0131d\u0131r.Yaz\u0131 d\u00fcnyas\u0131na h\u0131zl\u0131 bir giri\u015f yapan Selahattin Keser de b\u00f6yle d\u00fc\u015f\u00fcnm\u00fc\u015f olmal\u0131 ki hayat\u0131na giren g\u00fczelinsanlar\u0131 renklerle anlatm\u0131\u015f.Elinizdeki kitapta hayat\u0131 renkler \u00fczerinden anlat\u0131yor.Bir bak\u0131yorsunuz, iki z\u0131t renk, omuz omuza vermi\u015f; \u201cy\u00fcrekten konu\u015fuyor\u201d.Bir bak\u0131yorsunuz, birbirinin tamamlay\u0131c\u0131s\u0131 iki renk, \u201cinsanlar\u0131n derinliklerine inebilmenin\u201d inceliklerine dikkat\u00e7ekiyor.Kitapta g\u00f6r\u00fcyoruz ki kimi renkler, hayat\u0131n d\u00fcz bir \u00e7izgiden ibaret olmad\u0131\u011f\u0131n\u0131; ini\u015fleri \u00e7\u0131k\u0131\u015flar\u0131 olan bir s\u00fcrecikapsad\u0131\u011f\u0131n\u0131 anlat\u0131rken; baz\u0131 renkler ise hi\u00e7 hesapta olmayan bir zaman diliminde d\u00fc\u015ft\u00fc\u011f\u00fcn\u00fcz kuyudan\u00e7\u0131kabilme kararl\u0131l\u0131\u011f\u0131na i\u015faret ediyor.Kahraman renklerimizden birinin dedi\u011fi gibi, \u201chi\u00e7bir tabelada yazmaz; mutlulu\u011fa ka\u00e7 kilometre kald\u0131\u011f\u0131.\u201dHaz\u0131rl\u0131kl\u0131 olun; bu kitapta mutluluk, her an kar\u015f\u0131n\u0131za \u00e7\u0131kabilir!Keyifli okumalar dilerim.Y\u00fcksel I\u015f\u0131k (Gazeteci-Yazar) <\/p>\n","protected":false},"excerpt":{"rendered":"<p>Hayat\u0131 renklerle anlar\u0131z; keyifli bir hayat\u0131 tan\u0131mlamak i\u00e7in renkli ifadesini kullan\u0131r\u0131z.Tarihin, uzun s\u00fcre insanlar\u0131 renkleriyle kategori etti\u011fini; o kadar ki \u0130nsan Haklar\u0131 Evrensel Beyannamesi\u2019ninbile renk meselesine<span class=\"excerpt-hellip\"> [\u2026]<\/span><\/p>\n","protected":false},"featured_media":0,"template":"","meta":{"_monsterinsights_skip_tracking":false,"_monsterinsights_sitenote_active":false,"_monsterinsights_sitenote_note":"","_monsterinsights_sitenote_category":0},"product_brand":[],"product_cat":[12777,12291],"product_tag":[],"class_list":{"0":"post-709429","1":"product","2":"type-product","3":"status-publish","5":"product_cat-deneme","6":"product_cat-edebiyat","7":"pa_cilt-ciltsiz","8":"pa_tur-kitap","9":"pa_yayinevi-utopya-yayinevi","10":"pa_yazar-selahattin-keser","12":"first","13":"instock","14":"sale","15":"shipping-taxable","16":"purchasable","17":"product-type-simple"},"_links":{"self":[{"href":"https:\/\/roveyayinevi.com.tr\/index.php\/wp-json\/wp\/v2\/product\/709429","targetHints":{"allow":["GET"]}}],"collection":[{"href":"https:\/\/roveyayinevi.com.tr\/index.php\/wp-json\/wp\/v2\/product"}],"about":[{"href":"https:\/\/roveyayinevi.com.tr\/index.php\/wp-json\/wp\/v2\/types\/product"}],"wp:attachment":[{"href":"https:\/\/roveyayinevi.com.tr\/index.php\/wp-json\/wp\/v2\/media?parent=709429"}],"wp:term":[{"taxonomy":"product_brand","embeddable":true,"href":"https:\/\/roveyayinevi.com.tr\/index.php\/wp-json\/wp\/v2\/product_brand?post=709429"},{"taxonomy":"product_cat","embeddable":true,"href":"https:\/\/roveyayinevi.com.tr\/index.php\/wp-json\/wp\/v2\/product_cat?post=709429"},{"taxonomy":"product_tag","embeddable":true,"href":"https:\/\/roveyayinevi.com.tr\/index.php\/wp-json\/wp\/v2\/product_tag?post=709429"}],"curies":[{"name":"wp","href":"https:\/\/api.w.org\/{rel}","templated":true}]}}