{"id":709428,"date":"2025-08-27T16:24:47","date_gmt":"2025-08-27T13:24:47","guid":{"rendered":"https:\/\/roveyayinevi.com.tr\/index.php\/urun\/ay-portakali\/"},"modified":"2026-01-29T02:33:14","modified_gmt":"2026-01-28T23:33:14","slug":"ay-portakali","status":"publish","type":"product","link":"https:\/\/roveyayinevi.com.tr\/index.php\/urun\/ay-portakali\/","title":{"rendered":"Ay Portakal\u0131"},"content":{"rendered":"<p>\u00dcmran D\u00fc\u015f\u00fcnsel, ilk \u00f6yk\u00fc kitab\u0131 K\u0131r\u0131k Patika\u2019dan sonra insan ve ya\u015famla kodlanm\u0131\u015f yepyeni \u00f6yk\u00fcleriyleokuyucu kar\u015f\u0131s\u0131nda yine: Ay Portakal\u0131\u2026Yer yer \u015fiirle\u015fen, yer yer t\u00fcrk\u00fcle\u015fen ama daha \u00e7ok masalla\u015fan bir dil \u00f6rg\u00fcs\u00fcn\u00fcn h\u00e2kim oldu\u011fu bu yeni\u00f6yk\u00fclerde; insan\u0131 ve insana de\u011feni, tutu\u015fturan\u0131, do\u011fan\u0131n ve canl\u0131lar\u0131n ete kemi\u011fe b\u00fcr\u00fcnd\u00fc\u011f\u00fcn\u00fc ve \u00e7ocuklar\u0131nkahraman oldu\u011funu g\u00f6r\u00fcyoruz. Uzak sevin\u00e7lerle yak\u0131n h\u00fcz\u00fcnlerin ayn\u0131 yolda, kol kola y\u00fcr\u00fcd\u00fc\u011f\u00fcne tan\u0131k olup,y\u00fcz\u00fcm\u00fcze bir \u00fcnlem imi d\u00fc\u015f\u00fcr\u00fcyoruz apa\u00e7\u0131k.Ay Portakal\u0131, zaman\u0131n hem duygusuna hem de ger\u00e7ekli\u011fine bir tarih d\u00fc\u015f\u00fcm\u00fcd\u00fcr ayr\u0131ca. \u00d6yk\u00fclerin sesindekidram; \u00e7ocuklar\u0131n dilinde bir d\u00fc\u015f deryas\u0131na d\u00f6n\u00fc\u015f\u00fcrken, kurulacak g\u00fczel d\u00fcnyan\u0131n da birer habercisi ve birermu\u015ftucusudur asl\u0131nda. Bu y\u00fczdendir ki \u00dcmran D\u00fc\u015f\u00fcnsel\u2019in \u00f6yk\u00fcleri, tan\u0131d\u0131klar\u0131m\u0131z\u0131n, dokunduklar\u0131m\u0131z\u0131n ya dao hi\u00e7 anlat\u0131lamayanlara ait olanlar\u0131n foto\u011fraf\u0131d\u0131r.Ay Portakal\u0131\u2019ndaki \u00f6yk\u00fcler, sizi bir o\u011flakla s\u0131rda\u015f edip da\u011f\u0131n \u00e7a\u011fr\u0131s\u0131na s\u00fcr\u00fckleyebilir, oradan \u00e7ekip al\u0131r ve birs\u00fcrg\u00fcn\u00fcn kuca\u011f\u0131nda ninnileyebilir. A\u011fa\u00e7lar\u0131n, sadece sevdi\u011fi \u00e7ocuklara \u015feker d\u00f6kmesine de inand\u0131rabilir.\u00c7\u00fcnk\u00fc c\u00fcmle anlat\u0131lar\u0131n i\u00e7inde ku\u015f konu\u015fur, kurt dertle\u015fir, da\u011f kanar, \u00e7ocuklar menek\u015felenir. Ve a\u015fk, i\u00e7imizekederi d\u00fc\u015f\u00fcr\u00fcr, yakar; k\u00fcl\u00fcn\u00fc de yasaklanm\u0131\u015f bir dilin mahcubiyeti s\u00fcp\u00fcr\u00fcr.\u00dcmran D\u00fc\u015f\u00fcnsel, Ay Portakal\u0131\u2019nda dilin b\u00fct\u00fcn s\u0131n\u0131rlar\u0131n\u0131 da zorluyor. \u015eiirden \u00f6d\u00fcn\u00e7 ald\u0131\u011f\u0131 anlat\u0131m k\u0131vrakl\u0131\u011f\u0131n\u0131d\u00fczyaz\u0131ya yetti\u011fi kadar giydirmesini de iyi biliyor. Detayl\u0131yor ama gereksiz hi\u00e7bir s\u00f6ze meyletmiyor.Okuyucunun dama\u011f\u0131na tad\u0131 \u00e7al\u0131yor ve geri \u00e7ekiliyor hemen. Ger\u00e7e\u011fe gerekti\u011fi \u00f6l\u00e7\u00fcde \u015f\u0131r\u0131nga ediyor kurguyu.\u0130\u015fte bundand\u0131r ki \u00f6yk\u00fcler, tek kerelik okunup ge\u00e7ileceklerden de\u011fil, \u015fiir gibi tekrar tekrar kendini okutacakdirilikte ve derinliktedir.Ay Portakal\u0131\u2019n\u0131 okuyup bitirdi\u011finizde, y\u00fcz\u00fcn\u00fcze g\u00f6z\u00fcn\u00fcze portakal kokusu sinecek ve uzun bir s\u00fcre hi\u00e7silinmeyecek\u2026\u00d6mer TURAN <\/p>\n","protected":false},"excerpt":{"rendered":"<p>\u00dcmran D\u00fc\u015f\u00fcnsel, ilk \u00f6yk\u00fc kitab\u0131 K\u0131r\u0131k Patika\u2019dan sonra insan ve ya\u015famla kodlanm\u0131\u015f yepyeni \u00f6yk\u00fcleriyleokuyucu kar\u015f\u0131s\u0131nda yine: Ay Portakal\u0131\u2026Yer yer \u015fiirle\u015fen, yer yer t\u00fcrk\u00fcle\u015fen ama daha \u00e7ok<span class=\"excerpt-hellip\"> [\u2026]<\/span><\/p>\n","protected":false},"featured_media":0,"template":"","meta":{"_monsterinsights_skip_tracking":false,"_monsterinsights_sitenote_active":false,"_monsterinsights_sitenote_note":"","_monsterinsights_sitenote_category":0},"product_brand":[],"product_cat":[12291,12711],"product_tag":[],"class_list":{"0":"post-709428","1":"product","2":"type-product","3":"status-publish","5":"product_cat-edebiyat","6":"product_cat-roman-oyku","7":"pa_cilt-ciltsiz","8":"pa_tur-kitap","9":"pa_yayinevi-utopya-yayinevi","10":"pa_yazar-umran-dusunsel","12":"first","13":"instock","14":"sale","15":"shipping-taxable","16":"purchasable","17":"product-type-simple"},"_links":{"self":[{"href":"https:\/\/roveyayinevi.com.tr\/index.php\/wp-json\/wp\/v2\/product\/709428","targetHints":{"allow":["GET"]}}],"collection":[{"href":"https:\/\/roveyayinevi.com.tr\/index.php\/wp-json\/wp\/v2\/product"}],"about":[{"href":"https:\/\/roveyayinevi.com.tr\/index.php\/wp-json\/wp\/v2\/types\/product"}],"wp:attachment":[{"href":"https:\/\/roveyayinevi.com.tr\/index.php\/wp-json\/wp\/v2\/media?parent=709428"}],"wp:term":[{"taxonomy":"product_brand","embeddable":true,"href":"https:\/\/roveyayinevi.com.tr\/index.php\/wp-json\/wp\/v2\/product_brand?post=709428"},{"taxonomy":"product_cat","embeddable":true,"href":"https:\/\/roveyayinevi.com.tr\/index.php\/wp-json\/wp\/v2\/product_cat?post=709428"},{"taxonomy":"product_tag","embeddable":true,"href":"https:\/\/roveyayinevi.com.tr\/index.php\/wp-json\/wp\/v2\/product_tag?post=709428"}],"curies":[{"name":"wp","href":"https:\/\/api.w.org\/{rel}","templated":true}]}}