{"id":709426,"date":"2025-08-27T16:24:46","date_gmt":"2025-08-27T13:24:46","guid":{"rendered":"https:\/\/roveyayinevi.com.tr\/index.php\/urun\/tereddut\/"},"modified":"2026-04-16T02:18:05","modified_gmt":"2026-04-15T23:18:05","slug":"tereddut","status":"publish","type":"product","link":"https:\/\/roveyayinevi.com.tr\/index.php\/urun\/tereddut\/","title":{"rendered":"Teredd\u00fct"},"content":{"rendered":"<p>Bu k\u0131rm\u0131z\u0131 sakal\u0131n arkas\u0131ndaki adam kim? \u00c7\u0131k\u0131lan yol, var\u0131lan yer ne kadar z\u0131t olabilir? E\u015fcinsel bir modac\u0131n\u0131n yolu K\u00e2be\u2019den nas\u0131l ge\u00e7er? Mucizelerin bu kadar s\u0131k dokundu\u011fu \u00e7ok hayat var m\u0131d\u0131r? Tanju Babacan de\u011fi\u015fimin, geli\u015fimin, araman\u0131n, bulman\u0131n, insan olman\u0131n \u00e7ok zor san\u0131lsa da imk\u00e2ns\u0131z olmad\u0131\u011f\u0131n\u0131 b\u00fct\u00fcn i\u00e7tenli\u011fiyle anlat\u0131yor. &#8220;Her zaman ba\u015fka bir yol vard\u0131r. Her neye inan\u0131yorsan\u0131z &#8220;O&#8221; size yard\u0131m edecektir, &#8220;O&#8221;na s\u0131k\u0131ca sar\u0131l\u0131n,&#8221; diyor. <\/p>\n","protected":false},"excerpt":{"rendered":"<p>Bu k\u0131rm\u0131z\u0131 sakal\u0131n arkas\u0131ndaki adam kim? \u00c7\u0131k\u0131lan yol, var\u0131lan yer ne kadar z\u0131t olabilir? E\u015fcinsel bir modac\u0131n\u0131n yolu K\u00e2be\u2019den nas\u0131l ge\u00e7er? Mucizelerin bu kadar s\u0131k dokundu\u011fu<span class=\"excerpt-hellip\"> [\u2026]<\/span><\/p>\n","protected":false},"featured_media":0,"template":"","meta":{"_monsterinsights_skip_tracking":false,"_monsterinsights_sitenote_active":false,"_monsterinsights_sitenote_note":"","_monsterinsights_sitenote_category":0},"product_brand":[],"product_cat":[12777,12291],"product_tag":[],"class_list":{"0":"post-709426","1":"product","2":"type-product","3":"status-publish","5":"product_cat-deneme","6":"product_cat-edebiyat","7":"pa_cilt-ciltsiz","8":"pa_tur-kitap","9":"pa_yayinevi-inkilap-kitabevi","10":"pa_yazar-tanju-babacan","12":"first","13":"instock","14":"sale","15":"shipping-taxable","16":"purchasable","17":"product-type-simple"},"_links":{"self":[{"href":"https:\/\/roveyayinevi.com.tr\/index.php\/wp-json\/wp\/v2\/product\/709426","targetHints":{"allow":["GET"]}}],"collection":[{"href":"https:\/\/roveyayinevi.com.tr\/index.php\/wp-json\/wp\/v2\/product"}],"about":[{"href":"https:\/\/roveyayinevi.com.tr\/index.php\/wp-json\/wp\/v2\/types\/product"}],"wp:attachment":[{"href":"https:\/\/roveyayinevi.com.tr\/index.php\/wp-json\/wp\/v2\/media?parent=709426"}],"wp:term":[{"taxonomy":"product_brand","embeddable":true,"href":"https:\/\/roveyayinevi.com.tr\/index.php\/wp-json\/wp\/v2\/product_brand?post=709426"},{"taxonomy":"product_cat","embeddable":true,"href":"https:\/\/roveyayinevi.com.tr\/index.php\/wp-json\/wp\/v2\/product_cat?post=709426"},{"taxonomy":"product_tag","embeddable":true,"href":"https:\/\/roveyayinevi.com.tr\/index.php\/wp-json\/wp\/v2\/product_tag?post=709426"}],"curies":[{"name":"wp","href":"https:\/\/api.w.org\/{rel}","templated":true}]}}