{"id":709421,"date":"2025-08-27T16:24:43","date_gmt":"2025-08-27T13:24:43","guid":{"rendered":"https:\/\/roveyayinevi.com.tr\/index.php\/urun\/gencler-ve-aileler-icin-internet\/"},"modified":"2026-04-16T02:18:04","modified_gmt":"2026-04-15T23:18:04","slug":"gencler-ve-aileler-icin-internet","status":"publish","type":"product","link":"https:\/\/roveyayinevi.com.tr\/index.php\/urun\/gencler-ve-aileler-icin-internet\/","title":{"rendered":"Gen\u00e7ler ve Aileler \u0130\u00e7in \u0130nternet"},"content":{"rendered":"<p>\u0130nternetle ilgili merak edilen ve ihtiya\u00e7 duyulan her t\u00fcrl\u00fc bilgiyi i\u00e7inde bar\u0131nd\u0131ran bu kitap olduk\u00e7a i\u015finize yarayacak. \u0130lkokul \u00f6\u011frencilerinden \u00fcniversite \u00f6\u011frencilerine, ailelere ve \u00f6\u011fretmenlere herkes bu kitaptan yarar sa\u011flayabilecektir. \u0130nternet ile hi\u00e7 tan\u0131\u015fmam\u0131\u015f olan ileri ya\u015ftaki okurlar\u0131m\u0131z\u0131n yan\u0131 s\u0131ra internet ile yeni tan\u0131\u015fan k\u00fc\u00e7\u00fck arkada\u015flar\u0131m\u0131z\u0131n da bu kitaptan yararlanabilece\u011fi sade bir dil kullan\u0131ld\u0131. Dolay\u0131s\u0131yla internet konusunda deneyimli ve bilgi sahibi ki\u015filerin yan\u0131 s\u0131ra internet konusunda hi\u00e7 bilgi sahibi olmayan okurlar da bu kitaptan fayda sa\u011flayabilecektir.<\/p>\n","protected":false},"excerpt":{"rendered":"<p>\u0130nternetle ilgili merak edilen ve ihtiya\u00e7 duyulan her t\u00fcrl\u00fc bilgiyi i\u00e7inde bar\u0131nd\u0131ran bu kitap olduk\u00e7a i\u015finize yarayacak. \u0130lkokul \u00f6\u011frencilerinden \u00fcniversite \u00f6\u011frencilerine, ailelere ve \u00f6\u011fretmenlere herkes bu<span class=\"excerpt-hellip\"> [\u2026]<\/span><\/p>\n","protected":false},"featured_media":0,"template":"","meta":{"_monsterinsights_skip_tracking":false,"_monsterinsights_sitenote_active":false,"_monsterinsights_sitenote_note":"","_monsterinsights_sitenote_category":0},"product_brand":[],"product_cat":[12573,12566],"product_tag":[],"class_list":{"0":"post-709421","1":"product","2":"type-product","3":"status-publish","5":"product_cat-akademik-kitaplar","6":"product_cat-egitim","7":"pa_cilt-ciltsiz","8":"pa_tur-kitap","9":"pa_yayinevi-egiten-kitap","10":"pa_yazar-komisyon","12":"first","13":"instock","14":"sale","15":"shipping-taxable","16":"purchasable","17":"product-type-simple"},"_links":{"self":[{"href":"https:\/\/roveyayinevi.com.tr\/index.php\/wp-json\/wp\/v2\/product\/709421","targetHints":{"allow":["GET"]}}],"collection":[{"href":"https:\/\/roveyayinevi.com.tr\/index.php\/wp-json\/wp\/v2\/product"}],"about":[{"href":"https:\/\/roveyayinevi.com.tr\/index.php\/wp-json\/wp\/v2\/types\/product"}],"wp:attachment":[{"href":"https:\/\/roveyayinevi.com.tr\/index.php\/wp-json\/wp\/v2\/media?parent=709421"}],"wp:term":[{"taxonomy":"product_brand","embeddable":true,"href":"https:\/\/roveyayinevi.com.tr\/index.php\/wp-json\/wp\/v2\/product_brand?post=709421"},{"taxonomy":"product_cat","embeddable":true,"href":"https:\/\/roveyayinevi.com.tr\/index.php\/wp-json\/wp\/v2\/product_cat?post=709421"},{"taxonomy":"product_tag","embeddable":true,"href":"https:\/\/roveyayinevi.com.tr\/index.php\/wp-json\/wp\/v2\/product_tag?post=709421"}],"curies":[{"name":"wp","href":"https:\/\/api.w.org\/{rel}","templated":true}]}}