{"id":709420,"date":"2025-08-27T16:24:42","date_gmt":"2025-08-27T13:24:42","guid":{"rendered":"https:\/\/roveyayinevi.com.tr\/index.php\/urun\/duygulariyla-arkadas-olan-cocuk\/"},"modified":"2026-04-16T02:18:04","modified_gmt":"2026-04-15T23:18:04","slug":"duygulariyla-arkadas-olan-cocuk","status":"publish","type":"product","link":"https:\/\/roveyayinevi.com.tr\/index.php\/urun\/duygulariyla-arkadas-olan-cocuk\/","title":{"rendered":"Duygular\u0131yla Arkada\u015f Olan \u00c7ocuk"},"content":{"rendered":"<p>Kendini tan\u0131mak ve duygular\u0131n sana ne anlatt\u0131\u011f\u0131n\u0131 kavrayabilmek, onlarla yak\u0131nla\u015fabildi\u011finde ger\u00e7ekle\u015fmeye ba\u015flar.\u201cDuygular\u0131yla Arkada\u015f Olan \u00c7ocuk\u201d, duygular\u0131 bir misafir gibi kar\u015f\u0131lamay\u0131, tan\u0131may\u0131 ve neden geldiklerini anlamay\u0131 \u00f6\u011fretirken, sadece isimlerini s\u00f6ylemek yerine; onlar\u0131 ke\u015ffetmek, hissetmek hatta onlarla arkada\u015f olmak konusunda \u00e7ocuklar\u0131 cesaretlendiriyor.Kitab\u0131n \u015fiirsel dili ve renkli ill\u00fcstrasyonlar\u0131yla \u00e7ocuklar, anda kalabilmek i\u00e7in gerekli olan duygusal fark\u0131ndal\u0131\u011f\u0131 kazanabilecekler. Bu da onlar\u0131n; empati, i\u00e7g\u00f6r\u00fc ve esneklik becerilerini geli\u015ftirmelerine yard\u0131mc\u0131 olacak.\u201cArt\u0131k ne zaman bir duygu gelirse oynamaya seninle, ho\u015f geldin de, al onu i\u00e7eriye. Kals\u0131n ne kadar isterse, bir ya da iki dakika. Arkada\u015f gibi davran, seninle konu\u015fan duygular\u0131na.\u201dKitab\u0131n \u201cEbeveynlere Not\u201d b\u00f6l\u00fcm\u00fcnde, duygular\u0131n fark\u0131na varmak ve anda kalabilmekle ilgili anne ve babalara bilgilendirici pratik aktivite \u00f6nerileri de yer almaktad\u0131r.<\/p>\n","protected":false},"excerpt":{"rendered":"<p>Kendini tan\u0131mak ve duygular\u0131n sana ne anlatt\u0131\u011f\u0131n\u0131 kavrayabilmek, onlarla yak\u0131nla\u015fabildi\u011finde ger\u00e7ekle\u015fmeye ba\u015flar.\u201cDuygular\u0131yla Arkada\u015f Olan \u00c7ocuk\u201d, duygular\u0131 bir misafir gibi kar\u015f\u0131lamay\u0131, tan\u0131may\u0131 ve neden geldiklerini anlamay\u0131 \u00f6\u011fretirken,<span class=\"excerpt-hellip\"> [\u2026]<\/span><\/p>\n","protected":false},"featured_media":0,"template":"","meta":{"_monsterinsights_skip_tracking":false,"_monsterinsights_sitenote_active":false,"_monsterinsights_sitenote_note":"","_monsterinsights_sitenote_category":0},"product_brand":[],"product_cat":[12275,12274],"product_tag":[],"class_list":{"0":"post-709420","1":"product","2":"type-product","3":"status-publish","5":"product_cat-6-12-yas-kitaplari","6":"product_cat-cocuk-ve-genclik-kitaplari","7":"pa_cilt-ciltsiz","8":"pa_tur-kitap","9":"pa_yayinevi-okuyan-koala","10":"pa_yazar-lauren-rubenstein","12":"first","13":"instock","14":"sale","15":"shipping-taxable","16":"purchasable","17":"product-type-simple"},"_links":{"self":[{"href":"https:\/\/roveyayinevi.com.tr\/index.php\/wp-json\/wp\/v2\/product\/709420","targetHints":{"allow":["GET"]}}],"collection":[{"href":"https:\/\/roveyayinevi.com.tr\/index.php\/wp-json\/wp\/v2\/product"}],"about":[{"href":"https:\/\/roveyayinevi.com.tr\/index.php\/wp-json\/wp\/v2\/types\/product"}],"wp:attachment":[{"href":"https:\/\/roveyayinevi.com.tr\/index.php\/wp-json\/wp\/v2\/media?parent=709420"}],"wp:term":[{"taxonomy":"product_brand","embeddable":true,"href":"https:\/\/roveyayinevi.com.tr\/index.php\/wp-json\/wp\/v2\/product_brand?post=709420"},{"taxonomy":"product_cat","embeddable":true,"href":"https:\/\/roveyayinevi.com.tr\/index.php\/wp-json\/wp\/v2\/product_cat?post=709420"},{"taxonomy":"product_tag","embeddable":true,"href":"https:\/\/roveyayinevi.com.tr\/index.php\/wp-json\/wp\/v2\/product_tag?post=709420"}],"curies":[{"name":"wp","href":"https:\/\/api.w.org\/{rel}","templated":true}]}}