{"id":709419,"date":"2025-08-27T16:24:42","date_gmt":"2025-08-27T13:24:42","guid":{"rendered":"https:\/\/roveyayinevi.com.tr\/index.php\/urun\/siyasi-denemeler\/"},"modified":"2026-04-16T02:18:04","modified_gmt":"2026-04-15T23:18:04","slug":"siyasi-denemeler","status":"publish","type":"product","link":"https:\/\/roveyayinevi.com.tr\/index.php\/urun\/siyasi-denemeler\/","title":{"rendered":"Siyasi Denemeler"},"content":{"rendered":"<p>Modern d\u00f6nem filozoflar\u0131ndan biri olan David Hume metafizik, epistemoloji, ontoloji, etik gibi felsefenin temel alanlar\u0131nda devrimci eserler verdi ve Ayd\u0131nlanma d\u00fc\u015f\u00fcncesinin akt\u00f6rlerinden biri haline geldi. Siyasi Denemeler ise Hume\u2019un tarih\u00e7i, ekonomist ve siyaset kuramc\u0131s\u0131 kimliklerini \u00f6ne \u00e7\u0131kar\u0131r. Bu bak\u0131mdan, Kant, Schopenhauer, Darwin ve Einstein gibi \u00f6nemli isimleri do\u011frudan etkileyen filozofun sisteminin uygulama alan\u0131n\u0131 sunar bize. <\/p>\n","protected":false},"excerpt":{"rendered":"<p>Modern d\u00f6nem filozoflar\u0131ndan biri olan David Hume metafizik, epistemoloji, ontoloji, etik gibi felsefenin temel alanlar\u0131nda devrimci eserler verdi ve Ayd\u0131nlanma d\u00fc\u015f\u00fcncesinin akt\u00f6rlerinden biri haline geldi. Siyasi<span class=\"excerpt-hellip\"> [\u2026]<\/span><\/p>\n","protected":false},"featured_media":0,"template":"","meta":{"_monsterinsights_skip_tracking":false,"_monsterinsights_sitenote_active":false,"_monsterinsights_sitenote_note":"","_monsterinsights_sitenote_category":0},"product_brand":[],"product_cat":[12388,15536],"product_tag":[],"class_list":{"0":"post-709419","1":"product","2":"type-product","3":"status-publish","5":"product_cat-felsefe","6":"product_cat-siyaset-felsefesi","7":"pa_cilt-ciltsiz","8":"pa_tur-kitap","9":"pa_yayinevi-pinhan-yayincilik","10":"pa_yazar-david-hume","12":"first","13":"instock","14":"sale","15":"shipping-taxable","16":"purchasable","17":"product-type-simple"},"_links":{"self":[{"href":"https:\/\/roveyayinevi.com.tr\/index.php\/wp-json\/wp\/v2\/product\/709419","targetHints":{"allow":["GET"]}}],"collection":[{"href":"https:\/\/roveyayinevi.com.tr\/index.php\/wp-json\/wp\/v2\/product"}],"about":[{"href":"https:\/\/roveyayinevi.com.tr\/index.php\/wp-json\/wp\/v2\/types\/product"}],"wp:attachment":[{"href":"https:\/\/roveyayinevi.com.tr\/index.php\/wp-json\/wp\/v2\/media?parent=709419"}],"wp:term":[{"taxonomy":"product_brand","embeddable":true,"href":"https:\/\/roveyayinevi.com.tr\/index.php\/wp-json\/wp\/v2\/product_brand?post=709419"},{"taxonomy":"product_cat","embeddable":true,"href":"https:\/\/roveyayinevi.com.tr\/index.php\/wp-json\/wp\/v2\/product_cat?post=709419"},{"taxonomy":"product_tag","embeddable":true,"href":"https:\/\/roveyayinevi.com.tr\/index.php\/wp-json\/wp\/v2\/product_tag?post=709419"}],"curies":[{"name":"wp","href":"https:\/\/api.w.org\/{rel}","templated":true}]}}