{"id":709418,"date":"2025-08-27T16:24:42","date_gmt":"2025-08-27T13:24:42","guid":{"rendered":"https:\/\/roveyayinevi.com.tr\/index.php\/urun\/eski-bisiklet\/"},"modified":"2026-04-16T02:18:04","modified_gmt":"2026-04-15T23:18:04","slug":"eski-bisiklet","status":"publish","type":"product","link":"https:\/\/roveyayinevi.com.tr\/index.php\/urun\/eski-bisiklet\/","title":{"rendered":"Eski Bisiklet"},"content":{"rendered":"<p>\u201cHer sayfas\u0131 u\u00e7arcas\u0131na heyecanla okunan Eski Bisiklet,B\u00fcy\u00fckmeri\u00e7\u2019in ba\u015far\u0131l\u0131 \u00fcr\u00fcnlerinden birisi.Yaln\u0131zca \u00e7ocuklar\u0131n de\u011fil yeti\u015fkinlerin de zevkle okuyaca\u011f\u0131yal\u0131n ama ustaca i\u015flenmi\u015f bir dil veanlat\u0131m\u0131 bar\u0131nd\u0131r\u0131yor i\u00e7inde.\u201dSelahattin Dilid\u00fczg\u00fcn <\/p>\n","protected":false},"excerpt":{"rendered":"<p>\u201cHer sayfas\u0131 u\u00e7arcas\u0131na heyecanla okunan Eski Bisiklet,B\u00fcy\u00fckmeri\u00e7\u2019in ba\u015far\u0131l\u0131 \u00fcr\u00fcnlerinden birisi.Yaln\u0131zca \u00e7ocuklar\u0131n de\u011fil yeti\u015fkinlerin de zevkle okuyaca\u011f\u0131yal\u0131n ama ustaca i\u015flenmi\u015f bir dil veanlat\u0131m\u0131 bar\u0131nd\u0131r\u0131yor i\u00e7inde.\u201dSelahattin Dilid\u00fczg\u00fcn<\/p>\n","protected":false},"featured_media":0,"template":"","meta":{"_monsterinsights_skip_tracking":false,"_monsterinsights_sitenote_active":false,"_monsterinsights_sitenote_note":"","_monsterinsights_sitenote_category":0},"product_brand":[],"product_cat":[12274,12284],"product_tag":[],"class_list":{"0":"post-709418","1":"product","2":"type-product","3":"status-publish","5":"product_cat-cocuk-ve-genclik-kitaplari","6":"product_cat-hikayeler","7":"pa_cilt-ciltsiz","8":"pa_tur-kitap","9":"pa_yayinevi-boyalikus-yayinlari","10":"pa_yazar-erol-buyukmeric","12":"first","13":"instock","14":"sale","15":"shipping-taxable","16":"purchasable","17":"product-type-simple"},"_links":{"self":[{"href":"https:\/\/roveyayinevi.com.tr\/index.php\/wp-json\/wp\/v2\/product\/709418","targetHints":{"allow":["GET"]}}],"collection":[{"href":"https:\/\/roveyayinevi.com.tr\/index.php\/wp-json\/wp\/v2\/product"}],"about":[{"href":"https:\/\/roveyayinevi.com.tr\/index.php\/wp-json\/wp\/v2\/types\/product"}],"wp:attachment":[{"href":"https:\/\/roveyayinevi.com.tr\/index.php\/wp-json\/wp\/v2\/media?parent=709418"}],"wp:term":[{"taxonomy":"product_brand","embeddable":true,"href":"https:\/\/roveyayinevi.com.tr\/index.php\/wp-json\/wp\/v2\/product_brand?post=709418"},{"taxonomy":"product_cat","embeddable":true,"href":"https:\/\/roveyayinevi.com.tr\/index.php\/wp-json\/wp\/v2\/product_cat?post=709418"},{"taxonomy":"product_tag","embeddable":true,"href":"https:\/\/roveyayinevi.com.tr\/index.php\/wp-json\/wp\/v2\/product_tag?post=709418"}],"curies":[{"name":"wp","href":"https:\/\/api.w.org\/{rel}","templated":true}]}}