{"id":709415,"date":"2025-08-27T16:24:40","date_gmt":"2025-08-27T13:24:40","guid":{"rendered":"https:\/\/roveyayinevi.com.tr\/index.php\/urun\/sibirya-tarihi\/"},"modified":"2026-04-16T02:18:04","modified_gmt":"2026-04-15T23:18:04","slug":"sibirya-tarihi","status":"publish","type":"product","link":"https:\/\/roveyayinevi.com.tr\/index.php\/urun\/sibirya-tarihi\/","title":{"rendered":"Sibirya Tarihi"},"content":{"rendered":"<p>\u0130lyas Topsakal\u2019\u0131n Ba\u015flang\u0131\u00e7tan 1917\u2019ye Kadar Sibirya Tarihi ad\u0131n\u0131 ta\u015f\u0131yan eserinin giri\u015fi gelecekte alanda yap\u0131lacak \u00e7al\u0131\u015fmalara katk\u0131 sunmak amac\u0131yla Sibirya tarihinin ana kaynaklar\u0131na ayr\u0131lm\u0131\u015ft\u0131r. Daha sonra tarihin ilk devirlerinden ba\u015flayarak Sibirya k\u00fclt\u00fcrleri ve b\u00f6lgede ikamet eden kavimler anlat\u0131lm\u0131\u015f ve Ruslar\u0131n b\u00f6lgeye nas\u0131l ve hangi ama\u00e7la geldikleri ele al\u0131nm\u0131\u015ft\u0131r. Rus istilas\u0131n\u0131n y\u00fczy\u0131l y\u00fczy\u0131l ve a\u015fama a\u015fama incelendi\u011fi eserde, Ruslar\u0131n b\u00f6lgeye n\u00fcfus ak\u0131\u015f\u0131n\u0131 tanzim etmeleri, i\u00e7timai, iktisadi ve idari nizamlar\u0131n\u0131 kurmalar\u0131 yine kronolojik olarak g\u00f6sterilmi\u015ftir. Nihayet, Ruslar\u0131n gelmesinden sonra b\u00f6lgede dini ve k\u00fclt\u00fcrel hayat\u0131n nas\u0131l d\u00f6n\u00fc\u015ft\u00fc\u011f\u00fcne dair tafsilatl\u0131 bir b\u00f6l\u00fcm\u00fc kaleme mevcuttur ki, kanaatimizce bu b\u00f6l\u00fcm, eserin en can al\u0131c\u0131 noktas\u0131n\u0131 te\u015fkil etmektedir. <\/p>\n","protected":false},"excerpt":{"rendered":"<p>\u0130lyas Topsakal\u2019\u0131n Ba\u015flang\u0131\u00e7tan 1917\u2019ye Kadar Sibirya Tarihi ad\u0131n\u0131 ta\u015f\u0131yan eserinin giri\u015fi gelecekte alanda yap\u0131lacak \u00e7al\u0131\u015fmalara katk\u0131 sunmak amac\u0131yla Sibirya tarihinin ana kaynaklar\u0131na ayr\u0131lm\u0131\u015ft\u0131r. Daha sonra tarihin<span class=\"excerpt-hellip\"> [\u2026]<\/span><\/p>\n","protected":false},"featured_media":0,"template":"","meta":{"_monsterinsights_skip_tracking":false,"_monsterinsights_sitenote_active":false,"_monsterinsights_sitenote_note":"","_monsterinsights_sitenote_category":0},"product_brand":[],"product_cat":[13590,12337],"product_tag":[],"class_list":{"0":"post-709415","1":"product","2":"type-product","3":"status-publish","5":"product_cat-arastirma-inceleme-politika-siyaset","6":"product_cat-politika-siyaset","7":"pa_cilt-ciltsiz","8":"pa_tur-kitap","9":"pa_yayinevi-otuken-nesriyat","10":"pa_yazar-ilyas-topsakal","12":"first","13":"instock","14":"sale","15":"shipping-taxable","16":"purchasable","17":"product-type-simple"},"_links":{"self":[{"href":"https:\/\/roveyayinevi.com.tr\/index.php\/wp-json\/wp\/v2\/product\/709415","targetHints":{"allow":["GET"]}}],"collection":[{"href":"https:\/\/roveyayinevi.com.tr\/index.php\/wp-json\/wp\/v2\/product"}],"about":[{"href":"https:\/\/roveyayinevi.com.tr\/index.php\/wp-json\/wp\/v2\/types\/product"}],"wp:attachment":[{"href":"https:\/\/roveyayinevi.com.tr\/index.php\/wp-json\/wp\/v2\/media?parent=709415"}],"wp:term":[{"taxonomy":"product_brand","embeddable":true,"href":"https:\/\/roveyayinevi.com.tr\/index.php\/wp-json\/wp\/v2\/product_brand?post=709415"},{"taxonomy":"product_cat","embeddable":true,"href":"https:\/\/roveyayinevi.com.tr\/index.php\/wp-json\/wp\/v2\/product_cat?post=709415"},{"taxonomy":"product_tag","embeddable":true,"href":"https:\/\/roveyayinevi.com.tr\/index.php\/wp-json\/wp\/v2\/product_tag?post=709415"}],"curies":[{"name":"wp","href":"https:\/\/api.w.org\/{rel}","templated":true}]}}