{"id":709414,"date":"2025-08-27T16:24:40","date_gmt":"2025-08-27T13:24:40","guid":{"rendered":"https:\/\/roveyayinevi.com.tr\/index.php\/urun\/diyabet-ve-zayiflama-kurleri-3-ayda-diyabete-son\/"},"modified":"2026-04-16T02:18:04","modified_gmt":"2026-04-15T23:18:04","slug":"diyabet-ve-zayiflama-kurleri-3-ayda-diyabete-son","status":"publish","type":"product","link":"https:\/\/roveyayinevi.com.tr\/index.php\/urun\/diyabet-ve-zayiflama-kurleri-3-ayda-diyabete-son\/","title":{"rendered":"Diyabet ve Zay\u0131flama K\u00fcrleri (3 Ayda Diyabete Son)"},"content":{"rendered":"<p>91 g\u00fcnl\u00fck Anti-Diyabet Ya\u015fam Program\u0131 ile Tip 2 diyabetten kurtul, ins\u00fclin direncini yen ve kilo ver! \u00c7ok satanlar listesinden inmeyen \u0130la\u00e7s\u0131z Ya\u015fam, Bitkisel K\u00fcrlerle \u0130la\u00e7s\u0131z Tedavi ve Mutluluk K\u00fcrleri kitaplar\u0131n\u0131n yazar\u0131 Dr. \u00dcmit Akta\u015f&#8217;tan diyabete ve fazla kilolara elveda demek isteyen herkese hediye&#8230; \u00d6ncelikle size s\u00f6ylenen her \u015feyi unutarak i\u015fe ba\u015flay\u0131n. Hayat boyu ilaca mahk\u00fbm oldu\u011funuzu s\u00f6ylediler. Tip 2 diyabetin iyile\u015femeyece\u011fini s\u00f6ylediler. Zay\u0131flamak istiyorsan mutlaka diyetisyene git, dediler. Bunlar\u0131n hepsini unutun. Sizi sa\u011fl\u0131kl\u0131 bir ya\u015fama davet ediyorum. Anahtar\u0131 kaybetti\u011finiz yerde araman\u0131z gerekti\u011fini biliyorsunuz art\u0131k. Bu ne demek? Beslenme hatalar\u0131 y\u00fcz\u00fcnden hasta oldunuz, kilo ald\u0131n\u0131z ve sorunu ancak beslenme modelinizi de\u011fi\u015ftirerek \u00e7\u00f6zebilirsiniz. Diyabet ve Zay\u0131flama K\u00fcrleri ile anti-diyabet beslenme modelinin detaylar\u0131n\u0131 \u00f6\u011freneceksiniz. Diyabet ve kilo kontrol\u00fcnde b\u00fcy\u00fck \u00f6nem ta\u015f\u0131yan hayati yap\u0131ta\u015flar\u0131n\u0131, neler yemeniz, nelerden ka\u00e7\u0131nman\u0131z gerekti\u011fini \u00f6\u011freneceksiniz. Bunlar\u0131 ya\u015fam\u0131n\u0131za uyarlamaya ba\u015flad\u0131\u011f\u0131n\u0131zda ise\u2026* Kan \u015fekeriniz d\u00fczene girecek.* \u0130ns\u00fclin direnciniz k\u0131r\u0131lacak.* Kilo vereceksiniz.* \u015eeker hastal\u0131\u011f\u0131n\u0131n yapt\u0131\u011f\u0131 tahribat\u0131 durduracaks\u0131n\u0131z.* V\u00fccudunuza kendini onarmas\u0131 i\u00e7in ihtiyac\u0131 olan besinleri vereceksiniz.* Tip 2 diyabetle el ele y\u00fcr\u00fcyen hastal\u0131klarla aran\u0131za mesafe koyacaks\u0131n\u0131z.* Hastal\u0131\u011f\u0131n sizden \u00e7ald\u0131\u011f\u0131 ya\u015fam enerjiniz geri gelecek* Diyabetle yak\u0131ndan ili\u015fkili olan o depresif ruh halinden kurtulacaks\u0131n\u0131z. <\/p>\n","protected":false},"excerpt":{"rendered":"<p>91 g\u00fcnl\u00fck Anti-Diyabet Ya\u015fam Program\u0131 ile Tip 2 diyabetten kurtul, ins\u00fclin direncini yen ve kilo ver! \u00c7ok satanlar listesinden inmeyen \u0130la\u00e7s\u0131z Ya\u015fam, Bitkisel K\u00fcrlerle \u0130la\u00e7s\u0131z Tedavi<span class=\"excerpt-hellip\"> [\u2026]<\/span><\/p>\n","protected":false},"featured_media":0,"template":"","meta":{"_monsterinsights_skip_tracking":false,"_monsterinsights_sitenote_active":false,"_monsterinsights_sitenote_note":"","_monsterinsights_sitenote_category":0},"product_brand":[],"product_cat":[13402,13365],"product_tag":[],"class_list":{"0":"post-709414","1":"product","2":"type-product","3":"status-publish","5":"product_cat-beslenme-ve-diyet","6":"product_cat-saglik","7":"pa_cilt-ciltsiz","8":"pa_tur-kitap","9":"pa_yayinevi-hayykitap","10":"pa_yazar-umit-aktas","12":"first","13":"instock","14":"sale","15":"shipping-taxable","16":"purchasable","17":"product-type-simple"},"_links":{"self":[{"href":"https:\/\/roveyayinevi.com.tr\/index.php\/wp-json\/wp\/v2\/product\/709414","targetHints":{"allow":["GET"]}}],"collection":[{"href":"https:\/\/roveyayinevi.com.tr\/index.php\/wp-json\/wp\/v2\/product"}],"about":[{"href":"https:\/\/roveyayinevi.com.tr\/index.php\/wp-json\/wp\/v2\/types\/product"}],"wp:attachment":[{"href":"https:\/\/roveyayinevi.com.tr\/index.php\/wp-json\/wp\/v2\/media?parent=709414"}],"wp:term":[{"taxonomy":"product_brand","embeddable":true,"href":"https:\/\/roveyayinevi.com.tr\/index.php\/wp-json\/wp\/v2\/product_brand?post=709414"},{"taxonomy":"product_cat","embeddable":true,"href":"https:\/\/roveyayinevi.com.tr\/index.php\/wp-json\/wp\/v2\/product_cat?post=709414"},{"taxonomy":"product_tag","embeddable":true,"href":"https:\/\/roveyayinevi.com.tr\/index.php\/wp-json\/wp\/v2\/product_tag?post=709414"}],"curies":[{"name":"wp","href":"https:\/\/api.w.org\/{rel}","templated":true}]}}