{"id":709413,"date":"2025-08-27T16:24:39","date_gmt":"2025-08-27T13:24:39","guid":{"rendered":"https:\/\/roveyayinevi.com.tr\/index.php\/urun\/duz-yazi-100-yazi\/"},"modified":"2026-04-16T02:18:04","modified_gmt":"2026-04-15T23:18:04","slug":"duz-yazi-100-yazi","status":"publish","type":"product","link":"https:\/\/roveyayinevi.com.tr\/index.php\/urun\/duz-yazi-100-yazi\/","title":{"rendered":"D\u00fcz Yaz\u0131: 100 Yaz\u0131"},"content":{"rendered":"<p>D\u00fcnyaya gelmenin pek \u00e7ok yolu vard\u0131r. \u00d6rne\u011fin \u00f6n kap\u0131dan gelirsiniz. Kap\u0131y\u0131 \u00e7alar ve ev sahibinin rehberli\u011fini beklersiniz. Kendi ke\u015fif yollar\u0131n\u0131z\u0131 kapat\u0131r ve ne ac\u0131 ki m\u00fcsaade edilebilir bir yolculu\u011fa \u00e7\u0131kars\u0131n\u0131z d\u00fcnyada. D\u00fcnyaya bir h\u0131rs\u0131z gibi de girebilirsiniz. G\u00f6zden uzak pencerelerden birinden eve s\u00fcz\u00fcl\u00fcr ve g\u00f6z\u00fcn\u00fcze kestirdi\u011finizi al\u0131r gidersiniz. Bir de bah\u00e7e kap\u0131s\u0131ndan girebilirsiniz d\u00fcnyaya. Bir kar\u015f\u0131lay\u0131c\u0131 yoktur. Bah\u00e7eyi tek ba\u015f\u0131n\u0131za ke\u015ffedersiniz. \u00c7i\u00e7ekleri, a\u011fa\u00e7lar\u0131, ancak bir bah\u00e7eye has olabilecek kuytuluklar\u0131 g\u00f6r\u00fcrs\u00fcn\u00fcz. Evin i\u00e7inde gizlenebilecekler, bah\u00e7ede ayan beyand\u0131r. Haydar Erg\u00fclen, d\u00fcnyaya bah\u00e7e kap\u0131s\u0131ndan gelenlerden. \u201c\u015eiir bah\u00e7esi\u201d diyor Erg\u00fclen bu bah\u00e7eye, d\u00fcnyay\u0131 \u015fiir \u00fczerinden ke\u015ffediyor. \u015eiirin kuytuluklar\u0131nda ar\u0131yor d\u00fcnyan\u0131n gizemini, \u00e7\u00fcnk\u00fc \u015fiir bah\u00e7esi, en g\u00f6r\u00fcnmezlerini yaln\u0131zca g\u00f6rebilenler i\u00e7in sakl\u0131yor. Erg\u00fclen\u2019in yaz\u0131lar\u0131n\u0131 birbiri ard\u0131na okumak, bu \u015fiir bah\u00e7esinde soluksuz bir yolculuk yapmaya benziyor. <\/p>\n","protected":false},"excerpt":{"rendered":"<p>D\u00fcnyaya gelmenin pek \u00e7ok yolu vard\u0131r. \u00d6rne\u011fin \u00f6n kap\u0131dan gelirsiniz. Kap\u0131y\u0131 \u00e7alar ve ev sahibinin rehberli\u011fini beklersiniz. Kendi ke\u015fif yollar\u0131n\u0131z\u0131 kapat\u0131r ve ne ac\u0131 ki m\u00fcsaade<span class=\"excerpt-hellip\"> [\u2026]<\/span><\/p>\n","protected":false},"featured_media":0,"template":"","meta":{"_monsterinsights_skip_tracking":false,"_monsterinsights_sitenote_active":false,"_monsterinsights_sitenote_note":"","_monsterinsights_sitenote_category":0},"product_brand":[],"product_cat":[12777,12291],"product_tag":[],"class_list":{"0":"post-709413","1":"product","2":"type-product","3":"status-publish","5":"product_cat-deneme","6":"product_cat-edebiyat","7":"pa_cilt-ciltsiz","8":"pa_tur-kitap","9":"pa_yayinevi-kirmizi-kedi-yayinevi","10":"pa_yazar-haydar-ergulen","12":"first","13":"instock","14":"sale","15":"shipping-taxable","16":"purchasable","17":"product-type-simple"},"_links":{"self":[{"href":"https:\/\/roveyayinevi.com.tr\/index.php\/wp-json\/wp\/v2\/product\/709413","targetHints":{"allow":["GET"]}}],"collection":[{"href":"https:\/\/roveyayinevi.com.tr\/index.php\/wp-json\/wp\/v2\/product"}],"about":[{"href":"https:\/\/roveyayinevi.com.tr\/index.php\/wp-json\/wp\/v2\/types\/product"}],"wp:attachment":[{"href":"https:\/\/roveyayinevi.com.tr\/index.php\/wp-json\/wp\/v2\/media?parent=709413"}],"wp:term":[{"taxonomy":"product_brand","embeddable":true,"href":"https:\/\/roveyayinevi.com.tr\/index.php\/wp-json\/wp\/v2\/product_brand?post=709413"},{"taxonomy":"product_cat","embeddable":true,"href":"https:\/\/roveyayinevi.com.tr\/index.php\/wp-json\/wp\/v2\/product_cat?post=709413"},{"taxonomy":"product_tag","embeddable":true,"href":"https:\/\/roveyayinevi.com.tr\/index.php\/wp-json\/wp\/v2\/product_tag?post=709413"}],"curies":[{"name":"wp","href":"https:\/\/api.w.org\/{rel}","templated":true}]}}