{"id":709407,"date":"2025-08-27T16:24:36","date_gmt":"2025-08-27T13:24:36","guid":{"rendered":"https:\/\/roveyayinevi.com.tr\/index.php\/urun\/liberalizm-el-kitabi\/"},"modified":"2026-04-16T02:18:04","modified_gmt":"2026-04-15T23:18:04","slug":"liberalizm-el-kitabi","status":"publish","type":"product","link":"https:\/\/roveyayinevi.com.tr\/index.php\/urun\/liberalizm-el-kitabi\/","title":{"rendered":"Liberalizm El Kitab\u0131"},"content":{"rendered":"<p>Liberalizm El Kitab\u0131, liberalizm \u00fczerine \u00e7eviri ve telif makaleler- den olu\u015fan bir derlemedir. Bu eserde liberalizmin tarihini, fikr\u00ee k\u00f6klerini, felsef\u00ee ve teorik temellerini, savunulan de\u011fer ve ilkeleri, liberalizm t\u00fcrlerini ve nihayet bu t\u00fcrler aras\u0131nda y\u00fcr\u00fct\u00fclmekte olan tart\u0131\u015fmalar\u0131 bulabileceksiniz. Makaleler, d\u00f6rt grupta toplanm\u0131\u015ft\u0131r: Birinci grupta liberalizmi ta- n\u0131tan ve farkl\u0131 y\u00f6nleri ile ele alan yaz\u0131lar yer almaktad\u0131r. \u0130kinci gruptaki makaleler, liberalizmin teorik temelleri \u00fczerine yo- \u011funla\u015fmaktad\u0131r. Bu makalelerde liberal ilke ve de\u011ferlerin, felsef\u00ee ve teorik izleri takip edilmektedir. \u00dc\u00e7\u00fcnc\u00fc gruptaki makaleler, daha akademik ve sofistike olan tart\u0131\u015fmalar\u0131 i\u00e7ermektedir. Bu yaz\u0131lar, daha ziyade liberalizm i\u00e7in- deki farkl\u0131la\u015fmalar\u0131 ve i\u00e7 tart\u0131\u015fmalar\u0131 tan\u0131tmakta; farkl\u0131 ekollerin \u00fcst\u00fcnl\u00fck ve zay\u0131fl\u0131klar\u0131n\u0131 ele almaktad\u0131r. D\u00f6rd\u00fcnc\u00fc gruptaki makaleler ise kapsaml\u0131 ve siyas\u00ee liberalizm ayr\u0131\u015fmas\u0131 \u00fczerinden \u00e7o\u011fulculuk, farkl\u0131l\u0131k ve \u00e7e\u015fitlilik ba\u011flam\u0131nda tarafs\u0131zl\u0131k ilkesinin liberal bir devletteki kar\u015f\u0131l\u0131\u011f\u0131 \u00fczerine yak\u0131n d\u00f6- nemdeki hararetli tart\u0131\u015fmalardan olu\u015fmaktad\u0131r. Liberalizm El Kitab\u0131, liberalizmi \u00f6\u011frenme iste\u011fi ve ihtiyac\u0131 duyan okuyucular i\u00e7in akademik seviyeye g\u00f6re d\u00fczenlenmi\u015f etkili bir ba\u015flang\u0131\u00e7 kitab\u0131d\u0131r. \ufffcTan\u0131t\u0131m Metni<\/p>\n","protected":false},"excerpt":{"rendered":"<p>Liberalizm El Kitab\u0131, liberalizm \u00fczerine \u00e7eviri ve telif makaleler- den olu\u015fan bir derlemedir. Bu eserde liberalizmin tarihini, fikr\u00ee k\u00f6klerini, felsef\u00ee ve teorik temellerini, savunulan de\u011fer ve<span class=\"excerpt-hellip\"> [\u2026]<\/span><\/p>\n","protected":false},"featured_media":0,"template":"","meta":{"_monsterinsights_skip_tracking":false,"_monsterinsights_sitenote_active":false,"_monsterinsights_sitenote_note":"","_monsterinsights_sitenote_category":0},"product_brand":[],"product_cat":[13590,12337],"product_tag":[],"class_list":{"0":"post-709407","1":"product","2":"type-product","3":"status-publish","5":"product_cat-arastirma-inceleme-politika-siyaset","6":"product_cat-politika-siyaset","7":"pa_cilt-ciltsiz","8":"pa_tur-kitap","9":"pa_yayinevi-liberte-yayinlari","10":"pa_yazar-cennet-uslu","12":"first","13":"instock","14":"sale","15":"shipping-taxable","16":"purchasable","17":"product-type-simple"},"_links":{"self":[{"href":"https:\/\/roveyayinevi.com.tr\/index.php\/wp-json\/wp\/v2\/product\/709407","targetHints":{"allow":["GET"]}}],"collection":[{"href":"https:\/\/roveyayinevi.com.tr\/index.php\/wp-json\/wp\/v2\/product"}],"about":[{"href":"https:\/\/roveyayinevi.com.tr\/index.php\/wp-json\/wp\/v2\/types\/product"}],"wp:attachment":[{"href":"https:\/\/roveyayinevi.com.tr\/index.php\/wp-json\/wp\/v2\/media?parent=709407"}],"wp:term":[{"taxonomy":"product_brand","embeddable":true,"href":"https:\/\/roveyayinevi.com.tr\/index.php\/wp-json\/wp\/v2\/product_brand?post=709407"},{"taxonomy":"product_cat","embeddable":true,"href":"https:\/\/roveyayinevi.com.tr\/index.php\/wp-json\/wp\/v2\/product_cat?post=709407"},{"taxonomy":"product_tag","embeddable":true,"href":"https:\/\/roveyayinevi.com.tr\/index.php\/wp-json\/wp\/v2\/product_tag?post=709407"}],"curies":[{"name":"wp","href":"https:\/\/api.w.org\/{rel}","templated":true}]}}