{"id":709406,"date":"2025-08-27T16:24:36","date_gmt":"2025-08-27T13:24:36","guid":{"rendered":"https:\/\/roveyayinevi.com.tr\/index.php\/urun\/demokrat-parti-karsisinda-chp\/"},"modified":"2026-04-16T02:18:04","modified_gmt":"2026-04-15T23:18:04","slug":"demokrat-parti-karsisinda-chp","status":"publish","type":"product","link":"https:\/\/roveyayinevi.com.tr\/index.php\/urun\/demokrat-parti-karsisinda-chp\/","title":{"rendered":"Demokrat Parti Kar\u015f\u0131s\u0131nda CHP"},"content":{"rendered":"<p>T\u00fcrkiye, 1945\/46 d\u00f6nemecinde \u00e7ok \u00f6nemli bir de\u011fi\u015fiklik ya\u015fad\u0131. Yirmi y\u0131l\u0131 a\u015fk\u0131n zamand\u0131r s\u00fcregiden tek-parti d\u00f6nemi sona erdi. Demokrat Parti\u2019nin kurulmas\u0131 son derece \u00f6nemliydi. \u00d6nemliydi; \u00e7\u00fcnk\u00fc siy\u00e2sal alana s\u00e2dece yeni bir parti de\u011fil, yeni bir soluk da geliyordu. CHP sert siy\u00e2si tavr\u0131n\u0131 yumu\u015fatmak, halk ger\u00e7e\u011fiyle y\u00fczle\u015fmek, siy\u00e2sal rek\u00e2bet denilen kavramla tan\u0131\u015fmak zorunda kald\u0131.Prof. Dr. Cemil Ko\u00e7ak, bug\u00fcn h\u00e2l\u00e2 s\u00fcren demokrasi sorunlar\u0131n\u0131 anlayabilmek i\u00e7in bu def\u00e2 merce\u011fini 1945-60 y\u0131llar\u0131 aras\u0131na tutuyor. \u00d6nce \u2018demokrasiye ge\u00e7i\u015f&#8217; d\u00f6nemi olarak adland\u0131r\u0131lan 1945-1950 y\u0131llar\u0131n\u0131 ele al\u0131yor ve hemen ard\u0131ndan da Demokrat Parti iktid\u00e2r\u0131nda muhalefet partisi olan CHP\u2019nin tutumundan s\u00f6z ediyor; 1950 se\u00e7imi ve sonras\u0131nda CHP\u2019nin kendisini yeniden tan\u0131mlama ihtiy\u00e2c\u0131, politik tutumu ve analizleri \u00fczerine yo\u011funla\u015f\u0131yor. Ve b\u00fct\u00fcn bunlar\u0131 belirli bir b\u00fct\u00fcnsellik ve kronolojik s\u0131ralama i\u00e7inde yap\u0131yor. Se\u00e7im sonu\u00e7lar\u0131n\u0131 g\u00f6zden ge\u00e7irerek; CHP\u2019nin ve DP\u2019nin ald\u0131\u011f\u0131 se\u00e7men deste\u011finin \u00e7ok kez ezberlenmi\u015f \u2018do\u011frular\u2019dan farkl\u0131 oldu\u011funu somut olgular ve rakamlarla g\u00f6steriyor.D\u00f6nemin atmosferini hissettiren foto\u011fraflar, gazete kup\u00fcrleri, \u00e7izimler ve mektuplarla okuru \u00e2det\u00e2 zamanda yolculu\u011fa \u00e7\u0131kar\u0131yor Ve bir s\u00fcrpriz\u2026 Ko\u00e7ak\u2019\u0131n d\u00f6nemin panoramas\u0131 i\u00e7inde yer yer kendi h\u00e2t\u0131r\u00e2lar\u0131na de\u011finmesi metne bamba\u015fka bir lezzet kat\u0131yor. \u0130\u015fte baz\u0131 konu ba\u015fl\u0131klar\u0131:T\u00fcrk siy\u00e2sal hay\u00e2t\u0131n\u0131n unutulmu\u015f partileri ve \u015fa\u015f\u0131rt\u0131c\u0131 arg\u00fcmanlar\u0131\u20261946 ve \u201950 se\u00e7imlerindeki propaganda ara\u00e7lar\u0131, gazetelerin \u00fcstlendi\u011fi roller\u2026\u00dcnl\u00fc Ankara V\u00e2lisi Nevzat Tando\u011fan\u2019\u0131n 1946 y\u0131l\u0131ndaki intihar\u0131 ve rejim de\u011fi\u015fikli\u011finin bu trajik olaydaki etkisi\u202612 Temmuz Beyann\u00e2mesi ve \u0130n\u00f6n\u00fc ile Peker aras\u0131ndaki ili\u015fkilerin gerilmesi\u2026\u0130zmir\u2019in \u201cdo\u011fma b\u00fcy\u00fcme\u201d sosyal demokrat oldu\u011fu y\u00f6n\u00fcndeki \u015fehir efs\u00e2nesi ve DP\u2019nin ald\u0131\u011f\u0131 oy oranlar\u0131\u2026Fevzi \u00c7akmak\u2019\u0131n Menderes\u2019e muhalefeti ve Serteller\u2019le, y\u00e2ni d\u00f6nemin solcular\u0131yla yak\u0131nla\u015fmas\u0131\u2026T\u00fcrkiye\u2019de muhafazak\u00e2r d\u00fc\u015f\u00fcncenin ana kaynaklar\u0131ndan biri say\u0131lan Pey\u00e2mi Safa\u2019n\u0131n 1950 se\u00e7imlerinde CHP\u2019den aday olmas\u0131\u2026Yetmi\u015f y\u0131l \u00f6nce de se\u00e7im kazanman\u0131n bir miktar \u2018dindar\u2019olmaktan ya da en az\u0131ndan \u00f6yle bir izlenim vermekten ge\u00e7ti\u011finin d\u00fc\u015f\u00fcn\u00fclmesi ve CHP\u2019nin \u015eemsettin G\u00fcnaltay h\u00fck\u00fbmetini kurmas\u0131\u20266-7 Eyl\u00fcl Olaylar\u0131 ve Demokrat Parti\u2026 <\/p>\n","protected":false},"excerpt":{"rendered":"<p>T\u00fcrkiye, 1945\/46 d\u00f6nemecinde \u00e7ok \u00f6nemli bir de\u011fi\u015fiklik ya\u015fad\u0131. Yirmi y\u0131l\u0131 a\u015fk\u0131n zamand\u0131r s\u00fcregiden tek-parti d\u00f6nemi sona erdi. Demokrat Parti\u2019nin kurulmas\u0131 son derece \u00f6nemliydi. \u00d6nemliydi; \u00e7\u00fcnk\u00fc siy\u00e2sal<span class=\"excerpt-hellip\"> [\u2026]<\/span><\/p>\n","protected":false},"featured_media":0,"template":"","meta":{"_monsterinsights_skip_tracking":false,"_monsterinsights_sitenote_active":false,"_monsterinsights_sitenote_note":"","_monsterinsights_sitenote_category":0},"product_brand":[],"product_cat":[13590,12337],"product_tag":[],"class_list":{"0":"post-709406","1":"product","2":"type-product","3":"status-publish","5":"product_cat-arastirma-inceleme-politika-siyaset","6":"product_cat-politika-siyaset","7":"pa_cilt-ciltsiz","8":"pa_tur-kitap","9":"pa_yayinevi-timas-yayinlari","10":"pa_yazar-cemil-kocak","12":"first","13":"instock","14":"sale","15":"shipping-taxable","16":"purchasable","17":"product-type-simple"},"_links":{"self":[{"href":"https:\/\/roveyayinevi.com.tr\/index.php\/wp-json\/wp\/v2\/product\/709406","targetHints":{"allow":["GET"]}}],"collection":[{"href":"https:\/\/roveyayinevi.com.tr\/index.php\/wp-json\/wp\/v2\/product"}],"about":[{"href":"https:\/\/roveyayinevi.com.tr\/index.php\/wp-json\/wp\/v2\/types\/product"}],"wp:attachment":[{"href":"https:\/\/roveyayinevi.com.tr\/index.php\/wp-json\/wp\/v2\/media?parent=709406"}],"wp:term":[{"taxonomy":"product_brand","embeddable":true,"href":"https:\/\/roveyayinevi.com.tr\/index.php\/wp-json\/wp\/v2\/product_brand?post=709406"},{"taxonomy":"product_cat","embeddable":true,"href":"https:\/\/roveyayinevi.com.tr\/index.php\/wp-json\/wp\/v2\/product_cat?post=709406"},{"taxonomy":"product_tag","embeddable":true,"href":"https:\/\/roveyayinevi.com.tr\/index.php\/wp-json\/wp\/v2\/product_tag?post=709406"}],"curies":[{"name":"wp","href":"https:\/\/api.w.org\/{rel}","templated":true}]}}